{"id":635,"date":"2018-04-01T12:08:37","date_gmt":"2018-04-01T16:08:37","guid":{"rendered":"http:\/\/www.fpmislata.com\/wordpress\/?page_id=635"},"modified":"2022-01-18T07:22:05","modified_gmt":"2022-01-18T11:22:05","slug":"pruebas-libres-inscripcion","status":"publish","type":"page","link":"https:\/\/www.fpmislata.com\/wordpress\/secretaria\/pruebas-libres-inscripcion\/","title":{"rendered":"Pruebas libres. Inscripci\u00f3n."},"content":{"rendered":"<p><strong>PRUEBAS LIBRES. INSCRIPCI\u00d3N CURSO 2021\/22<\/strong><\/p>\n<p><strong>PLAZO DE INSCRIPCI\u00d3N.<\/strong><\/p>\n<ul>\n<li>Del 10 al 21 de enero de 2022<\/li>\n<li>Horario de Secretar\u00eda: De 10 a 13 (De lunes a viernes) Con <a href=\"https:\/\/www.fpmislata.com\/wordpress\/cita-previa\/\" target=\"_blank\" rel=\"noopener\">cita previa<\/a><\/li>\n<li>Martes y jueves de 16 a 18 Con <a href=\"https:\/\/www.fpmislata.com\/wordpress\/cita-previa\/\" target=\"_blank\" rel=\"noopener\">cita previa<\/a><\/li>\n<\/ul>\n<p><strong>CICLOS FORMATIVOS QUE MATRICULA EL CIPFP MISLATA.<\/strong><\/p>\n<ul>\n<li><a href=\"http:\/\/www.ceice.gva.es\/web\/formacion-profesional\/publicador-ciclos\/-\/asset_publisher\/FRACVC0hANWa\/content\/ciclo-formativo-agencias-de-viajes-y-gestion-de-eventos\" target=\"_blank\" rel=\"noopener noreferrer\">Cfgs Agencia de Viajes y Gesti\u00f3n de Eventos<\/a><\/li>\n<\/ul>\n<p><span style=\"text-align: justify;\">Los aspirantes podr\u00e1n inscribirse en los m\u00f3dulos profesionales que deseen de un solo ciclo formativo, <\/span><strong style=\"text-align: justify;\">debiendo relacionarlos<\/strong><span style=\"text-align: justify;\"> en el impreso de matriculaci\u00f3n.<\/span><\/p>\n<p style=\"text-align: justify;\">El impreso Hoja de Matriculaci\u00f3n y el impreso de la Tasa los encontrar\u00e1s en la p\u00e1gina web de este centro y tambi\u00e9n se podr\u00e1n recoger en la Secretar\u00eda del mismo.<\/p>\n<p><strong>Documentaci\u00f3n a presentar en el centro (Se requerir\u00e1n los documentos originales de los que se aporta fotocopia):<\/strong><\/p>\n<ul>\n<li><a href=\"http:\/\/www.gva.es\/downloads\/publicados\/IN\/18254_BI.pdf\" target=\"_blank\" rel=\"noopener noreferrer\">Solicitud de inscripci\u00f3n<\/a> cumplimentada y firmada por duplicado.<\/li>\n<li><strong>Sobre de matr\u00edcula<\/strong> (facilitado por el centro).<\/li>\n<li><strong>DNI<\/strong>, o tarjeta de identidad de extranjero, visado de estudios o pasaporte, EN VIGOR, con fotocopia sin recortar del mismo para ser confrontada.<\/li>\n<li><strong>Certificaci\u00f3n acad\u00e9mica oficial acreditativa<\/strong> o fotocopia compulsada del requisito acad\u00e9mico.<\/li>\n<li><a href=\"http:\/\/www.gva.es\/downloads\/publicados\/IN\/18902_BI.pdf\" target=\"_blank\" rel=\"noopener noreferrer\">Declaraci\u00f3n responsable<\/a> de no estar matriculado\/ada durante el curso 2021\/22 en las ense\u00f1anzas conducentes a un t\u00edtulo y, simult\u00e1neamente, en las pruebas que tienen como objeto la obtenci\u00f3n del mismo t\u00edtulo convocadas por esta o cualquer otra administraci\u00f3n educativa.<\/li>\n<li><strong>Tasa<\/strong> cumplimentada y pagada en una entidad bancaria (En el apartado D de la tasa se indican las entidades bancarias colaboradoras donde efectuar el pago). El importe de la tasa para Ciclos de Grado Medio es de <strong>22\u201972 \u20ac<\/strong> y para Ciclos de Grado Superior es de <strong>28\u201933 \u20ac<\/strong>.<\/li>\n<\/ul>\n<p>Si es familia numerosa general o el\/la alumno\/a tiene una discapacidad acreditada igual o superior al 33%, se ha de pagar s\u00f3lo el 50% del importe y si es familia numerosa especial, se estar\u00e1 exento de pagar la tasa.<\/p>\n<p><strong>Ser\u00e1 necesario aportar<\/strong> fotocopia sin recortar de la tarjeta o cartilla de familia numerosa <strong>en vigor<\/strong> o certificado de acreditaci\u00f3n de la discapacidad y <strong>APORTAR LOS ORIGINALES<\/strong> para poderlos compulsar.<\/p>\n<p><strong>Antes de pagar la tasa, el alumnado deber\u00e1 asegurarse de que cumple los requisitos para inscribirse en las pruebas.<\/strong><\/p>\n<p>Los candidatos que posean alguna <strong>diversidad funcional<\/strong> que les impida realizar las pruebas con los medios ordinarios, manifestar\u00e1n esta circunstancia en el momento de la inscripci\u00f3n y adjuntar\u00e1n a la solicitud la documentaci\u00f3n expedida por el organismo competente que lo acredite.<\/p>\n<p><strong>Modelos:<\/strong><\/p>\n<ul>\n<li><a href=\"http:\/\/www.gva.es\/downloads\/publicados\/IN\/18254_BI.pdf\" target=\"_blank\" rel=\"noopener noreferrer\">Solicitud de inscripci\u00f3n<\/a><\/li>\n<li><a href=\"http:\/\/www.gva.es\/downloads\/publicados\/IN\/18902_BI.pdf\" target=\"_blank\" rel=\"noopener noreferrer\">Declaraci\u00f3n responsable<\/a><\/li>\n<\/ul>\n<p><strong>Tasas:<\/strong><\/p>\n<ul>\n<li><a href=\"http:\/\/www.ceice.gva.es\/doc046\/gen\/es\/tasas.asp?idf=PRUEBAS\" target=\"_blank\" rel=\"noopener noreferrer\">Enlace a Tasas<\/a><\/li>\n<\/ul>\n<p>Utilizar Navegador Mozilla Firefox o Internet Explorer. Si no consigue imprimir el impreso correctamente, en la Secretar\u00eda le proporcionaremos un ejemplar.<\/p>\n<p>i. Selecciona \u201c<strong>Prueba para obtenci\u00f3n de t\u00edtulos de Grado Medio o Grado Superior de FP<\/strong>\u201d seg\u00fan corresponda.<\/p>\n<p>Si seleccionas familia numerosa o discapacidad: ser\u00e1 necesario aportar en la Secretar\u00eda del Centro, fotocopia sin recortar de la tarjeta o cartilla de familia numerosa en vigor o certificado de acreditaci\u00f3n de la discapacidad y APORTAR LOS ORIGINALES para poderlos cotejar.<\/p>\n<p><strong>Importante<\/strong>: el hecho de obtener un impreso y pagar una tasa no da por s\u00ed mismo derecho a ning\u00fan servicio, t\u00edtulos, etc., <strong>en caso de duda consulta en tu centro docente<\/strong>.<\/p>\n<p><strong>INSCRIPCI\u00d3N EN EL M\u00d3DULO DE FCT.<\/strong><\/p>\n<p>La inscripci\u00f3n del m\u00f3dulo de FCT y en su caso del m\u00f3dulo de proyecto podr\u00e1 realizarse a los \u00fanicos efectos de solicitar la exenci\u00f3n total del m\u00f3dulo de FCT. En este caso la matr\u00edcula del m\u00f3dulo de FCT quedar\u00e1 condicionada a la resoluci\u00f3n favorable de la misma.<\/p>\n<p>En caso de ser favorable, el alumno podr\u00e1, en su caso, presentar el proyecto y examinarse de dicho m\u00f3dulo en el mismo centro en el que haya realizado las pruebas en las condiciones que determine el centro educativo atendiendo a la normativa aplicable.<\/p>\n<p>En caso de ser denegada la exenci\u00f3n, el alumnado deber\u00e1 proceder a la matriculaci\u00f3n del m\u00f3dulo de FCT en r\u00e9gimen presencial en un centro de su elecci\u00f3n.<\/p>\n<p><strong>EXENCI\u00d3N DEL M\u00d3DULO DE FCT.<\/strong><\/p>\n<ul style=\"list-style-type: circle;\">\n<li>Se deber\u00e1 aportar la siguiente documentaci\u00f3n:<\/li>\n<li><a href=\"http:\/\/www.fpmislata.com\/wordpress\/wp-content\/uploads\/Exenci%C3%B3n-FCT-web-ok-1.pdf\" target=\"_blank\" rel=\"noopener noreferrer\">Ver documento<\/a><\/li>\n<\/ul>\n<p><strong>CONVALIDACIONES.<\/strong><\/p>\n<ul>\n<li>No podr\u00e1n solicitarse la convalidaci\u00f3n de m\u00f3dulos profesionales, en aplicaci\u00f3n del Real Decreto 1085\/2020, de 9 de diciembre<\/li>\n<\/ul>\n","protected":false},"excerpt":{"rendered":"<p>PRUEBAS LIBRES. INSCRIPCI\u00d3N CURSO 2021\/22 PLAZO DE INSCRIPCI\u00d3N. Del 10 al 21 de enero de 2022 Horario de Secretar\u00eda: De 10 a 13 (De lunes a viernes) Con cita previa Martes y jueves de 16 a 18 Con cita previa CICLOS FORMATIVOS QUE MATRICULA EL CIPFP MISLATA. Cfgs Agencia de Viajes y Gesti\u00f3n de Eventos&hellip;<\/p>\n","protected":false},"author":1,"featured_media":0,"parent":286,"menu_order":0,"comment_status":"closed","ping_status":"closed","template":"","meta":{"ngg_post_thumbnail":0},"_links":{"self":[{"href":"https:\/\/www.fpmislata.com\/wordpress\/wp-json\/wp\/v2\/pages\/635"}],"collection":[{"href":"https:\/\/www.fpmislata.com\/wordpress\/wp-json\/wp\/v2\/pages"}],"about":[{"href":"https:\/\/www.fpmislata.com\/wordpress\/wp-json\/wp\/v2\/types\/page"}],"author":[{"embeddable":true,"href":"https:\/\/www.fpmislata.com\/wordpress\/wp-json\/wp\/v2\/users\/1"}],"replies":[{"embeddable":true,"href":"https:\/\/www.fpmislata.com\/wordpress\/wp-json\/wp\/v2\/comments?post=635"}],"version-history":[{"count":4,"href":"https:\/\/www.fpmislata.com\/wordpress\/wp-json\/wp\/v2\/pages\/635\/revisions"}],"predecessor-version":[{"id":9401,"href":"https:\/\/www.fpmislata.com\/wordpress\/wp-json\/wp\/v2\/pages\/635\/revisions\/9401"}],"up":[{"embeddable":true,"href":"https:\/\/www.fpmislata.com\/wordpress\/wp-json\/wp\/v2\/pages\/286"}],"wp:attachment":[{"href":"https:\/\/www.fpmislata.com\/wordpress\/wp-json\/wp\/v2\/media?parent=635"}],"curies":[{"name":"wp","href":"https:\/\/api.w.org\/{rel}","templated":true}]}}