{"id":646,"date":"2018-04-01T12:29:38","date_gmt":"2018-04-01T16:29:38","guid":{"rendered":"http:\/\/www.fpmislata.com\/wordpress\/?page_id=646"},"modified":"2022-03-01T04:47:55","modified_gmt":"2022-03-01T08:47:55","slug":"646-2","status":"publish","type":"page","link":"https:\/\/www.fpmislata.com\/wordpress\/secretaria\/646-2\/","title":{"rendered":"Pruebas libres. Calendario de Ex\u00e1menes"},"content":{"rendered":"<div class=\"su-heading su-heading-style-default su-heading-align-center\" id=\"\" style=\"font-size:13px;margin-bottom:20px\"><div class=\"su-heading-inner\">CALENDARIO DE EX\u00c1MENES.<\/div><\/div>\n<ul>\n<li><strong>CFGS AGENCIA DE VIAJES Y GESTI\u00d3N DE EVENTOS<\/strong><\/li>\n<\/ul>\n<p><a href=\"https:\/\/www.fpmislata.com\/wordpress\/wp-content\/uploads\/Calendario-Pruebas-Libres-AVGE-2022-CIPFP-MISLATA.pdf\" target=\"_blank\" rel=\"noopener noreferrer\">CALENDARIO DE EX\u00c1MENES CFGS AGENCIA DE VIAJES Y GESTI\u00d3N DE EVENTOS<\/a><\/p>\n<ul>\n<li>Lugar de examen: CIPFP MISLATA-AULA 1A7<\/li>\n<li>Los alumnos\/as deber\u00e1n ir provistos del Documento Nacional de Identidad o Tarjeta de Identidad de Extranjero.<\/li>\n<\/ul>\n","protected":false},"excerpt":{"rendered":"<p>CFGS AGENCIA DE VIAJES Y GESTI\u00d3N DE EVENTOS CALENDARIO DE EX\u00c1MENES CFGS AGENCIA DE VIAJES Y GESTI\u00d3N DE EVENTOS Lugar de examen: CIPFP MISLATA-AULA 1A7 Los alumnos\/as deber\u00e1n ir provistos del Documento Nacional de Identidad o Tarjeta de Identidad de Extranjero.<\/p>\n","protected":false},"author":1,"featured_media":0,"parent":286,"menu_order":0,"comment_status":"closed","ping_status":"closed","template":"","meta":{"ngg_post_thumbnail":0},"_links":{"self":[{"href":"https:\/\/www.fpmislata.com\/wordpress\/wp-json\/wp\/v2\/pages\/646"}],"collection":[{"href":"https:\/\/www.fpmislata.com\/wordpress\/wp-json\/wp\/v2\/pages"}],"about":[{"href":"https:\/\/www.fpmislata.com\/wordpress\/wp-json\/wp\/v2\/types\/page"}],"author":[{"embeddable":true,"href":"https:\/\/www.fpmislata.com\/wordpress\/wp-json\/wp\/v2\/users\/1"}],"replies":[{"embeddable":true,"href":"https:\/\/www.fpmislata.com\/wordpress\/wp-json\/wp\/v2\/comments?post=646"}],"version-history":[{"count":2,"href":"https:\/\/www.fpmislata.com\/wordpress\/wp-json\/wp\/v2\/pages\/646\/revisions"}],"predecessor-version":[{"id":9512,"href":"https:\/\/www.fpmislata.com\/wordpress\/wp-json\/wp\/v2\/pages\/646\/revisions\/9512"}],"up":[{"embeddable":true,"href":"https:\/\/www.fpmislata.com\/wordpress\/wp-json\/wp\/v2\/pages\/286"}],"wp:attachment":[{"href":"https:\/\/www.fpmislata.com\/wordpress\/wp-json\/wp\/v2\/media?parent=646"}],"curies":[{"name":"wp","href":"https:\/\/api.w.org\/{rel}","templated":true}]}}