{"id":6468,"date":"2021-01-28T08:40:51","date_gmt":"2021-01-28T12:40:51","guid":{"rendered":"https:\/\/www.fpmislata.com\/wordpress\/?page_id=6468"},"modified":"2025-03-03T14:01:36","modified_gmt":"2025-03-03T18:01:36","slug":"proyectos-innovacion","status":"publish","type":"page","link":"https:\/\/www.fpmislata.com\/wordpress\/proyectos-innovacion\/","title":{"rendered":"PROYECTOS INNOVACI\u00d3N"},"content":{"rendered":"\n<p>En el CIPFP Mislata nos gusta estar a la vanguardia y tratamos de aplicar nuevas metodolog\u00edas en nuestras clases, desarrollar proyectos de innovaci\u00f3n para la mejora educativa.&nbsp;<\/p>\n<p>Queremos mostrar los m\u00e1s significativos.<\/p>\n<p>&nbsp;<\/p>\n\n\n\n<div class=\"wp-block-columns\">\n<div class=\"wp-block-column\">\n<figure class=\"wp-block-image size-large\"><a href=\"https:\/\/www.fpmislata.com\/wordpress\/ciclo-alto-rendimiento\/\"><img loading=\"lazy\" width=\"500\" height=\"500\" src=\"data:image\/gif;base64,R0lGODlhAQABAAAAACH5BAEKAAEALAAAAAABAAEAAAICTAEAOw==\" alt=\"\" class=\"wp-image-7283 lazyload\" sizes=\"(max-width: 500px) 100vw, 500px\" data-src=\"https:\/\/www.fpmislata.com\/wordpress\/wp-content\/uploads\/CAR-1.png\" data-srcset=\"https:\/\/www.fpmislata.com\/wordpress\/wp-content\/uploads\/CAR-1.png 500w, https:\/\/www.fpmislata.com\/wordpress\/wp-content\/uploads\/CAR-1-300x300.png 300w, https:\/\/www.fpmislata.com\/wordpress\/wp-content\/uploads\/CAR-1-150x150.png 150w\"><\/a><figcaption><a href=\"https:\/\/www.fpmislata.com\/wordpress\/ciclo-alto-rendimiento\/\">Nueva metodolog\u00eda de trabajo integrador y multidisciplinar<\/a><\/figcaption><\/figure>\n<\/div>\n\n\n\n<div class=\"wp-block-column\">\n<figure class=\"wp-block-image size-large\"><a href=\"https:\/\/www.fpmislata.com\/wordpress\/aula-del-futuro\/\"><img loading=\"lazy\" width=\"500\" height=\"500\" src=\"data:image\/gif;base64,R0lGODlhAQABAAAAACH5BAEKAAEALAAAAAABAAEAAAICTAEAOw==\" alt=\"\" class=\"wp-image-6497 lazyload\" sizes=\"(max-width: 500px) 100vw, 500px\" data-src=\"https:\/\/www.fpmislata.com\/wordpress\/wp-content\/uploads\/AULAFUTURO.jpg\" data-srcset=\"https:\/\/www.fpmislata.com\/wordpress\/wp-content\/uploads\/AULAFUTURO.jpg 500w, https:\/\/www.fpmislata.com\/wordpress\/wp-content\/uploads\/AULAFUTURO-300x300.jpg 300w, https:\/\/www.fpmislata.com\/wordpress\/wp-content\/uploads\/AULAFUTURO-150x150.jpg 150w\"><\/a><figcaption><a href=\"https:\/\/www.fpmislata.com\/wordpress\/aula-del-futuro\/\">Espacio flexible y reconfigurable.<\/a>  <\/figcaption><\/figure>\n<\/div>\n\n\n\n<div class=\"wp-block-column\">\n<figure class=\"wp-block-image size-large\"><a href=\"https:\/\/www.fpmislata.com\/wordpress\/aps-optica\"><img loading=\"lazy\" width=\"500\" height=\"500\" src=\"data:image\/gif;base64,R0lGODlhAQABAAAAACH5BAEKAAEALAAAAAABAAEAAAICTAEAOw==\" alt=\"\" class=\"wp-image-6502 lazyload\" sizes=\"(max-width: 500px) 100vw, 500px\" data-src=\"https:\/\/www.fpmislata.com\/wordpress\/wp-content\/uploads\/APS_OPTICA.jpg\" data-srcset=\"https:\/\/www.fpmislata.com\/wordpress\/wp-content\/uploads\/APS_OPTICA.jpg 500w, https:\/\/www.fpmislata.com\/wordpress\/wp-content\/uploads\/APS_OPTICA-300x300.jpg 300w, https:\/\/www.fpmislata.com\/wordpress\/wp-content\/uploads\/APS_OPTICA-150x150.jpg 150w\"><\/a><figcaption><a href=\"https:\/\/www.fpmislata.com\/wordpress\/aps-optica\">Aprendizaje Servicio. Montaje de Gafas<\/a><\/figcaption><\/figure>\n<\/div>\n<\/div>\n\n\n\n<div class=\"wp-block-columns\">\n<div class=\"wp-block-column\">\n<figure class=\"wp-block-image size-large\"><a href=\"https:\/\/www.fpmislata.com\/wordpress\/limite_zero\/\"><img loading=\"lazy\" width=\"500\" height=\"500\" src=\"data:image\/gif;base64,R0lGODlhAQABAAAAACH5BAEKAAEALAAAAAABAAEAAAICTAEAOw==\" alt=\"\" class=\"wp-image-7146 lazyload\" sizes=\"(max-width: 500px) 100vw, 500px\" data-src=\"https:\/\/www.fpmislata.com\/wordpress\/wp-content\/uploads\/ABP-AVGE-2.png\" data-srcset=\"https:\/\/www.fpmislata.com\/wordpress\/wp-content\/uploads\/ABP-AVGE-2.png 500w, https:\/\/www.fpmislata.com\/wordpress\/wp-content\/uploads\/ABP-AVGE-2-300x300.png 300w, https:\/\/www.fpmislata.com\/wordpress\/wp-content\/uploads\/ABP-AVGE-2-150x150.png 150w\"><\/a><figcaption><a href=\"https:\/\/www.fpmislata.com\/wordpress\/limite_zero\/\">Limite Zero Tours. ABP. Agencia de viajes<\/a><\/figcaption><\/figure>\n<\/div>\n\n\n\n<div class=\"wp-block-column\">\n<figure class=\"wp-block-image size-large\"><a href=\"https:\/\/www.fpmislata.com\/wordpress\/secot\/\"><img loading=\"lazy\" width=\"500\" height=\"500\" src=\"data:image\/gif;base64,R0lGODlhAQABAAAAACH5BAEKAAEALAAAAAABAAEAAAICTAEAOw==\" alt=\"\" class=\"wp-image-6511 lazyload\" sizes=\"(max-width: 500px) 100vw, 500px\" data-src=\"https:\/\/www.fpmislata.com\/wordpress\/wp-content\/uploads\/SECOT.jpg\" data-srcset=\"https:\/\/www.fpmislata.com\/wordpress\/wp-content\/uploads\/SECOT.jpg 500w, https:\/\/www.fpmislata.com\/wordpress\/wp-content\/uploads\/SECOT-300x300.jpg 300w, https:\/\/www.fpmislata.com\/wordpress\/wp-content\/uploads\/SECOT-150x150.jpg 150w\"><\/a><figcaption><a href=\"https:\/\/www.fpmislata.com\/wordpress\/secot\/\">Asociaci\u00f3n de Empresarios Senior<\/a><\/figcaption><\/figure>\n<\/div>\n\n\n\n<div class=\"wp-block-column\">\n<figure class=\"wp-block-image size-large\"><a href=\"https:\/\/www.fpmislata.com\/wordpress\/tienda-comercio-justo\/\"><img loading=\"lazy\" width=\"500\" height=\"500\" src=\"data:image\/gif;base64,R0lGODlhAQABAAAAACH5BAEKAAEALAAAAAABAAEAAAICTAEAOw==\" alt=\"\" class=\"wp-image-6504 lazyload\" sizes=\"(max-width: 500px) 100vw, 500px\" data-src=\"https:\/\/www.fpmislata.com\/wordpress\/wp-content\/uploads\/APS-COMERCIO.jpg\" data-srcset=\"https:\/\/www.fpmislata.com\/wordpress\/wp-content\/uploads\/APS-COMERCIO.jpg 500w, https:\/\/www.fpmislata.com\/wordpress\/wp-content\/uploads\/APS-COMERCIO-300x300.jpg 300w, https:\/\/www.fpmislata.com\/wordpress\/wp-content\/uploads\/APS-COMERCIO-150x150.jpg 150w\"><\/a><figcaption><a href=\"https:\/\/www.fpmislata.com\/wordpress\/tienda-comercio-justo\/\">Aprendizaje Servicio. Tienda Comercio Justo<\/a><\/figcaption><\/figure>\n<\/div>\n<\/div>\n\n\n\n<div class=\"wp-block-columns\">\n<div class=\"wp-block-column\">\n<figure class=\"wp-block-image size-large\"><a href=\"https:\/\/www.fpmislata.com\/wordpress\/metodologias-activas\/\"><img loading=\"lazy\" width=\"500\" height=\"500\" src=\"data:image\/gif;base64,R0lGODlhAQABAAAAACH5BAEKAAEALAAAAAABAAEAAAICTAEAOw==\" alt=\"\" class=\"wp-image-7212 lazyload\" sizes=\"(max-width: 500px) 100vw, 500px\" data-src=\"https:\/\/www.fpmislata.com\/wordpress\/wp-content\/uploads\/MET_ACTIVAS.png\" data-srcset=\"https:\/\/www.fpmislata.com\/wordpress\/wp-content\/uploads\/MET_ACTIVAS.png 500w, https:\/\/www.fpmislata.com\/wordpress\/wp-content\/uploads\/MET_ACTIVAS-300x300.png 300w, https:\/\/www.fpmislata.com\/wordpress\/wp-content\/uploads\/MET_ACTIVAS-150x150.png 150w\"><\/a><figcaption><a href=\"https:\/\/www.fpmislata.com\/wordpress\/metodologias-activas\/\">Metodolog\u00edas Activas. Interdisciplinar<\/a><\/figcaption><\/figure>\n<\/div>\n\n\n\n<div class=\"wp-block-column\">\n<figure class=\"wp-block-image size-large\"><a href=\"https:\/\/www.fpmislata.com\/wordpress\/proyecto-iot\/\"><img loading=\"lazy\" width=\"500\" height=\"500\" src=\"data:image\/gif;base64,R0lGODlhAQABAAAAACH5BAEKAAEALAAAAAABAAEAAAICTAEAOw==\" alt=\"\" class=\"wp-image-15128 lazyload\" sizes=\"(max-width: 500px) 100vw, 500px\" data-src=\"https:\/\/www.fpmislata.com\/wordpress\/wp-content\/uploads\/Proyecto_IOT.png\" data-srcset=\"https:\/\/www.fpmislata.com\/wordpress\/wp-content\/uploads\/Proyecto_IOT.png 500w, https:\/\/www.fpmislata.com\/wordpress\/wp-content\/uploads\/Proyecto_IOT-300x300.png 300w, https:\/\/www.fpmislata.com\/wordpress\/wp-content\/uploads\/Proyecto_IOT-150x150.png 150w\"><\/a><figcaption><a href=\"https:\/\/www.fpmislata.com\/wordpress\/proyecto-iot\/\">Proyecto IOT. Intercentros<\/a><\/figcaption><\/figure>\n<\/div>\n\n\n\n<div class=\"wp-block-column\">\n<figure class=\"wp-block-image size-large\"><a href=\"https:\/\/www.fpmislata.com\/wordpress\/proyecto-ciberskills-360\/\"><img loading=\"lazy\" width=\"500\" height=\"500\" src=\"data:image\/gif;base64,R0lGODlhAQABAAAAACH5BAEKAAEALAAAAAABAAEAAAICTAEAOw==\" alt=\"\" class=\"wp-image-15134 lazyload\" sizes=\"(max-width: 500px) 100vw, 500px\" data-src=\"https:\/\/www.fpmislata.com\/wordpress\/wp-content\/uploads\/Ciberskills.png\" data-srcset=\"https:\/\/www.fpmislata.com\/wordpress\/wp-content\/uploads\/Ciberskills.png 500w, https:\/\/www.fpmislata.com\/wordpress\/wp-content\/uploads\/Ciberskills-300x300.png 300w, https:\/\/www.fpmislata.com\/wordpress\/wp-content\/uploads\/Ciberskills-150x150.png 150w\"><\/a><figcaption><a href=\"https:\/\/www.fpmislata.com\/wordpress\/proyecto-ciberskills-360\/\">Proyecto CiberSkills 360<\/a><\/figcaption><\/figure>\n<\/div>\n<\/div>\n\n\n\n<div class=\"wp-block-columns\">\n<div class=\"wp-block-column\"><\/div>\n<\/div>\n","protected":false},"excerpt":{"rendered":"<p>En el CIPFP Mislata nos gusta estar a la vanguardia y tratamos de aplicar nuevas metodolog\u00edas en nuestras clases, desarrollar proyectos de innovaci\u00f3n para la mejora educativa.&nbsp; Queremos mostrar los m\u00e1s significativos. &nbsp;<\/p>\n","protected":false},"author":1,"featured_media":0,"parent":0,"menu_order":0,"comment_status":"closed","ping_status":"closed","template":"","meta":{"ngg_post_thumbnail":0},"_links":{"self":[{"href":"https:\/\/www.fpmislata.com\/wordpress\/wp-json\/wp\/v2\/pages\/6468"}],"collection":[{"href":"https:\/\/www.fpmislata.com\/wordpress\/wp-json\/wp\/v2\/pages"}],"about":[{"href":"https:\/\/www.fpmislata.com\/wordpress\/wp-json\/wp\/v2\/types\/page"}],"author":[{"embeddable":true,"href":"https:\/\/www.fpmislata.com\/wordpress\/wp-json\/wp\/v2\/users\/1"}],"replies":[{"embeddable":true,"href":"https:\/\/www.fpmislata.com\/wordpress\/wp-json\/wp\/v2\/comments?post=6468"}],"version-history":[{"count":11,"href":"https:\/\/www.fpmislata.com\/wordpress\/wp-json\/wp\/v2\/pages\/6468\/revisions"}],"predecessor-version":[{"id":15137,"href":"https:\/\/www.fpmislata.com\/wordpress\/wp-json\/wp\/v2\/pages\/6468\/revisions\/15137"}],"wp:attachment":[{"href":"https:\/\/www.fpmislata.com\/wordpress\/wp-json\/wp\/v2\/media?parent=6468"}],"curies":[{"name":"wp","href":"https:\/\/api.w.org\/{rel}","templated":true}]}}