{"id":6474,"date":"2021-01-28T08:50:13","date_gmt":"2021-01-28T12:50:13","guid":{"rendered":"https:\/\/www.fpmislata.com\/wordpress\/?page_id=6474"},"modified":"2022-05-12T13:57:31","modified_gmt":"2022-05-12T17:57:31","slug":"ciclo-alto-rendimiento","status":"publish","type":"page","link":"https:\/\/www.fpmislata.com\/wordpress\/ciclo-alto-rendimiento\/","title":{"rendered":"CICLO ALTO RENDIMIENTO"},"content":{"rendered":"\n<div class=\"wp-block-media-text alignwide is-stacked-on-mobile\"><figure class=\"wp-block-media-text__media\"><a href=\"https:\/\/www.fpmislata.com\/wordpress\/wp-content\/uploads\/CAR-Mapa-Conceptual-1-scaled.jpg\"><img loading=\"lazy\" width=\"800\" height=\"662\" src=\"data:image\/gif;base64,R0lGODlhAQABAAAAACH5BAEKAAEALAAAAAABAAEAAAICTAEAOw==\" alt=\"\" class=\"wp-image-6475 size-full lazyload\" sizes=\"(max-width: 800px) 100vw, 800px\" data-src=\"https:\/\/www.fpmislata.com\/wordpress\/wp-content\/uploads\/CAR-Mapa-Conceptual-1-800x662.jpg\" data-srcset=\"https:\/\/www.fpmislata.com\/wordpress\/wp-content\/uploads\/CAR-Mapa-Conceptual-1-800x662.jpg 800w, https:\/\/www.fpmislata.com\/wordpress\/wp-content\/uploads\/CAR-Mapa-Conceptual-1-300x248.jpg 300w, https:\/\/www.fpmislata.com\/wordpress\/wp-content\/uploads\/CAR-Mapa-Conceptual-1-768x635.jpg 768w, https:\/\/www.fpmislata.com\/wordpress\/wp-content\/uploads\/CAR-Mapa-Conceptual-1-1536x1270.jpg 1536w, https:\/\/www.fpmislata.com\/wordpress\/wp-content\/uploads\/CAR-Mapa-Conceptual-1-2048x1694.jpg 2048w\"><\/a><\/figure><div class=\"wp-block-media-text__content\">\n<p>En el <strong>C.F.G.S. de \u00abGu\u00eda, Informaci\u00f3n y Asistencia Tur\u00edstica\u00bb del CIPFP Mislata<\/strong> seguimos a la vanguardia en la metodolog\u00eda docente del siglo XXI. Avanzamos y nos adaptamos a la evoluci\u00f3n acad\u00e9mica a la par que lo hacen las herramientas TIC y que aportan destrezas adicionales en el aprendizaje continuo de nuestros estudiantes. <\/p>\n\n\n\n<p><\/p>\n<\/div><\/div>\n\n\n\n<p>Es por ello que en 2\u00ba curso aplicamos el que hemos denominado \u00abCiclo de Alto Rendimiento\u00bb, una metodolog\u00eda docente, que aunque es propia, est\u00e1 adaptada de los centros Teknika del Pa\u00eds Vasco y en el que los estudiantes tratan de conseguir los diversos retos que el equipo docente plantea a lo largo del curso acad\u00e9mico con la coordinaci\u00f3n de todos los m\u00f3dulos, con responsabilidad directa como DPT, SIT, PGAT o EIE o transversal como los idiomas, ingl\u00e9s y franc\u00e9s. <strong>Tratamos de conseguir que nuestro alumnado<\/strong> no se centre en la capacidad memor\u00edstica sino en <strong>adquirir las destrezas para desempe\u00f1ar su labor profesional en el futuro de la manera m\u00e1s eficiente.<\/strong><\/p>\n\n\n\n<p>Con el objetivo de seguir siendo centro de referencia de Formaci\u00f3n Profesional auton\u00f3mico y nacional, en el ciclo de GIAT, seguimos trabajando cada d\u00eda para ofrecer no s\u00f3lo todas las competencias de aprendizaje de nuestros futuros gu\u00edas tur\u00edsticos, sino tambi\u00e9n las destrezas necesarias para ser competitivos y eficientes dentro del mundo profesional tur\u00edstico con la empleo de todas las herramientas que hoy nos ofrecen las nuevas tecnolog\u00edas de informaci\u00f3n.<\/p>\n\n\n\n\n\n<div class=\"wp-block-file\"><a href=\"https:\/\/www.fpmislata.com\/wordpress\/wp-content\/uploads\/Symbaloo-Final-Equipos-2GIAT-CIPFP-Mislata-1.pdf\">Symbaloo Final Equipos 2GIAT CIPFP Mislata<\/a><a href=\"https:\/\/www.fpmislata.com\/wordpress\/wp-content\/uploads\/Symbaloo-Final-Equipos-2GIAT-CIPFP-Mislata-1.pdf\" class=\"wp-block-file__button\" download>Descarga<\/a><\/div>\n\n\n\n\n\n<!-- index.php -->\n<div\n\tclass=\"ngg-galleryoverview ngg-ajax-pagination-none\"\n\tid=\"ngg-gallery-67dd6968349b510777a7eafe9c907e50-1\">\n\n    \t<div class=\"slideshowlink\">\n        <a href='https:\/\/www.fpmislata.com\/wordpress\/ciclo-alto-rendimiento\/nggallery\/slideshow'>[Mostrar presentaci\u00f3n de diapositivas]<\/a>\n\t\t\n\t<\/div>\n\t\t\t<!-- Thumbnails -->\n\t\t\t\t<div id=\"ngg-image-0\" class=\"ngg-gallery-thumbnail-box\" >\n\t\t\t\t        <div class=\"ngg-gallery-thumbnail\">\n            <a href=\"https:\/\/www.fpmislata.com\/wordpress\/wp-content\/gallery\/car\/IMG_0797.jpg\"\n               title=\"\"\n               data-src=\"https:\/\/www.fpmislata.com\/wordpress\/wp-content\/gallery\/car\/IMG_0797.jpg\"\n               data-thumbnail=\"https:\/\/www.fpmislata.com\/wordpress\/wp-content\/gallery\/car\/thumbs\/thumbs_IMG_0797.jpg\"\n               data-image-id=\"408\"\n               data-title=\"IMG_0797\"\n               data-description=\"\"\n               data-image-slug=\"img_0797\"\n               class=\"ngg-fancybox\" rel=\"67dd6968349b510777a7eafe9c907e50\">\n                <img title=\"IMG_0797\" alt=\"IMG_0797\" src=\"data:image\/gif;base64,R0lGODlhAQABAAAAACH5BAEKAAEALAAAAAABAAEAAAICTAEAOw==\" width=\"240\" height=\"160\" style=\"max-width:100%;\" class=\"lazyload\" data-src=\"https:\/\/www.fpmislata.com\/wordpress\/wp-content\/gallery\/car\/thumbs\/thumbs_IMG_0797.jpg\">\n            <\/a>\n        <\/div>\n\t\t\t\t\t\t\t<\/div> \n\t\t\t\n        \n\t\t\t\t<div id=\"ngg-image-1\" class=\"ngg-gallery-thumbnail-box\" >\n\t\t\t\t        <div class=\"ngg-gallery-thumbnail\">\n            <a href=\"https:\/\/www.fpmislata.com\/wordpress\/wp-content\/gallery\/car\/IMG_0796.jpg\"\n               title=\"\"\n               data-src=\"https:\/\/www.fpmislata.com\/wordpress\/wp-content\/gallery\/car\/IMG_0796.jpg\"\n               data-thumbnail=\"https:\/\/www.fpmislata.com\/wordpress\/wp-content\/gallery\/car\/thumbs\/thumbs_IMG_0796.jpg\"\n               data-image-id=\"409\"\n               data-title=\"IMG_0796\"\n               data-description=\"\"\n               data-image-slug=\"img_0796\"\n               class=\"ngg-fancybox\" rel=\"67dd6968349b510777a7eafe9c907e50\">\n                <img title=\"IMG_0796\" alt=\"IMG_0796\" src=\"data:image\/gif;base64,R0lGODlhAQABAAAAACH5BAEKAAEALAAAAAABAAEAAAICTAEAOw==\" width=\"240\" height=\"160\" style=\"max-width:100%;\" class=\"lazyload\" data-src=\"https:\/\/www.fpmislata.com\/wordpress\/wp-content\/gallery\/car\/thumbs\/thumbs_IMG_0796.jpg\">\n            <\/a>\n        <\/div>\n\t\t\t\t\t\t\t<\/div> \n\t\t\t\n        \n\t\t\t\t<div id=\"ngg-image-2\" class=\"ngg-gallery-thumbnail-box\" >\n\t\t\t\t        <div class=\"ngg-gallery-thumbnail\">\n            <a href=\"https:\/\/www.fpmislata.com\/wordpress\/wp-content\/gallery\/car\/IMG_0795.jpg\"\n               title=\"\"\n               data-src=\"https:\/\/www.fpmislata.com\/wordpress\/wp-content\/gallery\/car\/IMG_0795.jpg\"\n               data-thumbnail=\"https:\/\/www.fpmislata.com\/wordpress\/wp-content\/gallery\/car\/thumbs\/thumbs_IMG_0795.jpg\"\n               data-image-id=\"410\"\n               data-title=\"IMG_0795\"\n               data-description=\"\"\n               data-image-slug=\"img_0795\"\n               class=\"ngg-fancybox\" rel=\"67dd6968349b510777a7eafe9c907e50\">\n                <img title=\"IMG_0795\" alt=\"IMG_0795\" src=\"data:image\/gif;base64,R0lGODlhAQABAAAAACH5BAEKAAEALAAAAAABAAEAAAICTAEAOw==\" width=\"240\" height=\"160\" style=\"max-width:100%;\" class=\"lazyload\" data-src=\"https:\/\/www.fpmislata.com\/wordpress\/wp-content\/gallery\/car\/thumbs\/thumbs_IMG_0795.jpg\">\n            <\/a>\n        <\/div>\n\t\t\t\t\t\t\t<\/div> \n\t\t\t\n        \n\t\t\t\t<div id=\"ngg-image-3\" class=\"ngg-gallery-thumbnail-box\" >\n\t\t\t\t        <div class=\"ngg-gallery-thumbnail\">\n            <a href=\"https:\/\/www.fpmislata.com\/wordpress\/wp-content\/gallery\/car\/IMG_0794.jpg\"\n               title=\"\"\n               data-src=\"https:\/\/www.fpmislata.com\/wordpress\/wp-content\/gallery\/car\/IMG_0794.jpg\"\n               data-thumbnail=\"https:\/\/www.fpmislata.com\/wordpress\/wp-content\/gallery\/car\/thumbs\/thumbs_IMG_0794.jpg\"\n               data-image-id=\"411\"\n               data-title=\"IMG_0794\"\n               data-description=\"\"\n               data-image-slug=\"img_0794\"\n               class=\"ngg-fancybox\" rel=\"67dd6968349b510777a7eafe9c907e50\">\n                <img title=\"IMG_0794\" alt=\"IMG_0794\" src=\"data:image\/gif;base64,R0lGODlhAQABAAAAACH5BAEKAAEALAAAAAABAAEAAAICTAEAOw==\" width=\"240\" height=\"160\" style=\"max-width:100%;\" class=\"lazyload\" data-src=\"https:\/\/www.fpmislata.com\/wordpress\/wp-content\/gallery\/car\/thumbs\/thumbs_IMG_0794.jpg\">\n            <\/a>\n        <\/div>\n\t\t\t\t\t\t\t<\/div> \n\t\t\t\n        \n\t\t\n\t\t<!-- Pagination -->\n\t<div class='ngg-clear'><\/div>\t<\/div>\n\n","protected":false},"excerpt":{"rendered":"<p>En el C.F.G.S. de \u00abGu\u00eda, Informaci\u00f3n y Asistencia Tur\u00edstica\u00bb del CIPFP Mislata seguimos a la vanguardia en la metodolog\u00eda docente del siglo XXI. Avanzamos y nos adaptamos a la evoluci\u00f3n acad\u00e9mica a la par que lo hacen las herramientas TIC y que aportan destrezas adicionales en el aprendizaje continuo de nuestros estudiantes. Es por ello&hellip;<\/p>\n","protected":false},"author":1,"featured_media":0,"parent":0,"menu_order":0,"comment_status":"closed","ping_status":"closed","template":"","meta":{"ngg_post_thumbnail":0},"_links":{"self":[{"href":"https:\/\/www.fpmislata.com\/wordpress\/wp-json\/wp\/v2\/pages\/6474"}],"collection":[{"href":"https:\/\/www.fpmislata.com\/wordpress\/wp-json\/wp\/v2\/pages"}],"about":[{"href":"https:\/\/www.fpmislata.com\/wordpress\/wp-json\/wp\/v2\/types\/page"}],"author":[{"embeddable":true,"href":"https:\/\/www.fpmislata.com\/wordpress\/wp-json\/wp\/v2\/users\/1"}],"replies":[{"embeddable":true,"href":"https:\/\/www.fpmislata.com\/wordpress\/wp-json\/wp\/v2\/comments?post=6474"}],"version-history":[{"count":2,"href":"https:\/\/www.fpmislata.com\/wordpress\/wp-json\/wp\/v2\/pages\/6474\/revisions"}],"predecessor-version":[{"id":10037,"href":"https:\/\/www.fpmislata.com\/wordpress\/wp-json\/wp\/v2\/pages\/6474\/revisions\/10037"}],"wp:attachment":[{"href":"https:\/\/www.fpmislata.com\/wordpress\/wp-json\/wp\/v2\/media?parent=6474"}],"curies":[{"name":"wp","href":"https:\/\/api.w.org\/{rel}","templated":true}]}}