{"id":6546,"date":"2021-02-08T15:43:31","date_gmt":"2021-02-08T19:43:31","guid":{"rendered":"https:\/\/www.fpmislata.com\/wordpress\/?page_id=6546"},"modified":"2024-10-07T10:06:13","modified_gmt":"2024-10-07T14:06:13","slug":"secot","status":"publish","type":"page","link":"https:\/\/www.fpmislata.com\/wordpress\/secot\/","title":{"rendered":"SECOT"},"content":{"rendered":"\n<div class=\"wp-block-media-text alignwide is-stacked-on-mobile\"><figure class=\"wp-block-media-text__media\"><img loading=\"lazy\" width=\"506\" height=\"143\" src=\"data:image\/gif;base64,R0lGODlhAQABAAAAACH5BAEKAAEALAAAAAABAAEAAAICTAEAOw==\" alt=\"\" class=\"wp-image-6228 size-full lazyload\" sizes=\"(max-width: 506px) 100vw, 506px\" data-src=\"https:\/\/www.fpmislata.com\/wordpress\/wp-content\/uploads\/logo-secot.png\" data-srcset=\"https:\/\/www.fpmislata.com\/wordpress\/wp-content\/uploads\/logo-secot.png 506w, https:\/\/www.fpmislata.com\/wordpress\/wp-content\/uploads\/logo-secot-300x85.png 300w\"><\/figure><div class=\"wp-block-media-text__content\">\n<p>En el CIPFP Mislata apostamos por el emprendimiento y  ofrecemos a nuestro alumnado o exalumnado la posibilidad de que sus ideas de negocio se hagan realidad. Es por ello que participamos en los Premios de  emprendedurismo \u201c FEM FUTUR\u201d, promovidos por SECOT Valencia.<\/p>\n<\/div><\/div>\n\n\n\n<p>Durante el concurso los alumnos\/as reciben formaci\u00f3n especializada y asesoramiento individualizado, para convertir su idea inicial en un proyecto final que sea viable econ\u00f3mica, t\u00e9cnica y financieramente, as\u00ed como para darle un car\u00e1cter original e innovador a la misma.<br data-rich-text-line-break=\"true\">Nos gustar\u00eda seguir creciendo en esta l\u00ednea de trabajo y tener en un futuro pr\u00f3ximo nuestro propio espacio de coworking.<\/p>\n<p>En nuestro centro contamos con grupos premiados&nbsp;<\/p>\n<ul>\n<li>Curso 23\/24 1 er premio Padel IA Analitycs, grupo 2 DAW.<\/li>\n<li>Curso 22\/23. Premio al mejor proyecto original o disruptivo Food For Future, grupo 2 MYP.<\/li>\n<li>Curso 21\/22. 1 er premio Volem, grupo 2 SGAT.<\/li>\n<li>2do Premio. Curso 20\/21. &nbsp;L\u00edmite Zero, Grupo 2 GIAT<\/li>\n<li>3er Premio. Curso 20\/21. Celitour, Grupo 2 AVGE<\/li>\n<li>2do Premio. Curso 19\/20. C-Works Rooms, Grupo de&nbsp; 2 AVGE.&nbsp;<\/li>\n<li>1er Premio. Curso 17\/18. Biolambda, Grupo de 2 LDCB&nbsp;<\/li>\n<\/ul>\n<p>&nbsp;<\/p>\n\n\n\n<figure class=\"wp-block-image size-large is-resized\"><img loading=\"lazy\" src=\"data:image\/gif;base64,R0lGODlhAQABAAAAACH5BAEKAAEALAAAAAABAAEAAAICTAEAOw==\" alt=\"\" class=\"wp-image-6550 lazyload\" width=\"800\" height=\"535\" sizes=\"(max-width: 800px) 100vw, 800px\" data-src=\"https:\/\/www.fpmislata.com\/wordpress\/wp-content\/uploads\/FOTO-VI-800x535.jpg\" data-srcset=\"https:\/\/www.fpmislata.com\/wordpress\/wp-content\/uploads\/FOTO-VI-800x535.jpg 800w, https:\/\/www.fpmislata.com\/wordpress\/wp-content\/uploads\/FOTO-VI-300x201.jpg 300w, https:\/\/www.fpmislata.com\/wordpress\/wp-content\/uploads\/FOTO-VI-768x513.jpg 768w, https:\/\/www.fpmislata.com\/wordpress\/wp-content\/uploads\/FOTO-VI-1536x1027.jpg 1536w, https:\/\/www.fpmislata.com\/wordpress\/wp-content\/uploads\/FOTO-VI-2048x1369.jpg 2048w\"><figcaption>Nuestros alumnos de 2LCB recogiendo el premio de SECOT<\/figcaption><\/figure>\n\n\n\n<figure class=\"wp-block-image size-large\"><img loading=\"lazy\" width=\"800\" height=\"600\" src=\"data:image\/gif;base64,R0lGODlhAQABAAAAACH5BAEKAAEALAAAAAABAAEAAAICTAEAOw==\" alt=\"\" class=\"wp-image-14648 lazyload\" sizes=\"(max-width: 800px) 100vw, 800px\" data-src=\"https:\/\/www.fpmislata.com\/wordpress\/wp-content\/uploads\/premiados-800x600.jpg\" data-srcset=\"https:\/\/www.fpmislata.com\/wordpress\/wp-content\/uploads\/premiados-800x600.jpg 800w, https:\/\/www.fpmislata.com\/wordpress\/wp-content\/uploads\/premiados-300x225.jpg 300w, https:\/\/www.fpmislata.com\/wordpress\/wp-content\/uploads\/premiados-768x576.jpg 768w, https:\/\/www.fpmislata.com\/wordpress\/wp-content\/uploads\/premiados-1536x1152.jpg 1536w, https:\/\/www.fpmislata.com\/wordpress\/wp-content\/uploads\/premiados.jpg 1600w\"><figcaption>Nuestros alumnos de 2DAW recogiendo el premio de SECOT<\/figcaption><\/figure>\n","protected":false},"excerpt":{"rendered":"<p>En el CIPFP Mislata apostamos por el emprendimiento y ofrecemos a nuestro alumnado o exalumnado la posibilidad de que sus ideas de negocio se hagan realidad. Es por ello que participamos en los Premios de emprendedurismo \u201c FEM FUTUR\u201d, promovidos por SECOT Valencia. Durante el concurso los alumnos\/as reciben formaci\u00f3n especializada y asesoramiento individualizado, para&hellip;<\/p>\n","protected":false},"author":1,"featured_media":0,"parent":0,"menu_order":0,"comment_status":"closed","ping_status":"closed","template":"","meta":{"ngg_post_thumbnail":0},"_links":{"self":[{"href":"https:\/\/www.fpmislata.com\/wordpress\/wp-json\/wp\/v2\/pages\/6546"}],"collection":[{"href":"https:\/\/www.fpmislata.com\/wordpress\/wp-json\/wp\/v2\/pages"}],"about":[{"href":"https:\/\/www.fpmislata.com\/wordpress\/wp-json\/wp\/v2\/types\/page"}],"author":[{"embeddable":true,"href":"https:\/\/www.fpmislata.com\/wordpress\/wp-json\/wp\/v2\/users\/1"}],"replies":[{"embeddable":true,"href":"https:\/\/www.fpmislata.com\/wordpress\/wp-json\/wp\/v2\/comments?post=6546"}],"version-history":[{"count":4,"href":"https:\/\/www.fpmislata.com\/wordpress\/wp-json\/wp\/v2\/pages\/6546\/revisions"}],"predecessor-version":[{"id":14649,"href":"https:\/\/www.fpmislata.com\/wordpress\/wp-json\/wp\/v2\/pages\/6546\/revisions\/14649"}],"wp:attachment":[{"href":"https:\/\/www.fpmislata.com\/wordpress\/wp-json\/wp\/v2\/media?parent=6546"}],"curies":[{"name":"wp","href":"https:\/\/api.w.org\/{rel}","templated":true}]}}