{"id":660,"date":"2018-04-01T13:07:43","date_gmt":"2018-04-01T17:07:43","guid":{"rendered":"http:\/\/www.fpmislata.com\/wordpress\/?page_id=660"},"modified":"2026-05-08T12:51:57","modified_gmt":"2026-05-08T16:51:57","slug":"pruebas-de-acceso-a-la-universidad-informacion-previa","status":"publish","type":"page","link":"https:\/\/www.fpmislata.com\/wordpress\/secretaria\/pruebas\/pruebas-de-acceso-a-la-universidad-informacion-previa\/","title":{"rendered":"Pruebas de Acceso a la Universidad (PAU) |  Alumnado de Ciclos Formativos"},"content":{"rendered":"\t\t<div data-elementor-type=\"wp-page\" data-elementor-id=\"660\" class=\"elementor elementor-660\" data-elementor-settings=\"[]\">\n\t\t\t\t\t\t<div class=\"elementor-inner\">\n\t\t\t\t\t\t\t<div class=\"elementor-section-wrap\">\n\t\t\t\t\t\t\t<section class=\"elementor-section elementor-top-section elementor-element elementor-element-e58971a elementor-section-boxed elementor-section-height-default elementor-section-height-default\" data-id=\"e58971a\" data-element_type=\"section\">\n\t\t\t\t\t\t<div class=\"elementor-container elementor-column-gap-default\">\n\t\t\t\t\t\t\t<div class=\"elementor-row\">\n\t\t\t\t\t<div class=\"elementor-column elementor-col-100 elementor-top-column elementor-element elementor-element-5904c31a\" data-id=\"5904c31a\" data-element_type=\"column\">\n\t\t\t<div class=\"elementor-column-wrap elementor-element-populated\">\n\t\t\t\t\t\t\t<div class=\"elementor-widget-wrap\">\n\t\t\t\t\t\t<div class=\"elementor-element elementor-element-1b673a07 elementor-widget elementor-widget-text-editor\" data-id=\"1b673a07\" data-element_type=\"widget\" data-widget_type=\"text-editor.default\">\n\t\t\t\t<div class=\"elementor-widget-container\">\n\t\t\t\t\t\t\t\t<div class=\"elementor-text-editor elementor-clearfix\">\n\t\t\t\t\t<h3 data-start=\"278\" data-end=\"305\"><span style=\"font-family: 'arial black', sans-serif; color: #000000;\">\u00bfQu\u00e9 es la PAU para FP?<\/span><\/h3>\n<p data-start=\"307\" data-end=\"583\"><span style=\"color: #000000;\">Los estudiantes de ciclos formativos de grado superior pueden acceder a la universidad con la nota media del ciclo (de 5 a 10). Si desean mejorarla, pueden presentarse a la fase espec\u00edfica (voluntaria), eligiendo de 1 a 4 asignaturas que ponderan seg\u00fan el grado universitario.<\/span><\/p>\n<p data-start=\"585\" data-end=\"676\"><span style=\"color: #000000;\">-Solo cuentan las dos mejores calificaciones.<\/span><br data-start=\"963\" data-end=\"966\"><span style=\"color: #000000;\">-La nota m\u00e1xima puede alcanzar los 14 puntos.<\/span><\/p>\n<hr data-start=\"678\" data-end=\"681\">\n<h3 data-start=\"683\" data-end=\"724\"><span style=\"font-family: 'arial black', sans-serif; color: #000000;\">\u00bfC\u00f3mo se calcula la nota de admisi\u00f3n?<\/span><\/h3>\n<p data-start=\"726\" data-end=\"787\"><span style=\"color: #000000;\"><strong data-start=\"726\" data-end=\"738\">F\u00f3rmula:<\/strong><\/span><br data-start=\"738\" data-end=\"741\"><span style=\"color: #000000;\">Nota de admisi\u00f3n = NMC + (M1 \u00d7 p1) + (M2 \u00d7 p2)<\/span><\/p>\n<ul>\n<li data-start=\"791\" data-end=\"833\"><span style=\"color: #000000;\"><strong data-start=\"791\" data-end=\"798\">NMC<\/strong> = Nota media del ciclo formativo<\/span><\/li>\n<li data-start=\"836\" data-end=\"887\"><span style=\"color: #000000;\"><strong data-start=\"836\" data-end=\"847\">M1 y M2<\/strong> = Mejores notas de la fase espec\u00edfica<\/span><\/li>\n<li data-start=\"890\" data-end=\"951\"><span style=\"color: #000000;\"><strong data-start=\"890\" data-end=\"901\">p1 y p2<\/strong> = Ponderaciones (0,1 o 0,2 seg\u00fan grado y materia)<\/span><\/li>\n<\/ul>\n<p data-start=\"953\" data-end=\"1002\"><a href=\"https:\/\/universitats.gva.es\/documents\/389338055\/389340606\/PONDERACIONES+2026_2+-+cas.pdf\/7fa55214-827d-765b-69b3-ad9938504edf\" target=\"_blank\" rel=\"noopener\" data-start=\"953\" data-end=\"1002\">Consulta aqu\u00ed las ponderaciones actualizadas (2026)<\/a><\/p>\n<hr data-start=\"1004\" data-end=\"1007\">\n<h3 data-start=\"1009\" data-end=\"1035\"><span style=\"font-family: 'arial black', sans-serif;\">Convocatorias PAU 2026<\/span><\/h3>\n<h4 data-start=\"1037\" data-end=\"1064\"><strong style=\"font-family: arial, helvetica, sans-serif;\"><span style=\"color: #000080;\">ConVocatoria ORDINARIA<\/span><\/strong><\/h4>\n<ul>\n<li><span style=\"color: #000000; font-family: helvetica, arial, sans-serif;\">\ud83d\uddd3\ufe0f Fechas: <strong>2, 3 y 4 de junio de 2026<\/strong> (en caso de solapamiento de ex\u00e1menes en horario, podr\u00eda haber alg\u00fan examen el viernes d\u00eda 5 de junio).<\/span><\/li>\n<li><span style=\"color: #000000; font-family: helvetica, arial, sans-serif;\">\ud83d\udd8b\ufe0f&nbsp;Inscripci\u00f3n: <strong>del 18 al 22 de mayo<\/strong> (hasta las 14:00 h).<\/span><\/li>\n<li><span style=\"font-family: helvetica, arial, sans-serif;\"><a href=\"https:\/\/www.fpmislata.com\/wordpress\/wp-content\/uploads\/Modelo-Solicitud-pau-convocatoria-ordinaria-2026.pdf\" target=\"_blank\" rel=\"noopener\" data-start=\"1164\" data-end=\"1218\">Descargar modelo de inscripci\u00f3n \u2013 Ordinaria (PDF)<\/a><\/span><\/li>\n<li><span style=\"color: #000000; font-family: helvetica, arial, sans-serif;\">\ud83d\udccd Lugar: <span style=\"color: #ff00ff;\">(por confirmar)<\/span><\/span><\/li>\n<li><span style=\"color: #000000; font-family: helvetica, arial, sans-serif;\">\ud83d\udccb Resultados: <strong>12 de junio<\/strong> a partir de las 13:00 h<\/span><\/li>\n<li><span style=\"color: #000000; font-family: helvetica, arial, sans-serif;\">\ud83d\udd01 Revisiones: <strong>15, 16 y 17<\/strong> de junio (hasta las 14:00 h)<\/span><br data-start=\"1405\" data-end=\"1408\"><span style=\"font-family: helvetica, arial, sans-serif;\"><a href=\"https:\/\/appweb.edu.gva.es\/paseu\/\" target=\"_new\" rel=\"noopener\" data-start=\"1408\" data-end=\"1478\">Acceso a PASEU \u2013 consulta de notas<\/a><\/span><\/li>\n<\/ul>\n<h4 data-start=\"1037\" data-end=\"1064\"><strong><span style=\"font-family: arial, helvetica, sans-serif; color: #000080;\">Convocatoria&nbsp; EXTRAORDINARIA<\/span><\/strong><\/h4>\n<ul>\n<li data-start=\"1516\" data-end=\"1551\"><span style=\"color: #000000; font-family: helvetica, arial, sans-serif;\">\ud83d\uddd3\ufe0f Fechas: <strong>30 junio, 1 y 2 de julio de 2026<\/strong> (en caso de solapamiento de ex\u00e1menes en horario, podr\u00eda haber alg\u00fan examen el viernes d\u00eda 3 de julio)<\/span><\/li>\n<li data-start=\"1516\" data-end=\"1551\"><span style=\"font-family: helvetica, arial, sans-serif;\"><span style=\"color: #000000;\"> \ud83d\udd8b\ufe0f <\/span><span style=\"color: #000000;\">Inscripci\u00f3n: <strong>del 15 al 18 de junio<\/strong> (hasta las 14:00 h).<\/span><\/span><\/li>\n<li data-start=\"1554\" data-end=\"1610\"><span style=\"font-family: helvetica, arial, sans-serif;\"><a href=\"https:\/\/www.fpmislata.com\/wordpress\/wp-content\/uploads\/Modelo-Solicitud-pau-convocatoria-extraordinaria-2025-1.pdf\">&nbsp;<\/a><a href=\"https:\/\/www.fpmislata.com\/wordpress\/wp-content\/uploads\/Modelo-Solicitud-pau-convocatoria-extraordinaria-2026.pdf\" target=\"_blank\" rel=\"noopener\">Descargar modelo de inscripci\u00f3n \u2013 Extraordinaria (PDF)<\/a><\/span><\/li>\n<li data-start=\"1613\" data-end=\"1689\"><span style=\"font-family: helvetica, arial, sans-serif;\"><span style=\"color: #000000;\"><span style=\"color: #000000; font-family: helvetica, arial, sans-serif;\">\ud83d\udccd <\/span>Lugar: <\/span><span style=\"color: #ff00ff;\">(por confirmar)<\/span><\/span><\/li>\n<li data-start=\"1692\" data-end=\"1740\"><span style=\"color: #000000; font-family: helvetica, arial, sans-serif;\"> \ud83d\udccb Resultados: <strong>7 de julio<\/strong> a partir de las 17:00 h<\/span><\/li>\n<li data-start=\"1743\" data-end=\"1794\"><span style=\"color: #000000; font-family: helvetica, arial, sans-serif;\"> \ud83d\udd01 Revisiones: <strong>8, 9 y 10 de julio<\/strong> (hasta las 14:00 h)<\/span><\/li>\n<li><span style=\"font-family: helvetica, arial, sans-serif;\"><a href=\"https:\/\/appweb.edu.gva.es\/paseu\/\" target=\"_new\" rel=\"noopener\" data-start=\"1408\" data-end=\"1478\">Acceso a PASEU \u2013 consulta de notas<\/a><\/span><\/li>\n<\/ul>\n<hr data-start=\"2102\" data-end=\"2105\">\n<h3 data-start=\"2107\" data-end=\"2144\"><span style=\"font-family: 'arial black', sans-serif; color: #000000; font-size: 12pt;\">Documentaci\u00f3n para la inscripci\u00f3n<\/span><\/h3>\n<p data-start=\"2146\" data-end=\"2239\"><span style=\"color: #000000;\">\ud83d\udce9Enviar un \u00fanico correo a <\/span><strong data-start=\"2171\" data-end=\"2192\"><a href=\"mailto:46019660.secretaria@edu.gva.es\" target=\"_blank\" rel=\"noopener\" data-start=\"2173\" data-end=\"2190\">46019660.secretaria@edu.gva.es<\/a><\/strong><\/p>\n<p data-start=\"2146\" data-end=\"2239\"><span style=\"color: #000000;\"><strong data-start=\"2195\" data-end=\"2217\">Asunto del correo:<\/strong> PAU Apellidos, Nombre<\/span><\/p>\n<p data-start=\"2241\" data-end=\"2267\"><span style=\"color: #000000;\"><strong data-start=\"2241\" data-end=\"2267\">Documentos requeridos:<\/strong><\/span><\/p>\n<ol>\n<li data-start=\"2272\" data-end=\"2317\"><span style=\"color: #000000;\">Modelo de inscripci\u00f3n (firmado y escaneado)<\/span><\/li>\n<li data-start=\"2321\" data-end=\"2354\"><span style=\"color: #000000;\">Justificante del abono de tasas<\/span><\/li>\n<li data-start=\"2358\" data-end=\"2373\"><span style=\"color: #000000;\">Copia del DNI<\/span><\/li>\n<li data-start=\"2377\" data-end=\"2459\"><span style=\"color: #000000;\">Justificante que acredite la situaci\u00f3n de bonificaci\u00f3n o exenci\u00f3n (si corresponde)<\/span><\/li>\n<\/ol>\n<p data-start=\"2461\" data-end=\"2491\"><span style=\"color: #000000;\"><strong data-start=\"2461\" data-end=\"2491\">Cuenta para transferencia:<\/strong><\/span><\/p>\n<ul>\n<li data-start=\"2495\" data-end=\"2532\"><span style=\"color: #000000;\">IBAN: ES76-3058-2015-8927-2030-2910<\/span><\/li>\n<li data-start=\"2535\" data-end=\"2588\"><span style=\"color: #000000;\">Entidad: Cajamar (Avda. Blasco Ib\u00e1\u00f1ez, 8 &#8211; Mislata)<\/span><\/li>\n<li data-start=\"2591\" data-end=\"2614\"><span style=\"color: #000000;\">Titular: CIPFP Mislata<\/span><\/li>\n<\/ul>\n<p data-start=\"2616\" data-end=\"2637\"><span style=\"color: #000000;\"><strong data-start=\"2616\" data-end=\"2637\">Importe de tasas:<\/strong><\/span><\/p>\n<ul>\n<li><span style=\"color: #000000;\">Tasa Ordinaria: <strong>78,20 \u20ac&nbsp;<\/strong><\/span><\/li>\n<li><span style=\"color: #000000;\">Bonificaci\u00f3n del 50%: <strong>39,10\u20ac<\/strong><\/span>\n<ul>\n<li><span style=\"color: #000000;\">Familia Numerosa Categor\u00eda General<\/span><\/li>\n<li><span style=\"color: #000000;\">Familia Monoparental Categor\u00eda General<\/span><\/li>\n<\/ul>\n<\/li>\n<li><span style=\"color: #000000;\"><strong>Exentos<\/strong>:<\/span>\n<ul>\n<li><span style=\"color: #000000;\">Familia Monoparental Categor\u00eda Especial<\/span><\/li>\n<li><span style=\"color: #000000;\">Familia Numerosa Categor\u00eda Especial<\/span><\/li>\n<li><span style=\"color: #000000;\">Discapacidad igual o superior al 33%&nbsp;<\/span><\/li>\n<li><span style=\"color: #000000;\">Victima de violencia de g\u00e9nero<\/span><\/li>\n<li><span style=\"color: #000000;\">V\u00edctima del terrorismo<\/span><\/li>\n<li><span style=\"color: #000000;\">Estudiantes en situaci\u00f3n de exclusi\u00f3n social<\/span><\/li>\n<li><span style=\"color: #000000;\">Estudiantes bajo tutela del sistema de protecci\u00f3n de menores o judicial<\/span><\/li>\n<\/ul>\n<\/li>\n<\/ul>\n<hr data-start=\"2778\" data-end=\"2781\">\n<h3 data-start=\"2783\" data-end=\"2805\"><span style=\"font-family: 'arial black', sans-serif; color: #000080;\">Enlaces de inter\u00e9s<\/span><\/h3>\n<ul data-start=\"2807\" data-end=\"3183\">\n<li data-start=\"2807\" data-end=\"2935\">\n<p data-start=\"2809\" data-end=\"2935\"><a href=\"https:\/\/universitats.gva.es\/es\/prova-acces-universitat-pau\" target=\"_blank\" rel=\"noopener\" data-start=\"2809\" data-end=\"2933\">Universidades. Prueba de acceso a la universidad \u2013 Conselleria<\/a><\/p>\n<\/li>\n<\/ul>\t\t\t\t\t<\/div>\n\t\t\t\t\t\t<\/div>\n\t\t\t\t<\/div>\n\t\t\t\t\t\t<\/div>\n\t\t\t\t\t<\/div>\n\t\t<\/div>\n\t\t\t\t\t\t\t\t<\/div>\n\t\t\t\t\t<\/div>\n\t\t<\/section>\n\t\t\t\t\t\t<\/div>\n\t\t\t\t\t\t<\/div>\n\t\t\t\t\t<\/div>\n\t\t","protected":false},"excerpt":{"rendered":"<p>\u00bfQu\u00e9 es la PAU para FP? Los estudiantes de ciclos formativos de grado superior pueden acceder a la universidad con la nota media del ciclo (de 5 a 10). Si desean mejorarla, pueden presentarse a la fase espec\u00edfica (voluntaria), eligiendo de 1 a 4 asignaturas que ponderan seg\u00fan el grado universitario. Solo cuentan las dos&hellip;<\/p>\n","protected":false},"author":1,"featured_media":7949,"parent":549,"menu_order":4,"comment_status":"closed","ping_status":"closed","template":"","meta":{"ngg_post_thumbnail":0},"_links":{"self":[{"href":"https:\/\/www.fpmislata.com\/wordpress\/wp-json\/wp\/v2\/pages\/660"}],"collection":[{"href":"https:\/\/www.fpmislata.com\/wordpress\/wp-json\/wp\/v2\/pages"}],"about":[{"href":"https:\/\/www.fpmislata.com\/wordpress\/wp-json\/wp\/v2\/types\/page"}],"author":[{"embeddable":true,"href":"https:\/\/www.fpmislata.com\/wordpress\/wp-json\/wp\/v2\/users\/1"}],"replies":[{"embeddable":true,"href":"https:\/\/www.fpmislata.com\/wordpress\/wp-json\/wp\/v2\/comments?post=660"}],"version-history":[{"count":92,"href":"https:\/\/www.fpmislata.com\/wordpress\/wp-json\/wp\/v2\/pages\/660\/revisions"}],"predecessor-version":[{"id":17931,"href":"https:\/\/www.fpmislata.com\/wordpress\/wp-json\/wp\/v2\/pages\/660\/revisions\/17931"}],"up":[{"embeddable":true,"href":"https:\/\/www.fpmislata.com\/wordpress\/wp-json\/wp\/v2\/pages\/549"}],"wp:featuredmedia":[{"embeddable":true,"href":"https:\/\/www.fpmislata.com\/wordpress\/wp-json\/wp\/v2\/media\/7949"}],"wp:attachment":[{"href":"https:\/\/www.fpmislata.com\/wordpress\/wp-json\/wp\/v2\/media?parent=660"}],"curies":[{"name":"wp","href":"https:\/\/api.w.org\/{rel}","templated":true}]}}