{"id":6679,"date":"2021-02-23T08:31:05","date_gmt":"2021-02-23T12:31:05","guid":{"rendered":"https:\/\/www.fpmislata.com\/wordpress\/?page_id=6679"},"modified":"2022-05-05T05:12:39","modified_gmt":"2022-05-05T09:12:39","slug":"cursos-de-especializacion","status":"publish","type":"page","link":"https:\/\/www.fpmislata.com\/wordpress\/cursos-de-especializacion\/","title":{"rendered":"Cursos de especializaci\u00f3n"},"content":{"rendered":"<p>A\u00f1adimos a nuestra oferta formativa los siguientes <strong>cursos de Especializaci\u00f3n<\/strong>, tambi\u00e9n conocidos como <em>M\u00e1ster para titulados en ciclos formativos superiores de FP.<\/em><\/p>\n<p>Si quieres conocer con m\u00e1s profundidad <em><strong>qu\u00e9 es un Master\/Curso de Especializaci\u00f3n<\/strong><\/em> pincha <a href=\"https:\/\/www.fpmislata.com\/wordpress\/que-es-un-master-curso-de-especializacion-fp\/\" target=\"_blank\" rel=\"noopener\">aqu\u00ed<\/a><\/p>\n<p>&nbsp;<\/p>\n\n\n<div class=\"wp-block-columns\">\n<div class=\"wp-block-column\">\n<figure class=\"wp-block-image size-large\"><a href=\"https:\/\/www.fpmislata.com\/wordpress\/ciberseguridad\/\" target=\"_blank\" rel=\"noopener noreferrer\"><img loading=\"lazy\" width=\"500\" height=\"500\" src=\"data:image\/gif;base64,R0lGODlhAQABAAAAACH5BAEKAAEALAAAAAABAAEAAAICTAEAOw==\" alt=\"\" class=\"wp-image-7134 lazyload\" sizes=\"(max-width: 500px) 100vw, 500px\" data-src=\"https:\/\/www.fpmislata.com\/wordpress\/wp-content\/uploads\/CETI-video.png\" data-srcset=\"https:\/\/www.fpmislata.com\/wordpress\/wp-content\/uploads\/CETI-video.png 500w, https:\/\/www.fpmislata.com\/wordpress\/wp-content\/uploads\/CETI-video-300x300.png 300w, https:\/\/www.fpmislata.com\/wordpress\/wp-content\/uploads\/CETI-video-150x150.png 150w\"><\/a><\/figure>\n<\/div>\n\n\n\n<div class=\"wp-block-column\">\n<figure class=\"wp-block-image size-large\"><a href=\"https:\/\/www.fpmislata.com\/wordpress\/inteligencia-artificial-y-big-data-2\/\"><img loading=\"lazy\" width=\"500\" height=\"500\" src=\"data:image\/gif;base64,R0lGODlhAQABAAAAACH5BAEKAAEALAAAAAABAAEAAAICTAEAOw==\" alt=\"\" class=\"wp-image-7222 lazyload\" sizes=\"(max-width: 500px) 100vw, 500px\" data-src=\"https:\/\/www.fpmislata.com\/wordpress\/wp-content\/uploads\/IA-video.png\" data-srcset=\"https:\/\/www.fpmislata.com\/wordpress\/wp-content\/uploads\/IA-video.png 500w, https:\/\/www.fpmislata.com\/wordpress\/wp-content\/uploads\/IA-video-300x300.png 300w, https:\/\/www.fpmislata.com\/wordpress\/wp-content\/uploads\/IA-video-150x150.png 150w\"><\/a><\/figure>\n<\/div>\n<\/div>\n","protected":false},"excerpt":{"rendered":"<p>A\u00f1adimos a nuestra oferta formativa los siguientes cursos de Especializaci\u00f3n, tambi\u00e9n conocidos como M\u00e1ster para titulados en ciclos formativos superiores de FP. Si quieres conocer con m\u00e1s profundidad qu\u00e9 es un Master\/Curso de Especializaci\u00f3n pincha aqu\u00ed &nbsp;<\/p>\n","protected":false},"author":3,"featured_media":7783,"parent":0,"menu_order":0,"comment_status":"closed","ping_status":"closed","template":"","meta":{"ngg_post_thumbnail":0},"_links":{"self":[{"href":"https:\/\/www.fpmislata.com\/wordpress\/wp-json\/wp\/v2\/pages\/6679"}],"collection":[{"href":"https:\/\/www.fpmislata.com\/wordpress\/wp-json\/wp\/v2\/pages"}],"about":[{"href":"https:\/\/www.fpmislata.com\/wordpress\/wp-json\/wp\/v2\/types\/page"}],"author":[{"embeddable":true,"href":"https:\/\/www.fpmislata.com\/wordpress\/wp-json\/wp\/v2\/users\/3"}],"replies":[{"embeddable":true,"href":"https:\/\/www.fpmislata.com\/wordpress\/wp-json\/wp\/v2\/comments?post=6679"}],"version-history":[{"count":4,"href":"https:\/\/www.fpmislata.com\/wordpress\/wp-json\/wp\/v2\/pages\/6679\/revisions"}],"predecessor-version":[{"id":9895,"href":"https:\/\/www.fpmislata.com\/wordpress\/wp-json\/wp\/v2\/pages\/6679\/revisions\/9895"}],"wp:featuredmedia":[{"embeddable":true,"href":"https:\/\/www.fpmislata.com\/wordpress\/wp-json\/wp\/v2\/media\/7783"}],"wp:attachment":[{"href":"https:\/\/www.fpmislata.com\/wordpress\/wp-json\/wp\/v2\/media?parent=6679"}],"curies":[{"name":"wp","href":"https:\/\/api.w.org\/{rel}","templated":true}]}}