{"id":68,"date":"2018-03-05T14:26:39","date_gmt":"2018-03-05T14:26:39","guid":{"rendered":"http:\/\/www.fpmislata.com\/wordpress\/?page_id=68"},"modified":"2023-01-10T08:09:01","modified_gmt":"2023-01-10T12:09:01","slug":"sanidad","status":"publish","type":"page","link":"https:\/\/www.fpmislata.com\/wordpress\/departamentos\/sanidad\/","title":{"rendered":"Departamento de Sanidad"},"content":{"rendered":"<p>&nbsp;<\/p>\n<div class=\"su-button-center\"><a href=\"https:\/\/www.fpmislata.com\/wordpress\/formacion\/ciclos-formativos-sanidad-fp-cae-scae\/\" class=\"su-button su-button-style-default\" style=\"color:#ffffff;background-color:#2D89EF;border-color:#246ec0;border-radius:34px;-moz-border-radius:34px;-webkit-border-radius:34px\" target=\"_self\"><span style=\"color:#ffffff;padding:0px 18px;font-size:14px;line-height:28px;border-color:#6cadf4;border-radius:34px;-moz-border-radius:34px;-webkit-border-radius:34px;text-shadow:none;-moz-text-shadow:none;-webkit-text-shadow:none\"> ENLACE A CICLOS FORMATIVOS DE SANIDAD<\/span><\/a><\/div>\n<p>&nbsp;<\/p>\n<hr>\n<p>En nuestro Centro impartimos dos <a href=\"http:\/\/www.fpmislata.com\/wordpress\/formacion\/ciclos-formativos-sanidad-fp-cae-scae\/\">ciclos formativos de la familia de Sanidad<\/a>:<\/p>\n<p><a href=\"http:\/\/www.fpmislata.com\/wordpress\/formacion\/ciclos-formativos-sanidad-fp-cae-scae\/\"><img loading=\"lazy\" class=\"wp-image-1162 alignleft lazyload\" src=\"data:image\/gif;base64,R0lGODlhAQABAAAAACH5BAEKAAEALAAAAAABAAEAAAICTAEAOw==\" alt=\"\" width=\"195\" height=\"130\" sizes=\"(max-width: 195px) 100vw, 195px\" data-src=\"http:\/\/www.fpmislata.com\/wordpress\/wp-content\/uploads\/fam_sanidad.jpg\" data-srcset=\"https:\/\/www.fpmislata.com\/wordpress\/wp-content\/uploads\/fam_sanidad.jpg 720w, https:\/\/www.fpmislata.com\/wordpress\/wp-content\/uploads\/fam_sanidad-300x200.jpg 300w\"><\/a><\/p>\n<ul>\n<li>De Grado medio: Cuidados Auxiliares de Enfermer\u00eda (En turno de ma\u00f1ana, tarde o semipresencial).<\/li>\n<li>De Grado Superior: Laboratorio Cl\u00ednico y Biom\u00e9dico (En turno de ma\u00f1ana o tarde).<\/li>\n<\/ul>\n<p>&nbsp;<\/p>\n<p>&nbsp;<\/p>\n<p style=\"text-align: justify;\">Somos un equipo de profesores y profesoras, especializados en estos dos campos profesionales y que intentamos ayudar a los alumnos durante su periodo de formaci\u00f3n para que consigan insertarse en el mundo laboral con una formaci\u00f3n de calidad.<\/p>\n<p style=\"text-align: justify;\">Disponemos de un <span style=\"color: #ff0000;\">campus virtual<\/span>, a trav\u00e9s del cual, el alumno puede descargar materiales que el profesor ha publicado, realizar en este campus la entrega de trabajos o comunicarse con los profesores o compa\u00f1eros.<\/p>\n<p style=\"text-align: justify;\">En el \u00e1mbito de <span style=\"color: #ff0000;\">inserci\u00f3n laboral<\/span>, colaboramos con un gran n\u00famero de empresas tanto de la sanidad p\u00fablica como privada, hospitales, centros de salud, consultas de odont\u00f3logos, laboratorios de grandes hospitales de la ciudad y extrahospitalarios as\u00ed como importantes entidades dedicadas a la investigaci\u00f3n, con las cuales mantenemos convenios de colaboraci\u00f3n que nos permiten, por un lado, ofrecer a los alumnos unas actividades formativas actualizadas a los requisitos del entorno empresarial y, a su vez, que puedan realizar unas pr\u00e1cticas formativas de calidad en esas propias empresas colaboradoras.<\/p>\n<p style=\"text-align: justify;\">Cualquier informaci\u00f3n que necesit\u00e9is sobre los estudios de esta familia estamos a vuestra disposici\u00f3n, bien personalmente, acudiendo al Departamento o bien por correo electr\u00f3nico a la direcci\u00f3n: <a href=\"mailto:sanitat@fpmislata.com\"><span style=\"color: #0000ff;\"><strong>sanitat@fpmislata.com<\/strong><\/span><\/a><\/p>\n<p>&nbsp;<\/p>\n<span class=\"su-highlight\" style=\"background:#ddff99;color:#000000\">&nbsp;EX\u00c1MENES LIBRES DE CAE&nbsp;<\/span>\n<p style=\"text-align: justify;\">Para obtener informaci\u00f3n sobre los <span style=\"color: #ff0000;\">ex\u00e1menes libres<\/span> para la obtenci\u00f3n del t\u00edtulo de CAE <a href=\"http:\/\/www.fpmislata.com\/wordpress\/wp-content\/uploads\/Sanidad_CAE_Normas_libres.pdf\" target=\"_blank\" rel=\"noopener\">pincha aqu\u00ed<\/a><\/p>\n<p>&nbsp;<\/p>\n<p style=\"text-align: justify;\">Con los mejores deseos, os esperamos. Profesorado del departamento de Sanidad<\/p>\n<p>&nbsp;<\/p>\n<div class=\"su-heading su-heading-style-default su-heading-align-center\" id=\"\" style=\"font-size:13px;margin-bottom:20px\"><div class=\"su-heading-inner\">&nbsp;<strong>Colaboradores:<\/strong><\/div><\/div>\n<p>En este documento encontrar\u00e1s las principales empresas y entidades que colaboran con el departamento de Sanidad del CIPFP Mislata para la realizaci\u00f3n de las FCT (Formaci\u00f3n en centros de trabajo).<\/p>\n<ul>\n<li>Empresas y entidades colaboradoras<\/li>\n<\/ul>\n<div class=\"su-heading su-heading-style-default su-heading-align-center\" id=\"\" style=\"font-size:13px;margin-bottom:20px\"><div class=\"su-heading-inner\">\n<p><strong>Extraescolares:<\/div><\/div><\/strong><\/p>\n<p>Asistencia a Cursos:<\/p>\n<ul>\n<li>Curso de manipulador de alimentos.<\/li>\n<li>Curso Aula de Salud de la Universidad de Granada en Moj\u00e1car (Almer\u00eda).<\/li>\n<li>Curso sobre Primeros Auxilios Impartido por la Cruz Roja.<\/li>\n<li>Curso de prevenci\u00f3n de Accidentes y educaci\u00f3n vial.<\/li>\n<li>Cursillos conferencias y talleres de inter\u00e9s impartidos por el <a href=\"http:\/\/www.eves.san.gva.es\/\" target=\"_blank\" rel=\"noopener\">EVES<\/a><\/li>\n<li>Charlas de educaci\u00f3n sexual. Impartidas por expertos del centro de Salud P\u00fablica.<\/li>\n<\/ul>\n<p>Visitas:<\/p>\n<ul>\n<li>Visita al centro de transfusi\u00f3n de la Comunidad Valenciana (C.T.C.V.).<\/li>\n<li>Visita al Instituto de investigaciones Pr\u00edncipe Felipe.<\/li>\n<li>Visita a Centros de Salud y especialidades.<\/li>\n<li>Visita al Instituto de Agroqu\u00edmica y Tecnolog\u00eda de Alimentos.<\/li>\n<li>ATA del Consejo Superior de Investigaciones Cient\u00edficas de Espa\u00f1a.<\/li>\n<li>Visita a los laboratorios del Instituto Agroalimentario Valencia AINIA.<\/li>\n<li>Visita exposici\u00f3n \u201cBodis\u201d en Barcelona.<\/li>\n<li>Visita a la Ciudad de las Ciencias.<\/li>\n<li>Visita a la Colecci\u00f3n Espa\u00f1ola de Cultivos Microbiol\u00f3gicos tipo.<\/li>\n<li>Visita a Empresa de investigaci\u00f3n Biopolis.<\/li>\n<li>Visita a un Hospital:\n<ul>\n<li>Servicio de Medicina Preventiva.<\/li>\n<li>\u00c1rea de consultas externas.<\/li>\n<li>Servicio de Farmacia.<\/li>\n<li>Servicio de Admisi\u00f3n y Documentaci\u00f3n sanitaria.<\/li>\n<li>Laboratorio de An\u00e1lisis Cl\u00ednicos.<\/li>\n<li>Servicio de pediatr\u00eda.<\/li>\n<\/ul>\n<\/li>\n<li>Visita al plat\u00f3 de canal 9 para asistir a la grabaci\u00f3n del programa \u201c una hora de salud\u201d.<\/li>\n<li>Instituto de Historia de la Ciencia y Documentaci\u00f3n \u00abL\u00f3pez Pi\u00f1ero\u00bb.<\/li>\n<li>Visita al MUVIM.<\/li>\n<li>Visita al Bot\u00e1nico.<\/li>\n<li>Visita al Museo de Historia de Valencia (Manises).<\/li>\n<li>Visita al Museo del arroz.<\/li>\n<li>Visita al Museo Gonz\u00e1lez Mart\u00ed.<\/li>\n<li>Asistencia a obra de teatro \u201cLa mar\u201d.<\/li>\n<li>Asistencia a proyecci\u00f3n y forum de la pel\u00edcula \u201calas de la vida\u201d.<\/li>\n<li>Jornadas de donaci\u00f3n de sangre.<\/li>\n<\/ul>\n","protected":false},"excerpt":{"rendered":"<p>&nbsp; &nbsp; En nuestro Centro impartimos dos ciclos formativos de la familia de Sanidad: De Grado medio: Cuidados Auxiliares de Enfermer\u00eda (En turno de ma\u00f1ana, tarde o semipresencial). De Grado Superior: Laboratorio Cl\u00ednico y Biom\u00e9dico (En turno de ma\u00f1ana o tarde). &nbsp; &nbsp; Somos un equipo de profesores y profesoras, especializados en estos dos campos&hellip;<\/p>\n","protected":false},"author":1,"featured_media":1856,"parent":61,"menu_order":1,"comment_status":"closed","ping_status":"closed","template":"","meta":{"ngg_post_thumbnail":0},"_links":{"self":[{"href":"https:\/\/www.fpmislata.com\/wordpress\/wp-json\/wp\/v2\/pages\/68"}],"collection":[{"href":"https:\/\/www.fpmislata.com\/wordpress\/wp-json\/wp\/v2\/pages"}],"about":[{"href":"https:\/\/www.fpmislata.com\/wordpress\/wp-json\/wp\/v2\/types\/page"}],"author":[{"embeddable":true,"href":"https:\/\/www.fpmislata.com\/wordpress\/wp-json\/wp\/v2\/users\/1"}],"replies":[{"embeddable":true,"href":"https:\/\/www.fpmislata.com\/wordpress\/wp-json\/wp\/v2\/comments?post=68"}],"version-history":[{"count":3,"href":"https:\/\/www.fpmislata.com\/wordpress\/wp-json\/wp\/v2\/pages\/68\/revisions"}],"predecessor-version":[{"id":11133,"href":"https:\/\/www.fpmislata.com\/wordpress\/wp-json\/wp\/v2\/pages\/68\/revisions\/11133"}],"up":[{"embeddable":true,"href":"https:\/\/www.fpmislata.com\/wordpress\/wp-json\/wp\/v2\/pages\/61"}],"wp:featuredmedia":[{"embeddable":true,"href":"https:\/\/www.fpmislata.com\/wordpress\/wp-json\/wp\/v2\/media\/1856"}],"wp:attachment":[{"href":"https:\/\/www.fpmislata.com\/wordpress\/wp-json\/wp\/v2\/media?parent=68"}],"curies":[{"name":"wp","href":"https:\/\/api.w.org\/{rel}","templated":true}]}}