{"id":6800,"date":"2021-03-07T15:05:43","date_gmt":"2021-03-07T19:05:43","guid":{"rendered":"https:\/\/www.fpmislata.com\/wordpress\/?page_id=6800"},"modified":"2022-05-19T07:45:24","modified_gmt":"2022-05-19T11:45:24","slug":"puertas-abiertas-superior","status":"publish","type":"page","link":"https:\/\/www.fpmislata.com\/wordpress\/puertas-abiertas-superior\/","title":{"rendered":"Puertas abiertas Superior"},"content":{"rendered":"\n<p class=\"has-text-align-center has-vivid-cyan-blue-color has-text-color\" style=\"font-size:22px\"> <strong>\u00a1\u00a1Bienvenid@ a las Jornadas de PUERTAS ABIERTAS online de nuestros ciclos de grado Superior !!<\/strong><\/p>\n\n\n\n<div style=\"height:25px\" aria-hidden=\"true\" class=\"wp-block-spacer\"><\/div>\n\n\n\n<p>Estamos encantados de compartir este <strong>evento en l\u00ednea<\/strong> donde poder acercaros la Formaci\u00f3n Profesional y nuestra <strong>oferta formativa de ciclos de grado SUPERIOR<\/strong>.&nbsp;Sabemos que cuando est\u00e1is a punto de terminar Bachillerato es muy probable que teng\u00e1is ciertas dudas acerca de qu\u00e9 estudiar.&nbsp; En este espacio os ayudaremos a resolverlas.<\/p>\n\n\n\n<p><strong><em>\u00bfCu\u00e1ndo se realizan las Jornadas?&nbsp;<\/em><\/strong><\/p>\n\n\n\n<p>Las Jornadas estar\u00e1n accesibles durante todo el curso a trav\u00e9s de esta p\u00e1gina.&nbsp;<\/p>\n\n\n\n<p><strong><em>\u00bf En qu\u00e9 consisten estas Jornadas?<\/em><\/strong><\/p>\n\n\n\n<p>Se trata de unos <span style=\"text-decoration: underline\" class=\"underline\">videos muy din\u00e1micos<\/span><strong> <\/strong>con informaci\u00f3n general de la Formaci\u00f3n Profesional, de nuestro centro educativo y adem\u00e1s, de todos nuestros ciclos formativos de Grado Superior.&nbsp;<\/p>\n\n\n\n<p>Al final de cada v\u00eddeo encontrar\u00e1s un <span style=\"text-decoration: underline\" class=\"underline\">email de contacto<\/span> con el departamento correspondiente para poder resolver cualquier cuesti\u00f3n que te pueda surgir. An\u00edmate a escribirnos y no te quedes con la duda!!&nbsp;<\/p>\n\n\n\n<p class=\"has-text-align-right\"><img loading=\"lazy\" width=\"28\" height=\"28\" src=\"data:image\/gif;base64,R0lGODlhAQABAAAAACH5BAEKAAEALAAAAAABAAEAAAICTAEAOw==\" class=\"lazyload\" data-src=\"https:\/\/lh4.googleusercontent.com\/UbKywkkwqH229BV02qUw23lU0zkZ52M52LJzjMvOnkgIWl3jkEsuTqMOgZengAwzxEb4KJGNn9NV3llhov9P63XnUsRczBEqy3bYz8XtnQfJ4i1r9n8fxUYWpXMn45D-FAoePdFp\"> <em style=\"\">Elige tu itinerario y visualiza los videos que te interesan todas las veces que&nbsp; desees<b> <\/b>y <\/em><em>comp\u00e1rtelos !!&nbsp; <\/em><img loading=\"lazy\" width=\"20\" height=\"20\" src=\"data:image\/gif;base64,R0lGODlhAQABAAAAACH5BAEKAAEALAAAAAABAAEAAAICTAEAOw==\" class=\"lazyload\" data-src=\"https:\/\/lh6.googleusercontent.com\/73KYyhdZJ1MwxsHYHWaMqRfnyq_ngRLsnZHpEG0TDL6hRMU7QCYXkxTfuOlAzT9t4pfUEZDx_9jnykQ3HA8onEt8iyd_c1KoMct-E1u8cu85eyLr5tsuDurg9mzK-3AcEsknuPVN\"><\/p>\n\n\n\n<p><strong><em>\u00bf Qui\u00e9n puede participar?&nbsp;<\/em><\/strong><\/p>\n\n\n\n<p>No requiere preinscripci\u00f3n, y cualquier persona interesada puede visitar nuestras Jornadas.<\/p>\n\n\n\n<p><\/p>\n\n\n\n<p class=\"has-text-align-center has-vivid-cyan-blue-color has-text-color has-medium-font-size\"><strong><em>&nbsp;<\/em><\/strong><strong><em>Tu futuro te espera! Elige FP, elige CIPFP Mislata!!<\/em><\/strong><strong><em>&nbsp;<\/em><\/strong><\/p>\n\n\n\n<div class=\"wp-block-columns\">\n<div class=\"wp-block-column\">\n<blockquote class=\"wp-block-quote is-style-default\"><p><strong>\u00bfPor qu\u00e9 estudiar FP?<\/strong><\/p><\/blockquote>\n\n\n\n<figure class=\"wp-block-embed aligncenter is-type-video is-provider-youtube wp-block-embed-youtube wp-embed-aspect-16-9 wp-has-aspect-ratio\"><div class=\"wp-block-embed__wrapper\">\n<iframe loading=\"lazy\" title=\"Siete razones para estudiar FP - Jornada de puertas abiertas CIPFP Mislata\" width=\"640\" height=\"360\" src=\"about:blank\" frameborder=\"0\" allow=\"accelerometer; autoplay; clipboard-write; encrypted-media; gyroscope; picture-in-picture\" allowfullscreen=\"\" class=\"lazyload\" data-src=\"https:\/\/www.youtube.com\/embed\/ElBbGaAf7ck?feature=oembed\"><\/iframe>\n<\/div><\/figure>\n<\/div>\n\n\n\n<div class=\"wp-block-column\" style=\"flex-basis:6%\"><\/div>\n\n\n\n<div class=\"wp-block-column\">\n<blockquote class=\"wp-block-quote is-style-default\"><p><strong>\u00bfPor qu\u00e9 estudiar con nosotros?<\/strong><\/p><\/blockquote>\n\n\n\n<figure class=\"wp-block-embed is-type-video is-provider-youtube wp-block-embed-youtube wp-embed-aspect-16-9 wp-has-aspect-ratio\"><div class=\"wp-block-embed__wrapper\">\n<iframe loading=\"lazy\" title=\"\u00bfPorqu\u00e9 estudiar FP en CIPFP Mislata?\" width=\"640\" height=\"360\" src=\"about:blank\" frameborder=\"0\" allow=\"accelerometer; autoplay; clipboard-write; encrypted-media; gyroscope; picture-in-picture\" allowfullscreen=\"\" class=\"lazyload\" data-src=\"https:\/\/www.youtube.com\/embed\/H4OaVU8ISz4?feature=oembed\"><\/iframe>\n<\/div><\/figure>\n<\/div>\n\n\n\n<div class=\"wp-block-column\" style=\"flex-basis:6%\"><\/div>\n<\/div>\n\n\n\n<hr class=\"wp-block-separator\"\/>\n\n\n\n<p class=\"has-text-align-center has-vivid-cyan-blue-color has-white-background-color has-text-color has-background\" style=\"font-size:25px\"><strong><em>&nbsp;NUESTROS CICLOS FORMATIVOS<\/em><\/strong><strong><em>&nbsp;<\/em><\/strong><\/p>\n\n\n\n<hr class=\"wp-block-separator\"\/>\n\n\n\n<div class=\"wp-block-columns are-vertically-aligned-top\">\n<div class=\"wp-block-column is-vertically-aligned-top\">\n<div class=\"wp-block-group\"><div class=\"wp-block-group__inner-container\">\n<div class=\"wp-block-group\"><div class=\"wp-block-group__inner-container\">\n<blockquote class=\"wp-block-quote\"><p><strong>Inform\u00e1tica<\/strong><\/p><\/blockquote>\n\n\n\n<figure class=\"wp-block-embed is-type-video is-provider-youtube wp-block-embed-youtube wp-embed-aspect-16-9 wp-has-aspect-ratio\"><div class=\"wp-block-embed__wrapper\">\n<iframe loading=\"lazy\" title=\"CFGS Desarrollo de Aplicaciones Web en CIPFP Mislata\" width=\"640\" height=\"360\" src=\"about:blank\" frameborder=\"0\" allow=\"accelerometer; autoplay; clipboard-write; encrypted-media; gyroscope; picture-in-picture\" allowfullscreen=\"\" class=\"lazyload\" data-src=\"https:\/\/www.youtube.com\/embed\/38RzUPXpoac?feature=oembed\"><\/iframe>\n<\/div><\/figure>\n<\/div><\/div>\n\n\n\n<div class=\"wp-block-group\"><div class=\"wp-block-group__inner-container\"><\/div><\/div>\n<\/div><\/div>\n<\/div>\n\n\n\n<div class=\"wp-block-column is-vertically-aligned-top\">\n<blockquote class=\"wp-block-quote\"><p><strong>Inform\u00e1tica<\/strong><\/p><\/blockquote>\n\n\n\n<figure class=\"wp-block-embed is-type-video is-provider-youtube wp-block-embed-youtube wp-embed-aspect-16-9 wp-has-aspect-ratio\"><div class=\"wp-block-embed__wrapper\">\n<iframe loading=\"lazy\" title=\"CFGS Desarrollo de Aplicaciones Multiplataforma\" width=\"640\" height=\"360\" src=\"about:blank\" frameborder=\"0\" allow=\"accelerometer; autoplay; clipboard-write; encrypted-media; gyroscope; picture-in-picture\" allowfullscreen=\"\" class=\"lazyload\" data-src=\"https:\/\/www.youtube.com\/embed\/wypnl5Lo4Nw?feature=oembed\"><\/iframe>\n<\/div><\/figure>\n\n\n\n<div class=\"wp-block-group\"><div class=\"wp-block-group__inner-container\"><\/div><\/div>\n<\/div>\n\n\n\n<div class=\"wp-block-column is-vertically-aligned-top\">\n<blockquote class=\"wp-block-quote\"><p><strong>Inform\u00e1tica<\/strong><\/p><\/blockquote>\n\n\n\n<figure class=\"wp-block-embed is-type-video is-provider-youtube wp-block-embed-youtube wp-embed-aspect-16-9 wp-has-aspect-ratio\"><div class=\"wp-block-embed__wrapper\">\n<iframe loading=\"lazy\" title=\"CFGS Administraci\u00f3n de Sistemas Inform\u00e1ticos en Red\" width=\"640\" height=\"360\" src=\"about:blank\" frameborder=\"0\" allow=\"accelerometer; autoplay; clipboard-write; encrypted-media; gyroscope; picture-in-picture\" allowfullscreen=\"\" class=\"lazyload\" data-src=\"https:\/\/www.youtube.com\/embed\/KD8U1WDan5w?feature=oembed\"><\/iframe>\n<\/div><\/figure>\n\n\n\n<div class=\"wp-block-group\"><div class=\"wp-block-group__inner-container\"><\/div><\/div>\n\n\n<\/div>\n<\/div>\n\n\n\n<div class=\"wp-block-group\"><div class=\"wp-block-group__inner-container\"><\/div><\/div>\n\n\n\n<hr class=\"wp-block-separator\"\/>\n\n\n\n<div class=\"wp-block-columns\">\n<div class=\"wp-block-column\">\n<blockquote class=\"wp-block-quote\"><p><strong>Inform\u00e1tica<\/strong><\/p><\/blockquote>\n\n\n\n<figure class=\"wp-block-embed is-type-video is-provider-youtube wp-block-embed-youtube wp-embed-aspect-16-9 wp-has-aspect-ratio\"><div class=\"wp-block-embed__wrapper\">\n<iframe loading=\"lazy\" title=\"Curso de Especializaci\u00f3n Ciberseguridad\" width=\"640\" height=\"360\" src=\"about:blank\" frameborder=\"0\" allow=\"accelerometer; autoplay; clipboard-write; encrypted-media; gyroscope; picture-in-picture\" allowfullscreen=\"\" class=\"lazyload\" data-src=\"https:\/\/www.youtube.com\/embed\/Xr1TxZNNQ2A?feature=oembed\"><\/iframe>\n<\/div><\/figure>\n<\/div>\n\n\n\n<div class=\"wp-block-column\">\n<blockquote class=\"wp-block-quote\"><p><strong>Inform\u00e1tica<\/strong><\/p><\/blockquote>\n\n\n\n<figure class=\"wp-block-embed is-type-video is-provider-youtube wp-block-embed-youtube wp-embed-aspect-16-9 wp-has-aspect-ratio\"><div class=\"wp-block-embed__wrapper\">\n<iframe loading=\"lazy\" title=\"Curso Especializaci\u00f3n FP Inteligencia Artificial y Big Data\" width=\"640\" height=\"360\" src=\"about:blank\" frameborder=\"0\" allow=\"accelerometer; autoplay; clipboard-write; encrypted-media; gyroscope; picture-in-picture\" allowfullscreen=\"\" class=\"lazyload\" data-src=\"https:\/\/www.youtube.com\/embed\/nTjP15w18DM?list=PLcKiZmV01aw8FM-XXOEukqJExyGF7g_xY\"><\/iframe>\n<\/div><\/figure>\n<\/div>\n\n\n\n<div class=\"wp-block-column\"><\/div>\n<\/div>\n\n\n\n<div class=\"wp-block-columns\">\n<div class=\"wp-block-column\">\n<blockquote class=\"wp-block-quote\"><p><strong>Comercio<\/strong><\/p><\/blockquote>\n\n\n\n<figure class=\"wp-block-embed is-type-video is-provider-youtube wp-block-embed-youtube wp-embed-aspect-16-9 wp-has-aspect-ratio\"><div class=\"wp-block-embed__wrapper\">\n<iframe loading=\"lazy\" title=\"CFGS Marketing y Publicidad\" width=\"640\" height=\"360\" src=\"about:blank\" frameborder=\"0\" allow=\"accelerometer; autoplay; clipboard-write; encrypted-media; gyroscope; picture-in-picture\" allowfullscreen=\"\" class=\"lazyload\" data-src=\"https:\/\/www.youtube.com\/embed\/3Kz3JSSfeIk?feature=oembed\"><\/iframe>\n<\/div><\/figure>\n<\/div>\n\n\n\n<div class=\"wp-block-column\">\n<blockquote class=\"wp-block-quote\"><p><strong>Comercio<\/strong><\/p><\/blockquote>\n\n\n\n<figure class=\"wp-block-embed is-type-video is-provider-youtube wp-block-embed-youtube wp-embed-aspect-16-9 wp-has-aspect-ratio\"><div class=\"wp-block-embed__wrapper\">\n<iframe loading=\"lazy\" title=\"CFGS Comercio Internacional\" width=\"640\" height=\"360\" src=\"about:blank\" frameborder=\"0\" allow=\"accelerometer; autoplay; clipboard-write; encrypted-media; gyroscope; picture-in-picture\" allowfullscreen=\"\" class=\"lazyload\" data-src=\"https:\/\/www.youtube.com\/embed\/hqlls5p8kSo?list=PLcKiZmV01aw8FM-XXOEukqJExyGF7g_xY\"><\/iframe>\n<\/div><\/figure>\n<\/div>\n\n\n\n<div class=\"wp-block-column\"><\/div>\n<\/div>\n\n\n\n<hr class=\"wp-block-separator\"\/>\n\n\n\n<div class=\"wp-block-columns\">\n<div class=\"wp-block-column\">\n<blockquote class=\"wp-block-quote\"><p><strong>Turismo<\/strong><\/p><\/blockquote>\n\n\n\n<figure class=\"wp-block-embed is-type-video is-provider-youtube wp-block-embed-youtube wp-embed-aspect-16-9 wp-has-aspect-ratio\"><div class=\"wp-block-embed__wrapper\">\n<iframe loading=\"lazy\" title=\"CFGS Agencia de Viajes y Gesti\u00f3n de Eventos CIPFP Mislata\" width=\"640\" height=\"360\" src=\"about:blank\" frameborder=\"0\" allow=\"accelerometer; autoplay; clipboard-write; encrypted-media; gyroscope; picture-in-picture\" allowfullscreen=\"\" class=\"lazyload\" data-src=\"https:\/\/www.youtube.com\/embed\/MUx0I8jXxuQ?list=PLcKiZmV01aw8FM-XXOEukqJExyGF7g_xY\"><\/iframe>\n<\/div><\/figure>\n<\/div>\n\n\n\n<div class=\"wp-block-column\">\n<blockquote class=\"wp-block-quote\"><p><strong>Turismo<\/strong><\/p><\/blockquote>\n\n\n\n<figure class=\"wp-block-embed is-type-video is-provider-youtube wp-block-embed-youtube wp-embed-aspect-16-9 wp-has-aspect-ratio\"><div class=\"wp-block-embed__wrapper\">\n<iframe loading=\"lazy\" title=\"CFGS Gu\u00eda, Informaci\u00f3n y Asistencias Tur\u00edsticas\" width=\"640\" height=\"360\" src=\"about:blank\" frameborder=\"0\" allow=\"accelerometer; autoplay; clipboard-write; encrypted-media; gyroscope; picture-in-picture\" allowfullscreen=\"\" class=\"lazyload\" data-src=\"https:\/\/www.youtube.com\/embed\/zCOHDeacHDc?feature=oembed\"><\/iframe>\n<\/div><figcaption> <\/figcaption><\/figure>\n<\/div>\n\n\n\n<div class=\"wp-block-column\">\n<blockquote class=\"wp-block-quote\"><p><strong>Turismo<\/strong><\/p><\/blockquote>\n\n\n\n<figure class=\"wp-block-embed is-type-video is-provider-youtube wp-block-embed-youtube wp-embed-aspect-16-9 wp-has-aspect-ratio\"><div class=\"wp-block-embed__wrapper\">\n<iframe loading=\"lazy\" title=\"CFGS Gesti\u00f3n Aojamientos Tur\u00edsticos\" width=\"640\" height=\"360\" src=\"about:blank\" frameborder=\"0\" allow=\"accelerometer; autoplay; clipboard-write; encrypted-media; gyroscope; picture-in-picture\" allowfullscreen=\"\" class=\"lazyload\" data-src=\"https:\/\/www.youtube.com\/embed\/GaGiUI9rdCo?feature=oembed\"><\/iframe>\n<\/div><\/figure>\n<\/div>\n<\/div>\n\n\n\n<hr class=\"wp-block-separator\"\/>\n\n\n\n<div class=\"wp-block-columns\">\n<div class=\"wp-block-column\">\n<blockquote class=\"wp-block-quote\"><p><strong>Sanidad<\/strong><\/p><\/blockquote>\n\n\n\n<figure class=\"wp-block-embed is-type-video is-provider-youtube wp-block-embed-youtube wp-embed-aspect-16-9 wp-has-aspect-ratio\"><div class=\"wp-block-embed__wrapper\">\n<iframe loading=\"lazy\" title=\"CFGS Laboratorio Cl\u00ednico y Biom\u00e9dico\" width=\"640\" height=\"360\" src=\"about:blank\" frameborder=\"0\" allow=\"accelerometer; autoplay; clipboard-write; encrypted-media; gyroscope; picture-in-picture\" allowfullscreen=\"\" class=\"lazyload\" data-src=\"https:\/\/www.youtube.com\/embed\/BWHCXlhyJr0?feature=oembed\"><\/iframe>\n<\/div><\/figure>\n<\/div>\n\n\n\n<div class=\"wp-block-column\">\n<blockquote class=\"wp-block-quote\"><p><strong>Administraci\u00f3n<\/strong><\/p><\/blockquote>\n\n\n\n<figure class=\"wp-block-embed is-type-video is-provider-youtube wp-block-embed-youtube wp-embed-aspect-16-9 wp-has-aspect-ratio\"><div class=\"wp-block-embed__wrapper\">\n<iframe loading=\"lazy\" title=\"CFGS Administraci\u00f3n y Finanzas\" width=\"640\" height=\"360\" src=\"about:blank\" frameborder=\"0\" allow=\"accelerometer; autoplay; clipboard-write; encrypted-media; gyroscope; picture-in-picture\" allowfullscreen=\"\" class=\"lazyload\" data-src=\"https:\/\/www.youtube.com\/embed\/oeg_iDyL2TI?feature=oembed\"><\/iframe>\n<\/div><\/figure>\n<\/div>\n\n\n\n<div class=\"wp-block-column\">\n<blockquote class=\"wp-block-quote\"><p><strong>\u00d3ptica<\/strong><\/p><\/blockquote>\n\n\n\n<figure class=\"wp-block-embed is-type-video is-provider-youtube wp-block-embed-youtube wp-embed-aspect-16-9 wp-has-aspect-ratio\"><div class=\"wp-block-embed__wrapper\">\n<iframe loading=\"lazy\" title=\"CFGS \u00d3ptica de anteojer\u00eda\" width=\"640\" height=\"360\" src=\"about:blank\" frameborder=\"0\" allow=\"accelerometer; autoplay; clipboard-write; encrypted-media; gyroscope; picture-in-picture\" allowfullscreen=\"\" class=\"lazyload\" data-src=\"https:\/\/www.youtube.com\/embed\/uki52pGqw90?feature=oembed\"><\/iframe>\n<\/div><\/figure>\n<\/div>\n<\/div>\n\n\n\n<hr class=\"wp-block-separator\"\/>\n","protected":false},"excerpt":{"rendered":"<p>\u00a1\u00a1Bienvenid@ a las Jornadas de PUERTAS ABIERTAS online de nuestros ciclos de grado Superior !! Estamos encantados de compartir este evento en l\u00ednea donde poder acercaros la Formaci\u00f3n Profesional y nuestra oferta formativa de ciclos de grado SUPERIOR.&nbsp;Sabemos que cuando est\u00e1is a punto de terminar Bachillerato es muy probable que teng\u00e1is ciertas dudas acerca de&hellip;<\/p>\n","protected":false},"author":3,"featured_media":7387,"parent":0,"menu_order":0,"comment_status":"closed","ping_status":"closed","template":"","meta":{"ngg_post_thumbnail":0},"_links":{"self":[{"href":"https:\/\/www.fpmislata.com\/wordpress\/wp-json\/wp\/v2\/pages\/6800"}],"collection":[{"href":"https:\/\/www.fpmislata.com\/wordpress\/wp-json\/wp\/v2\/pages"}],"about":[{"href":"https:\/\/www.fpmislata.com\/wordpress\/wp-json\/wp\/v2\/types\/page"}],"author":[{"embeddable":true,"href":"https:\/\/www.fpmislata.com\/wordpress\/wp-json\/wp\/v2\/users\/3"}],"replies":[{"embeddable":true,"href":"https:\/\/www.fpmislata.com\/wordpress\/wp-json\/wp\/v2\/comments?post=6800"}],"version-history":[{"count":19,"href":"https:\/\/www.fpmislata.com\/wordpress\/wp-json\/wp\/v2\/pages\/6800\/revisions"}],"predecessor-version":[{"id":10258,"href":"https:\/\/www.fpmislata.com\/wordpress\/wp-json\/wp\/v2\/pages\/6800\/revisions\/10258"}],"wp:featuredmedia":[{"embeddable":true,"href":"https:\/\/www.fpmislata.com\/wordpress\/wp-json\/wp\/v2\/media\/7387"}],"wp:attachment":[{"href":"https:\/\/www.fpmislata.com\/wordpress\/wp-json\/wp\/v2\/media?parent=6800"}],"curies":[{"name":"wp","href":"https:\/\/api.w.org\/{rel}","templated":true}]}}