{"id":7252,"date":"2021-04-28T11:35:22","date_gmt":"2021-04-28T15:35:22","guid":{"rendered":"https:\/\/www.fpmislata.com\/wordpress\/?page_id=7252"},"modified":"2021-04-30T09:41:23","modified_gmt":"2021-04-30T13:41:23","slug":"limite_zero","status":"publish","type":"page","link":"https:\/\/www.fpmislata.com\/wordpress\/limite_zero\/","title":{"rendered":"LIMITE ZERO TOURS"},"content":{"rendered":"<div>\n<p style=\"font-weight: 400; text-align: justify;\">&nbsp;<strong>L\u00edmite Zero Tours<\/strong>, es una&nbsp;<em>agencia de viajes formativa&nbsp;<\/em>que nace durante el curso 2019\/20. Fue creada por estudiantes de 2\u00ba curso del CFGS de Agencias de viajes y gesti\u00f3n de eventos.&nbsp;<\/p>\n<p style=\"font-weight: 400; text-align: justify;\">A trav\u00e9s de una <strong>hoja de ruta<\/strong>&nbsp;en la que participan&nbsp;<strong>3 m\u00f3dulos profesionales<\/strong> (Venta de servicios Tur\u00edsticos, Direcci\u00f3n de empresas de Intermediaci\u00f3n y Gesti\u00f3n de Productos Tur\u00edsticos) combinamos&nbsp;<em>Aprendizaje Basado en Proyectos, Rutinas de Pensamiento, Socializaci\u00f3n Rica y Evaluaci\u00f3n para Aprender.<\/em><\/p>\n<p style=\"font-weight: 400; text-align: justify;\">Para que este&nbsp;<em><strong>proyecto<\/strong>&nbsp;sea&nbsp;<strong>significativo y memorable<\/strong><\/em>&nbsp;para nuestro estudiante, le debemos hacer part\u00edcipe de este viaje y los docentes seremos facilitadores del mismo.&nbsp;<\/p>\n<p style=\"font-weight: 400; text-align: justify;\">&nbsp;En este <strong>proyecto integral vinculado a un entorno empresarial,<\/strong>&nbsp;los estudiantes deber\u00e1n investigar, analizar, planificar y transferir todos los aprendizajes adquiridos a lo largo de su vida, especialmente durante los dos cursos que forman parte de este ciclo formativo. Todo este proceso de aprendizaje les ayudar\u00e1 a&nbsp;<strong>desarrollar las competencias t\u00e9cnicas,personales y sociales<\/strong>&nbsp;necesarias para&nbsp;<em>facilitarles su empleabilidad.&nbsp;<\/em><\/p>\n<p style=\"font-weight: 400; text-align: justify;\">Nuestro lema:&nbsp;<strong>\u201cThink outside the box\u201d<\/strong><\/p>\n<\/div>\n<div>&nbsp;<\/div>\n<div style=\"width: 100%;\">\n<div style=\"position: relative; padding-bottom: 56.25%; padding-top: 0; height: 0;\"><iframe loading=\"lazy\" style=\"position: absolute; top: 0; left: 0; width: 100%; height: 100%;\" src=\"about:blank\" width=\"1200\" height=\"675\" frameborder=\"0\" scrolling=\"yes\" allowfullscreen=\"allowfullscreen\" class=\"lazyload\" data-src=\"https:\/\/view.genial.ly\/60887bbca5a30b0d334136d7\"><\/iframe><\/div>\n<\/div>\n","protected":false},"excerpt":{"rendered":"<p>&nbsp;L\u00edmite Zero Tours, es una&nbsp;agencia de viajes formativa&nbsp;que nace durante el curso 2019\/20. Fue creada por estudiantes de 2\u00ba curso del CFGS de Agencias de viajes y gesti\u00f3n de eventos.&nbsp; A trav\u00e9s de una hoja de ruta&nbsp;en la que participan&nbsp;3 m\u00f3dulos profesionales (Venta de servicios Tur\u00edsticos, Direcci\u00f3n de empresas de Intermediaci\u00f3n y Gesti\u00f3n de Productos&hellip;<\/p>\n","protected":false},"author":1,"featured_media":0,"parent":0,"menu_order":0,"comment_status":"closed","ping_status":"closed","template":"","meta":{"ngg_post_thumbnail":0},"_links":{"self":[{"href":"https:\/\/www.fpmislata.com\/wordpress\/wp-json\/wp\/v2\/pages\/7252"}],"collection":[{"href":"https:\/\/www.fpmislata.com\/wordpress\/wp-json\/wp\/v2\/pages"}],"about":[{"href":"https:\/\/www.fpmislata.com\/wordpress\/wp-json\/wp\/v2\/types\/page"}],"author":[{"embeddable":true,"href":"https:\/\/www.fpmislata.com\/wordpress\/wp-json\/wp\/v2\/users\/1"}],"replies":[{"embeddable":true,"href":"https:\/\/www.fpmislata.com\/wordpress\/wp-json\/wp\/v2\/comments?post=7252"}],"version-history":[{"count":0,"href":"https:\/\/www.fpmislata.com\/wordpress\/wp-json\/wp\/v2\/pages\/7252\/revisions"}],"wp:attachment":[{"href":"https:\/\/www.fpmislata.com\/wordpress\/wp-json\/wp\/v2\/media?parent=7252"}],"curies":[{"name":"wp","href":"https:\/\/api.w.org\/{rel}","templated":true}]}}