{"id":7295,"date":"2021-04-29T12:00:57","date_gmt":"2021-04-29T16:00:57","guid":{"rendered":"https:\/\/www.fpmislata.com\/wordpress\/?page_id=7295"},"modified":"2021-04-29T13:00:53","modified_gmt":"2021-04-29T17:00:53","slug":"metodologias-activas","status":"publish","type":"page","link":"https:\/\/www.fpmislata.com\/wordpress\/metodologias-activas\/","title":{"rendered":"Metodolog\u00edas Activas"},"content":{"rendered":"<p><b>\u00bfQu\u00e9 son metodolog\u00edas activas?<\/b><span style=\"font-weight: 400;\"> son metodolog\u00edas que facilitan y potencian el protagonismo del estudiante en su aprendizaje, de una manera activa. Se genera una interacci\u00f3n entre estudiante-docente, estudiante-estudiante, estudiante-instrumentos o herramientas. Al poner al estudiante en el eje de todo el proceso del aprendizaje, su aprendizaje se vuelve m\u00e1s inclusivo, y se mejora el desarrollo competencial, la autonom\u00eda y el pensamiento cr\u00edtico de los estudiantes.<\/span><\/p>\n\n\n<figure class=\"wp-block-image size-large\"><img loading=\"lazy\" width=\"800\" height=\"800\" src=\"data:image\/gif;base64,R0lGODlhAQABAAAAACH5BAEKAAEALAAAAAABAAEAAAICTAEAOw==\" alt=\"\" class=\"wp-image-7297 lazyload\" sizes=\"(max-width: 800px) 100vw, 800px\" data-src=\"https:\/\/www.fpmislata.com\/wordpress\/wp-content\/uploads\/beneficios-metodologias-activas-800x800.png\" data-srcset=\"https:\/\/www.fpmislata.com\/wordpress\/wp-content\/uploads\/beneficios-metodologias-activas-800x800.png 800w, https:\/\/www.fpmislata.com\/wordpress\/wp-content\/uploads\/beneficios-metodologias-activas-300x300.png 300w, https:\/\/www.fpmislata.com\/wordpress\/wp-content\/uploads\/beneficios-metodologias-activas-150x150.png 150w, https:\/\/www.fpmislata.com\/wordpress\/wp-content\/uploads\/beneficios-metodologias-activas-768x768.png 768w, https:\/\/www.fpmislata.com\/wordpress\/wp-content\/uploads\/beneficios-metodologias-activas.png 1080w\"><\/figure>\n\n\n\n<p><b>\u00bfPorqu\u00e9 usar metodolog\u00edas activas?<\/b><span style=\"font-weight: 400;\"> Las metodolog\u00edas activas est\u00e1n ganando terreno a paso firme en CIPFP MISLATA. No porque ahora sean tendencia. De hecho, muchas de estas metodolog\u00edas se vienen aplicando desde hace mucho tiempo. Sino porque los docentes de las diferentes familias profesionales descubren poco a poco que,la flexibilidad y la interconexi\u00f3n que existe entre diferentes herramientas, estrategias y metodolog\u00edas mejora el proceso de aprendizaje. De esta manera, la experiencia de aprendizaje es m\u00e1s personal, inclusiva y significativa. <\/span><b><i>Buscamos un aprendizaje con miras al futuro, en el que los estudiantes desarrollen destrezas, adquieran conocimientos y estrategias que les ayuden en su futuro personal, social y laboral.<\/i><\/b><\/p>\n\n\n\n<figure class=\"wp-block-gallery columns-1 is-cropped\"><ul class=\"blocks-gallery-grid\"><li class=\"blocks-gallery-item\"><figure><img loading=\"lazy\" width=\"800\" height=\"800\" src=\"data:image\/gif;base64,R0lGODlhAQABAAAAACH5BAEKAAEALAAAAAABAAEAAAICTAEAOw==\" alt=\"\" data-id=\"7299\" data-full-url=\"https:\/\/www.fpmislata.com\/wordpress\/wp-content\/uploads\/estrategia-de-aprendizaje.png\" data-link=\"https:\/\/www.fpmislata.com\/wordpress\/metodologias-activas\/estrategia-de-aprendizaje\/\" class=\"wp-image-7299 lazyload\" sizes=\"(max-width: 800px) 100vw, 800px\" data-src=\"https:\/\/www.fpmislata.com\/wordpress\/wp-content\/uploads\/estrategia-de-aprendizaje-800x800.png\" data-srcset=\"https:\/\/www.fpmislata.com\/wordpress\/wp-content\/uploads\/estrategia-de-aprendizaje-800x800.png 800w, https:\/\/www.fpmislata.com\/wordpress\/wp-content\/uploads\/estrategia-de-aprendizaje-300x300.png 300w, https:\/\/www.fpmislata.com\/wordpress\/wp-content\/uploads\/estrategia-de-aprendizaje-150x150.png 150w, https:\/\/www.fpmislata.com\/wordpress\/wp-content\/uploads\/estrategia-de-aprendizaje-768x768.png 768w, https:\/\/www.fpmislata.com\/wordpress\/wp-content\/uploads\/estrategia-de-aprendizaje.png 1080w\"><\/figure><\/li><\/ul><\/figure>\n\n\n\n<p><b>\u00bfQu\u00e9 metodolog\u00edas activas se utilizan en CIPFP MISLATA?<\/b><span style=\"font-weight: 400;\"> Son muchas y muy variadas las estrategias de aula: <\/span><b><i>Aprendizaje Cooperativo, Aprendizaje Basado en Proyectos o Retos, Gamificaci\u00f3n en el aula, Scrum, Design Thinking, Visual Thinking, metodolog\u00edas Agile<\/i><\/b><i><span style=\"font-weight: 400;\">, <\/span><\/i><span style=\"font-weight: 400;\">son algunas de ellas. Todo depende del equipo de docentes, que analizan y deciden la estrategia a seguir en funci\u00f3n de:<\/span><\/p>\n<ul>\n<li style=\"font-weight: 400;\" aria-level=\"1\"><span style=\"font-weight: 400;\">la especialidad de FP y las competencias profesionales a alcanzar<\/span><\/li>\n<li style=\"font-weight: 400;\" aria-level=\"1\"><span style=\"font-weight: 400;\">la experiencia previa del grupo de alumnos y alumnas<\/span><\/li>\n<li style=\"font-weight: 400;\" aria-level=\"1\"><span style=\"font-weight: 400;\">la relaci\u00f3n con las empresas que suelen colaborar con el ciclo formativo<\/span><\/li>\n<\/ul>\n<p><span style=\"font-weight: 400;\">A partir de este an\u00e1lisis, cada docente hace una combinaci\u00f3n de las metodolog\u00edas activas m\u00e1s adecuadas combinadas con momentos de instrucci\u00f3n directa. Nunca se trabaja con una \u00fanica metodolog\u00eda. Todo el trabajo de aula forma parte de un mix o estrategia metodol\u00f3gica.<\/span><\/p>\n<p>&nbsp;<\/p>\n\n\n\n<figure class=\"wp-block-gallery columns-1 is-cropped\"><ul class=\"blocks-gallery-grid\"><li class=\"blocks-gallery-item\"><figure><img loading=\"lazy\" width=\"800\" height=\"800\" src=\"data:image\/gif;base64,R0lGODlhAQABAAAAACH5BAEKAAEALAAAAAABAAEAAAICTAEAOw==\" alt=\"\" data-id=\"7300\" data-full-url=\"https:\/\/www.fpmislata.com\/wordpress\/wp-content\/uploads\/diferentes-metodologias.png\" data-link=\"https:\/\/www.fpmislata.com\/wordpress\/metodologias-activas\/diferentes-metodologias\/\" class=\"wp-image-7300 lazyload\" sizes=\"(max-width: 800px) 100vw, 800px\" data-src=\"https:\/\/www.fpmislata.com\/wordpress\/wp-content\/uploads\/diferentes-metodologias-800x800.png\" data-srcset=\"https:\/\/www.fpmislata.com\/wordpress\/wp-content\/uploads\/diferentes-metodologias-800x800.png 800w, https:\/\/www.fpmislata.com\/wordpress\/wp-content\/uploads\/diferentes-metodologias-300x300.png 300w, https:\/\/www.fpmislata.com\/wordpress\/wp-content\/uploads\/diferentes-metodologias-150x150.png 150w, https:\/\/www.fpmislata.com\/wordpress\/wp-content\/uploads\/diferentes-metodologias-768x768.png 768w, https:\/\/www.fpmislata.com\/wordpress\/wp-content\/uploads\/diferentes-metodologias.png 1080w\"><\/figure><\/li><\/ul><\/figure>\n","protected":false},"excerpt":{"rendered":"<p>\u00bfQu\u00e9 son metodolog\u00edas activas? son metodolog\u00edas que facilitan y potencian el protagonismo del estudiante en su aprendizaje, de una manera activa. Se genera una interacci\u00f3n entre estudiante-docente, estudiante-estudiante, estudiante-instrumentos o herramientas. Al poner al estudiante en el eje de todo el proceso del aprendizaje, su aprendizaje se vuelve m\u00e1s inclusivo, y se mejora el desarrollo&hellip;<\/p>\n","protected":false},"author":1,"featured_media":0,"parent":0,"menu_order":0,"comment_status":"closed","ping_status":"closed","template":"","meta":{"ngg_post_thumbnail":0},"_links":{"self":[{"href":"https:\/\/www.fpmislata.com\/wordpress\/wp-json\/wp\/v2\/pages\/7295"}],"collection":[{"href":"https:\/\/www.fpmislata.com\/wordpress\/wp-json\/wp\/v2\/pages"}],"about":[{"href":"https:\/\/www.fpmislata.com\/wordpress\/wp-json\/wp\/v2\/types\/page"}],"author":[{"embeddable":true,"href":"https:\/\/www.fpmislata.com\/wordpress\/wp-json\/wp\/v2\/users\/1"}],"replies":[{"embeddable":true,"href":"https:\/\/www.fpmislata.com\/wordpress\/wp-json\/wp\/v2\/comments?post=7295"}],"version-history":[{"count":0,"href":"https:\/\/www.fpmislata.com\/wordpress\/wp-json\/wp\/v2\/pages\/7295\/revisions"}],"wp:attachment":[{"href":"https:\/\/www.fpmislata.com\/wordpress\/wp-json\/wp\/v2\/media?parent=7295"}],"curies":[{"name":"wp","href":"https:\/\/api.w.org\/{rel}","templated":true}]}}