{"id":759,"date":"2018-04-20T10:36:55","date_gmt":"2018-04-20T14:36:55","guid":{"rendered":"http:\/\/www.fpmislata.com\/wordpress\/?page_id=759"},"modified":"2022-05-19T11:01:06","modified_gmt":"2022-05-19T15:01:06","slug":"ciclos-formativos","status":"publish","type":"page","link":"https:\/\/www.fpmislata.com\/wordpress\/ciclos-formativos\/","title":{"rendered":"Ciclos Formativos"},"content":{"rendered":"<p>En el CIPFP Mislata se encuentran las siguientes <strong>Familias Profesionales<\/strong>, para conocer los ciclos de grado superior, de grado medio, semipresenciales y cursos de especializaci\u00f3n que impartimos de cada una de ellas, pulsa en los enlaces e imagenes.&nbsp;<\/p>\n<div class=\"su-list\" style=\"margin-left:0px\">\n<ul>\n<li><i class=\"sui sui-pencil\" style=\"color:#6415e2\"><\/i> <a href=\"https:\/\/www.fpmislata.com\/wordpress\/formacion\/ciclos-formativos-administracion-ga-sga-af\/\">ADMINISTRACI\u00d3N<\/a><\/li>\n<li><i class=\"sui sui-pencil\" style=\"color:#6415e2\"><\/i> <a href=\"https:\/\/www.fpmislata.com\/wordpress\/formacion\/ciclos-formativos-marketing-ac-ci-gv\/\">COMERCIO Y MARKETING<\/a><\/li>\n<li><i class=\"sui sui-pencil\" style=\"color:#6415e2\"><\/i> <a href=\"https:\/\/www.fpmislata.com\/wordpress\/formacion\/ciclos-formativos-informatica-smr-daw-dam-asir\/\">INFORM\u00c1TICA<\/a><\/li>\n<li><i class=\"sui sui-pencil\" style=\"color:#6415e2\"><\/i> <a href=\"https:\/\/www.fpmislata.com\/wordpress\/formacion\/ciclos-formativos-optica-op\/\">\u00d3PTICA<\/a><\/li>\n<li><i class=\"sui sui-pencil\" style=\"color:#6415e2\"><\/i> <a href=\"https:\/\/www.fpmislata.com\/wordpress\/formacion\/ciclos-formativos-sanidad-fp-cae-scae\/\">SANIDAD<\/a><\/li>\n<li><i class=\"sui sui-pencil\" style=\"color:#6415e2\"><\/i> <a href=\"https:\/\/www.fpmislata.com\/wordpress\/formacion\/ciclos-formativos-en-turismo-gia-avge-gat\/\">TURISMO<\/a><\/li>\n<\/ul>\n<\/div>\n<div><div class=\"su-custom-gallery su-custom-gallery-title-hover\"><div class=\"su-custom-gallery-slide\"><a href=\"http:\/\/www.fpmislata.com\/wordpress\/formacion\/ciclos-formativos-administracion-ga-sga-af\/\" title=\"ADMINISTRACI\u00d3N Y EMPRESAS\"><img src=\"data:image\/gif;base64,R0lGODlhAQABAAAAACH5BAEKAAEALAAAAAABAAEAAAICTAEAOw==\" alt=\"ADMINISTRACI\u00d3N Y EMPRESAS\" width=\"320\" height=\"240\" class=\"lazyload\" data-src=\"https:\/\/www.fpmislata.com\/wordpress\/wp-content\/uploads\/cipfp-mislata-valencia-marketing-ciclos-formativos-e1527934959318.jpg\"><span class=\"su-custom-gallery-title\">ADMINISTRACI\u00d3N Y EMPRESAS<\/span><\/a><\/div><div class=\"su-custom-gallery-slide\"><a href=\"http:\/\/www.fpmislata.com\/wordpress\/formacion\/ciclos-formativos-marketing-ac-ci-gv\/\" title=\"COMERCIO Y MARKETING\"><img src=\"data:image\/gif;base64,R0lGODlhAQABAAAAACH5BAEKAAEALAAAAAABAAEAAAICTAEAOw==\" alt=\"COMERCIO Y MARKETING\" width=\"320\" height=\"240\" class=\"lazyload\" data-src=\"https:\/\/www.fpmislata.com\/wordpress\/wp-content\/uploads\/comercioymarketing_blusa-320x240.jpg\"><span class=\"su-custom-gallery-title\">COMERCIO Y MARKETING<\/span><\/a><\/div><div class=\"su-custom-gallery-slide\"><a href=\"http:\/\/www.fpmislata.com\/wordpress\/formacion\/ciclos-formativos-informatica-smr-daw-dam-asir\/\" title=\"INFORM\u00c1TICA\"><img src=\"data:image\/gif;base64,R0lGODlhAQABAAAAACH5BAEKAAEALAAAAAABAAEAAAICTAEAOw==\" alt=\"INFORM\u00c1TICA\" width=\"320\" height=\"240\" class=\"lazyload\" data-src=\"https:\/\/www.fpmislata.com\/wordpress\/wp-content\/uploads\/fam_informatica-320x240.jpg\"><span class=\"su-custom-gallery-title\">INFORM\u00c1TICA<\/span><\/a><\/div><div class=\"su-custom-gallery-slide\"><a href=\"http:\/\/www.fpmislata.com\/wordpress\/formacion\/ciclos-formativos-sanidad-fp-cae-scae\/\" title=\"SANIDAD\"><img src=\"data:image\/gif;base64,R0lGODlhAQABAAAAACH5BAEKAAEALAAAAAABAAEAAAICTAEAOw==\" alt=\"SANIDAD\" width=\"320\" height=\"240\" class=\"lazyload\" data-src=\"https:\/\/www.fpmislata.com\/wordpress\/wp-content\/uploads\/fam_sanidad-320x240.jpg\"><span class=\"su-custom-gallery-title\">SANIDAD<\/span><\/a><\/div><div class=\"su-custom-gallery-slide\"><a href=\"http:\/\/www.fpmislata.com\/wordpress\/formacion\/ciclos-formativos-optica-op\/\" title=\"\u00d3PTICA\"><img src=\"data:image\/gif;base64,R0lGODlhAQABAAAAACH5BAEKAAEALAAAAAABAAEAAAICTAEAOw==\" alt=\"\u00d3PTICA\" width=\"320\" height=\"240\" class=\"lazyload\" data-src=\"https:\/\/www.fpmislata.com\/wordpress\/wp-content\/uploads\/fam_gafas-320x240.jpg\"><span class=\"su-custom-gallery-title\">\u00d3PTICA<\/span><\/a><\/div><div class=\"su-custom-gallery-slide\"><a href=\"http:\/\/www.fpmislata.com\/wordpress\/formacion\/ciclos-formativos-en-turismo-gia-avge-gat\/\" title=\"TURISMO\"><img src=\"data:image\/gif;base64,R0lGODlhAQABAAAAACH5BAEKAAEALAAAAAABAAEAAAICTAEAOw==\" alt=\"TURISMO\" width=\"320\" height=\"240\" class=\"lazyload\" data-src=\"https:\/\/www.fpmislata.com\/wordpress\/wp-content\/uploads\/fam_turismo-e1527934905136.jpg\"><span class=\"su-custom-gallery-title\">TURISMO<\/span><\/a><\/div><div class=\"su-clear\"><\/div><\/div><\/div>\n<div>Si es otro ciclo formativo en el que est\u00e1s interesado, puedes encontrar m\u00e1s informaci\u00f3n en:<\/div>\n<ul>\n<li>la Conselleria de Educaci\u00f3n: <a href=\"http:\/\/www.ceice.gva.es\/es\/web\/formacion-profesional\/oferta1\" target=\"_blank\" rel=\"noopener\">Dosier de Ciclos<\/a><\/li>\n<li>el portal <a href=\"https:\/\/portal.edu.gva.es\/fpvalenciana\/\" target=\"_blank\" rel=\"noopener\">fpvalenciana<\/a><\/li>\n<\/ul>\n","protected":false},"excerpt":{"rendered":"<p>En el CIPFP Mislata se encuentran las siguientes Familias Profesionales, para conocer los ciclos de grado superior, de grado medio, semipresenciales y cursos de especializaci\u00f3n que impartimos de cada una de ellas, pulsa en los enlaces e imagenes.&nbsp; Si es otro ciclo formativo en el que est\u00e1s interesado, puedes encontrar m\u00e1s informaci\u00f3n en: la Conselleria&hellip;<\/p>\n","protected":false},"author":1,"featured_media":2950,"parent":0,"menu_order":0,"comment_status":"closed","ping_status":"closed","template":"","meta":{"ngg_post_thumbnail":0},"_links":{"self":[{"href":"https:\/\/www.fpmislata.com\/wordpress\/wp-json\/wp\/v2\/pages\/759"}],"collection":[{"href":"https:\/\/www.fpmislata.com\/wordpress\/wp-json\/wp\/v2\/pages"}],"about":[{"href":"https:\/\/www.fpmislata.com\/wordpress\/wp-json\/wp\/v2\/types\/page"}],"author":[{"embeddable":true,"href":"https:\/\/www.fpmislata.com\/wordpress\/wp-json\/wp\/v2\/users\/1"}],"replies":[{"embeddable":true,"href":"https:\/\/www.fpmislata.com\/wordpress\/wp-json\/wp\/v2\/comments?post=759"}],"version-history":[{"count":3,"href":"https:\/\/www.fpmislata.com\/wordpress\/wp-json\/wp\/v2\/pages\/759\/revisions"}],"predecessor-version":[{"id":10260,"href":"https:\/\/www.fpmislata.com\/wordpress\/wp-json\/wp\/v2\/pages\/759\/revisions\/10260"}],"wp:featuredmedia":[{"embeddable":true,"href":"https:\/\/www.fpmislata.com\/wordpress\/wp-json\/wp\/v2\/media\/2950"}],"wp:attachment":[{"href":"https:\/\/www.fpmislata.com\/wordpress\/wp-json\/wp\/v2\/media?parent=759"}],"curies":[{"name":"wp","href":"https:\/\/api.w.org\/{rel}","templated":true}]}}