{"id":77,"date":"2018-03-05T14:44:59","date_gmt":"2018-03-05T14:44:59","guid":{"rendered":"http:\/\/www.fpmislata.com\/wordpress\/?page_id=77"},"modified":"2022-05-14T07:07:48","modified_gmt":"2022-05-14T11:07:48","slug":"informatica","status":"publish","type":"page","link":"https:\/\/www.fpmislata.com\/wordpress\/departamentos\/informatica\/","title":{"rendered":"Departamento de Inform\u00e1tica"},"content":{"rendered":"\t\t<div data-elementor-type=\"wp-page\" data-elementor-id=\"77\" class=\"elementor elementor-77\" data-elementor-settings=\"[]\">\n\t\t\t\t\t\t<div class=\"elementor-inner\">\n\t\t\t\t\t\t\t<div class=\"elementor-section-wrap\">\n\t\t\t\t\t\t\t<section class=\"elementor-section elementor-top-section elementor-element elementor-element-1ab36f19 elementor-section-boxed elementor-section-height-default elementor-section-height-default\" data-id=\"1ab36f19\" data-element_type=\"section\">\n\t\t\t\t\t\t<div class=\"elementor-container elementor-column-gap-default\">\n\t\t\t\t\t\t\t<div class=\"elementor-row\">\n\t\t\t\t\t<div class=\"elementor-column elementor-col-100 elementor-top-column elementor-element elementor-element-2636722a\" data-id=\"2636722a\" data-element_type=\"column\">\n\t\t\t<div class=\"elementor-column-wrap elementor-element-populated\">\n\t\t\t\t\t\t\t<div class=\"elementor-widget-wrap\">\n\t\t\t\t\t\t<div class=\"elementor-element elementor-element-5766894f elementor-widget elementor-widget-text-editor\" data-id=\"5766894f\" data-element_type=\"widget\" data-widget_type=\"text-editor.default\">\n\t\t\t\t<div class=\"elementor-widget-container\">\n\t\t\t\t\t\t\t\t<div class=\"elementor-text-editor elementor-clearfix\">\n\t\t\t\t\t<p><div class=\"su-button-center\"><a href=\"https:\/\/www.fpmislata.com\/wordpress\/formacion\/ciclos-formativos-informatica-smr-daw-dam-asir\/\" class=\"su-button su-button-style-default\" style=\"color:#ffffff;background-color:#2D89EF;border-color:#246ec0;border-radius:34px;-moz-border-radius:34px;-webkit-border-radius:34px\" target=\"_self\"><span style=\"color:#ffffff;padding:0px 18px;font-size:14px;line-height:28px;border-color:#6cadf4;border-radius:34px;-moz-border-radius:34px;-webkit-border-radius:34px;text-shadow:none;-moz-text-shadow:none;-webkit-text-shadow:none\"> ENLACE A CICLOS FORMATIVOS DE INFORM\u00c1TICA<\/span><\/a><\/div><\/p><hr \/><p style=\"text-align: justify;\">El Departamento de Inform\u00e1tica y comunicaciones del CIPFP de Mislata, os da la bienvenida a nuestro espacio en la red, al mundo de desarrollo de SW, comunicaciones e Internet, al conocimiento de las ultimas generaciones de componentes HW, al manejo de grandes servidores.<\/p><p style=\"text-align: justify;\"><span style=\"color: #ff0000;\">Actualmente ofrecemos toda la oferta formativa de la familia de inform\u00e1tica.<\/span><\/p><p>Pertenecemos a la <strong><a href=\"https:\/\/www.fpmislata.com\/wordpress\/centro-de-excelencia\/\" target=\"_blank\" rel=\"noopener\">Red de Centros de Excelencia de FP<\/a><\/strong> de la Comunidad Valenciana, en concreto en la familia de Inform\u00e1tica y Comunicaciones.\u00a0<\/p><p style=\"text-align: justify;\">Somos un equipo de profesores, especializados en las diferentes \u00e1reas que la inform\u00e1tica abarca, que disfrutamos ayudando a los alumnos a insertarse en el mundo laboral con una formaci\u00f3n de calidad. Desde nuestras aulas-taller impartimos ense\u00f1anzas de los tres ciclos formativos de grados superior (<strong>DAW,<\/strong>\u00a0<strong>DAM<\/strong> y <strong>ASIR<\/strong>) y el de grado medio (<strong>SMR<\/strong>). As\u00ed como los cursos de especializaci\u00f3n en <strong>Ciberseguridad <\/strong>e<strong> Inteligencia Artificial<\/strong> <strong>y Big Data<\/strong>.\u00a0<\/p><p style=\"text-align: justify;\">Puedes ampliar\u00a0 informaci\u00f3n <a href=\"https:\/\/www.fpmislata.com\/wordpress\/formacion\/ciclos-formativos-informatica-smr-daw-dam-asir\/\" target=\"_blank\" rel=\"noopener noreferrer\"><strong>a trav\u00e9s de nuestros v\u00eddeos<\/strong>\u00a0<\/a>o en la web de la Conselleria y ver sus Reales Decretos y Curr\u00edculos:<\/p>\t\t\t\t\t<\/div>\n\t\t\t\t\t\t<\/div>\n\t\t\t\t<\/div>\n\t\t\t\t\t\t<\/div>\n\t\t\t\t\t<\/div>\n\t\t<\/div>\n\t\t\t\t\t\t\t\t<\/div>\n\t\t\t\t\t<\/div>\n\t\t<\/section>\n\t\t\t\t<section class=\"elementor-section elementor-top-section elementor-element elementor-element-6a3c60e elementor-section-boxed elementor-section-height-default elementor-section-height-default\" data-id=\"6a3c60e\" data-element_type=\"section\">\n\t\t\t\t\t\t<div class=\"elementor-container elementor-column-gap-default\">\n\t\t\t\t\t\t\t<div class=\"elementor-row\">\n\t\t\t\t\t<div class=\"elementor-column elementor-col-50 elementor-top-column elementor-element elementor-element-2edf150\" data-id=\"2edf150\" data-element_type=\"column\">\n\t\t\t<div class=\"elementor-column-wrap elementor-element-populated\">\n\t\t\t\t\t\t\t<div class=\"elementor-widget-wrap\">\n\t\t\t\t\t\t<div class=\"elementor-element elementor-element-fd75e5d elementor-widget elementor-widget-text-editor\" data-id=\"fd75e5d\" data-element_type=\"widget\" data-widget_type=\"text-editor.default\">\n\t\t\t\t<div class=\"elementor-widget-container\">\n\t\t\t\t\t\t\t\t<div class=\"elementor-text-editor elementor-clearfix\">\n\t\t\t\t\t<ul><li><a href=\"http:\/\/www.ceice.gva.es\/web\/formacion-profesional\/publicador-ciclos\/-\/asset_publisher\/FRACVC0hANWa\/content\/ciclo-formativo-desarrollo-de-aplicaciones-web\" target=\"_blank\" rel=\"noopener noreferrer\">Desarrollo de Aplicaciones Web &#8211; DAW<\/a><\/li><li><a href=\"http:\/\/www.ceice.gva.es\/web\/formacion-profesional\/publicador-ciclos\/-\/asset_publisher\/FRACVC0hANWa\/content\/ciclo-formativo-desarrollo-de-aplicaciones-multiplataforma\" target=\"_blank\" rel=\"noopener noreferrer\">Desarrollo de Aplicaciones Multiplataforma &#8211; DAM<\/a><\/li><li><a href=\"http:\/\/www.ceice.gva.es\/web\/formacion-profesional\/publicador-ciclos\/-\/asset_publisher\/FRACVC0hANWa\/content\/ciclo-formativo-administracion-de-sistemas-informaticos-en-red\" target=\"_blank\" rel=\"noopener noreferrer\">Administraci\u00f3n de Sistemas inform\u00e1ticos en Red &#8211; ASIR<\/a><\/li><li><a href=\"http:\/\/www.ceice.gva.es\/web\/formacion-profesional\/publicador-ciclos\/-\/asset_publisher\/FRACVC0hANWa\/content\/ciclo-formativo-sistemas-microinformatico-y-redes\" target=\"_blank\" rel=\"noopener noreferrer\">Sistemas Microinform\u00e1ticos y Redes &#8211;\u00a0 SMR<\/a><\/li><li><a href=\"https:\/\/www.fpmislata.com\/wordpress\/ciberseguridad\/\" target=\"_blank\" rel=\"noopener noreferrer\">Ciberseguridad<\/a><\/li><li><a href=\"https:\/\/www.fpmislata.com\/wordpress\/inteligencia-artificial-y-big-data\/\" target=\"_blank\" rel=\"noopener\">Inteligiencia Artificial y Big Data<\/a><\/li><\/ul>\t\t\t\t\t<\/div>\n\t\t\t\t\t\t<\/div>\n\t\t\t\t<\/div>\n\t\t\t\t\t\t<\/div>\n\t\t\t\t\t<\/div>\n\t\t<\/div>\n\t\t\t\t<div class=\"elementor-column elementor-col-50 elementor-top-column elementor-element elementor-element-04e4e88\" data-id=\"04e4e88\" data-element_type=\"column\">\n\t\t\t<div class=\"elementor-column-wrap elementor-element-populated\">\n\t\t\t\t\t\t\t<div class=\"elementor-widget-wrap\">\n\t\t\t\t\t\t<div class=\"elementor-element elementor-element-6880468 elementor-widget elementor-widget-image\" data-id=\"6880468\" data-element_type=\"widget\" data-widget_type=\"image.default\">\n\t\t\t\t<div class=\"elementor-widget-container\">\n\t\t\t\t\t\t\t\t<div class=\"elementor-image\">\n\t\t\t\t\t\t\t\t\t\t\t\t<img width=\"519\" height=\"340\" src=\"data:image\/gif;base64,R0lGODlhAQABAAAAACH5BAEKAAEALAAAAAABAAEAAAICTAEAOw==\" class=\"attachment-large size-large lazyload\" alt=\"\" loading=\"lazy\" sizes=\"(max-width: 519px) 100vw, 519px\" data-src=\"https:\/\/www.fpmislata.com\/wordpress\/wp-content\/uploads\/fam_informatica.jpg\" data-srcset=\"https:\/\/www.fpmislata.com\/wordpress\/wp-content\/uploads\/fam_informatica.jpg 519w, https:\/\/www.fpmislata.com\/wordpress\/wp-content\/uploads\/fam_informatica-300x197.jpg 300w\">\t\t\t\t\t\t\t\t\t\t\t\t\t\t<\/div>\n\t\t\t\t\t\t<\/div>\n\t\t\t\t<\/div>\n\t\t\t\t\t\t<\/div>\n\t\t\t\t\t<\/div>\n\t\t<\/div>\n\t\t\t\t\t\t\t\t<\/div>\n\t\t\t\t\t<\/div>\n\t\t<\/section>\n\t\t\t\t<section class=\"elementor-section elementor-top-section elementor-element elementor-element-c4f6158 elementor-section-boxed elementor-section-height-default elementor-section-height-default\" data-id=\"c4f6158\" data-element_type=\"section\">\n\t\t\t\t\t\t<div class=\"elementor-container elementor-column-gap-default\">\n\t\t\t\t\t\t\t<div class=\"elementor-row\">\n\t\t\t\t\t<div class=\"elementor-column elementor-col-100 elementor-top-column elementor-element elementor-element-db05f46\" data-id=\"db05f46\" data-element_type=\"column\">\n\t\t\t<div class=\"elementor-column-wrap elementor-element-populated\">\n\t\t\t\t\t\t\t<div class=\"elementor-widget-wrap\">\n\t\t\t\t\t\t<div class=\"elementor-element elementor-element-c02089b elementor-widget elementor-widget-text-editor\" data-id=\"c02089b\" data-element_type=\"widget\" data-widget_type=\"text-editor.default\">\n\t\t\t\t<div class=\"elementor-widget-container\">\n\t\t\t\t\t\t\t\t<div class=\"elementor-text-editor elementor-clearfix\">\n\t\t\t\t\t<p>En el \u00e1mbito de <strong>inserci\u00f3n laboral,<\/strong> colaboramos con un gran n\u00famero de empresas del sector de nuevas tecnolog\u00edas, as\u00ed como con departamentos inform\u00e1ticos de empresas de diferentes sectores, con las cuales mantenemos convenios de colaboraci\u00f3n que nos permiten, por un lado, ofrecer a los alumnos unas actividades formativas actualizadas a los requisitos del entorno empresarial y, a su vez, que puedan realizar unas pr\u00e1cticas formativas de calidad en esas empresas. Nos marcamos como objetivo muy prioritario la inserci\u00f3n laboral de nuestros alumnos, que actualmente es muy alta. <a href=\"https:\/\/docs.google.com\/presentation\/d\/e\/2PACX-1vR7-D9EvVmmzj_wXrSVDkXMfgeO9wK4cCUzNN3UU5z8v0fcZwiOT_TVEukOa8GhDreufXV36pUL9j5G\/pub?start=true&amp;loop=true&amp;delayms=3000\" target=\"_blank\" rel=\"noopener noreferrer\">Estudio de trayectoria laboral sobre nuestros alumnos titulados<\/a>.<\/p><p>Las\u00a0<strong>instalaciones<\/strong>\u00a0con las que contamos, nos permiten desarrollar actividades de simulaci\u00f3n de instalaci\u00f3n y configuraci\u00f3n de redes, comunicaciones WI-FI, creaci\u00f3n de aplicaciones para entornos empresariales de todo tipo, montaje de equipos nuevos y reparaci\u00f3n de aver\u00edas, an\u00e1lisis de grandes cantidades de datos , puesta en marcha de WEB corporativas, entre otras.<\/p><p>Contamos con\u00a0<strong>material inform\u00e1tico<\/strong> en las aulas necesario para nuestros objetivos, tal como, ordenadores por cada alumno, taller de inform\u00e1tica para practicas de HW, pizarras t\u00e1ctiles y retro-proyectores en todas las aulas, conexi\u00f3n a Internet por cable y WiFi desde todo el centro, plataforma educativa virtual (Moodle) como apoyo en todas las asignaturas y con acceso desde fuera del centro, servidores para puesta en pr\u00e1ctica de los proyectos de nuestros alumnos.<\/p>\t\t\t\t\t<\/div>\n\t\t\t\t\t\t<\/div>\n\t\t\t\t<\/div>\n\t\t\t\t\t\t<\/div>\n\t\t\t\t\t<\/div>\n\t\t<\/div>\n\t\t\t\t\t\t\t\t<\/div>\n\t\t\t\t\t<\/div>\n\t\t<\/section>\n\t\t\t\t<section class=\"elementor-section elementor-top-section elementor-element elementor-element-d3dd453 elementor-section-boxed elementor-section-height-default elementor-section-height-default\" data-id=\"d3dd453\" data-element_type=\"section\">\n\t\t\t\t\t\t<div class=\"elementor-container elementor-column-gap-default\">\n\t\t\t\t\t\t\t<div class=\"elementor-row\">\n\t\t\t\t\t<div class=\"elementor-column elementor-col-50 elementor-top-column elementor-element elementor-element-ba1c96a\" data-id=\"ba1c96a\" data-element_type=\"column\">\n\t\t\t<div class=\"elementor-column-wrap elementor-element-populated\">\n\t\t\t\t\t\t\t<div class=\"elementor-widget-wrap\">\n\t\t\t\t\t\t<div class=\"elementor-element elementor-element-2a61605 elementor-widget elementor-widget-text-editor\" data-id=\"2a61605\" data-element_type=\"widget\" data-widget_type=\"text-editor.default\">\n\t\t\t\t<div class=\"elementor-widget-container\">\n\t\t\t\t\t\t\t\t<div class=\"elementor-text-editor elementor-clearfix\">\n\t\t\t\t\t<p>Pertenecemos al programa CNAP como\u00a0<strong>academia local de CISCO SYSTEMS<\/strong>:\u00a0<a href=\"https:\/\/www.fpmislata.com\/wordpress\/departamentos\/informatica\/centro-cisco\/\">m\u00e1s informaci\u00f3n<\/a><\/p>\t\t\t\t\t<\/div>\n\t\t\t\t\t\t<\/div>\n\t\t\t\t<\/div>\n\t\t\t\t\t\t<\/div>\n\t\t\t\t\t<\/div>\n\t\t<\/div>\n\t\t\t\t<div class=\"elementor-column elementor-col-50 elementor-top-column elementor-element elementor-element-a0d8419\" data-id=\"a0d8419\" data-element_type=\"column\">\n\t\t\t<div class=\"elementor-column-wrap elementor-element-populated\">\n\t\t\t\t\t\t\t<div class=\"elementor-widget-wrap\">\n\t\t\t\t\t\t<div class=\"elementor-element elementor-element-391bac4 elementor-widget elementor-widget-image\" data-id=\"391bac4\" data-element_type=\"widget\" data-widget_type=\"image.default\">\n\t\t\t\t<div class=\"elementor-widget-container\">\n\t\t\t\t\t\t\t\t<div class=\"elementor-image\">\n\t\t\t\t\t\t\t\t\t\t\t\t<img width=\"87\" height=\"87\" src=\"data:image\/gif;base64,R0lGODlhAQABAAAAACH5BAEKAAEALAAAAAABAAEAAAICTAEAOw==\" class=\"attachment-large size-large lazyload\" alt=\"\" loading=\"lazy\" data-src=\"https:\/\/www.fpmislata.com\/wordpress\/wp-content\/uploads\/logocisco.png\">\t\t\t\t\t\t\t\t\t\t\t\t\t\t<\/div>\n\t\t\t\t\t\t<\/div>\n\t\t\t\t<\/div>\n\t\t\t\t\t\t<\/div>\n\t\t\t\t\t<\/div>\n\t\t<\/div>\n\t\t\t\t\t\t\t\t<\/div>\n\t\t\t\t\t<\/div>\n\t\t<\/section>\n\t\t\t\t<section class=\"elementor-section elementor-top-section elementor-element elementor-element-72bf5a8 elementor-section-boxed elementor-section-height-default elementor-section-height-default\" data-id=\"72bf5a8\" data-element_type=\"section\">\n\t\t\t\t\t\t<div class=\"elementor-container elementor-column-gap-default\">\n\t\t\t\t\t\t\t<div class=\"elementor-row\">\n\t\t\t\t\t<div class=\"elementor-column elementor-col-100 elementor-top-column elementor-element elementor-element-73c725f\" data-id=\"73c725f\" data-element_type=\"column\">\n\t\t\t<div class=\"elementor-column-wrap elementor-element-populated\">\n\t\t\t\t\t\t\t<div class=\"elementor-widget-wrap\">\n\t\t\t\t\t\t<div class=\"elementor-element elementor-element-3b92607 elementor-widget elementor-widget-text-editor\" data-id=\"3b92607\" data-element_type=\"widget\" data-widget_type=\"text-editor.default\">\n\t\t\t\t<div class=\"elementor-widget-container\">\n\t\t\t\t\t\t\t\t<div class=\"elementor-text-editor elementor-clearfix\">\n\t\t\t\t\t<p>Hemos sido\u00a0<strong><a href=\"https:\/\/www.fpmislata.com\/wordpress\/premio-al-centro-segtic\/\" target=\"_blank\" rel=\"noopener\">premiados por la implantaci\u00f3n del curso de especializaci\u00f3n en Ciberseguridad en la XIV edici\u00f3n<\/a>\u00a0<\/strong>de los premios organizados por la prestigiosa revista RED SEGURIDAD en la\u00a0<a href=\"https:\/\/www.redseguridad.com\/actualidad\/conoce-los-ganadores-de-los-xiv-trofeos-de-la-seguridad-tic_20211122.html\" target=\"_blank\" rel=\"noopener\">categoria de centro educativo segtic<\/a>\u00a0del a\u00f1o.<\/p><p>Desde abril de 2022, somos tambi\u00e9n <strong><a href=\"https:\/\/www.fpmislata.com\/wordpress\/fortinet-somos-centro-autorizado\/\" target=\"_blank\" rel=\"noopener\">centro autorizado de formaci\u00f3n Fortinet<\/a>,<\/strong> multinacional estadounidense l\u00edder mundial en ciberseguridad. Con este acuerdo, el CIPFP Mislata proporciona al alumnado del curso de ciberseguridad, formaci\u00f3n de la m\u00e1s alta calidad.<\/p><p>Os recomendamos venir a conocer nuestras instalaciones, ampliar informaci\u00f3n de <a href=\"https:\/\/www.fpmislata.com\/wordpress\/formacion\/ciclos-formativos-informatica-smr-daw-dam-asir\/\" target=\"_blank\" rel=\"noopener noreferrer\">nuestros ciclos<\/a>, visitar nuestro <a href=\"https:\/\/www.youtube.com\/channel\/UCF7uKqVxhnS88FeaSgXInPg\" target=\"_blank\" rel=\"noopener noreferrer\">canal de Youtube<\/a>, o deteneros en la galer\u00eda fotogr\u00e1fica de las actividades que realizamos con nuestros alumnos. Cualquier informaci\u00f3n que necesit\u00e9is sobre los estudios de esta familia estamos a vuestra disposici\u00f3n.<\/p><p>Os esperamos en nuestras\u00a0<a href=\"https:\/\/www.fpmislata.com\/wordpress\/puertas-abiertas\/\" target=\"_blank\" rel=\"noopener\">jornadas de puertas abiertas<\/a>. Para m\u00e1s informaci\u00f3n contacta con nosotros a trav\u00e9s de la direcci\u00f3n:\u00a0<a href=\"mailto:informatica@fpmislata.com\" target=\"_blank\" rel=\"noopener\"><strong>informatica@fpmislata.com<\/strong><\/a><\/p>\t\t\t\t\t<\/div>\n\t\t\t\t\t\t<\/div>\n\t\t\t\t<\/div>\n\t\t\t\t\t\t<\/div>\n\t\t\t\t\t<\/div>\n\t\t<\/div>\n\t\t\t\t\t\t\t\t<\/div>\n\t\t\t\t\t<\/div>\n\t\t<\/section>\n\t\t\t\t\t\t<\/div>\n\t\t\t\t\t\t<\/div>\n\t\t\t\t\t<\/div>\n\t\t","protected":false},"excerpt":{"rendered":"<p>El Departamento de Inform\u00e1tica y comunicaciones del CIPFP de Mislata, os da la bienvenida a nuestro espacio en la red, al mundo de desarrollo de SW, comunicaciones e Internet, al conocimiento de las ultimas generaciones de componentes HW, al manejo de grandes servidores. Actualmente ofrecemos toda la oferta formativa de la familia de inform\u00e1tica. Pertenecemos&hellip;<\/p>\n","protected":false},"author":1,"featured_media":1848,"parent":61,"menu_order":2,"comment_status":"closed","ping_status":"closed","template":"","meta":{"ngg_post_thumbnail":0},"_links":{"self":[{"href":"https:\/\/www.fpmislata.com\/wordpress\/wp-json\/wp\/v2\/pages\/77"}],"collection":[{"href":"https:\/\/www.fpmislata.com\/wordpress\/wp-json\/wp\/v2\/pages"}],"about":[{"href":"https:\/\/www.fpmislata.com\/wordpress\/wp-json\/wp\/v2\/types\/page"}],"author":[{"embeddable":true,"href":"https:\/\/www.fpmislata.com\/wordpress\/wp-json\/wp\/v2\/users\/1"}],"replies":[{"embeddable":true,"href":"https:\/\/www.fpmislata.com\/wordpress\/wp-json\/wp\/v2\/comments?post=77"}],"version-history":[{"count":27,"href":"https:\/\/www.fpmislata.com\/wordpress\/wp-json\/wp\/v2\/pages\/77\/revisions"}],"predecessor-version":[{"id":10106,"href":"https:\/\/www.fpmislata.com\/wordpress\/wp-json\/wp\/v2\/pages\/77\/revisions\/10106"}],"up":[{"embeddable":true,"href":"https:\/\/www.fpmislata.com\/wordpress\/wp-json\/wp\/v2\/pages\/61"}],"wp:featuredmedia":[{"embeddable":true,"href":"https:\/\/www.fpmislata.com\/wordpress\/wp-json\/wp\/v2\/media\/1848"}],"wp:attachment":[{"href":"https:\/\/www.fpmislata.com\/wordpress\/wp-json\/wp\/v2\/media?parent=77"}],"curies":[{"name":"wp","href":"https:\/\/api.w.org\/{rel}","templated":true}]}}