{"id":812,"date":"2018-04-25T03:10:54","date_gmt":"2018-04-25T07:10:54","guid":{"rendered":"http:\/\/www.fpmislata.com\/wordpress\/?page_id=812"},"modified":"2025-05-15T12:16:32","modified_gmt":"2025-05-15T16:16:32","slug":"por-que-estudiar-en-mislata","status":"publish","type":"page","link":"https:\/\/www.fpmislata.com\/wordpress\/por-que-estudiar-en-mislata\/","title":{"rendered":"\u00bfPor qu\u00e9 estudiar en Mislata?"},"content":{"rendered":"<p><\/p>\n<p>\t\t\t<iframe loading=\"lazy\" src=\"about:blank\" width=\"100%\" height=\"500px\" class=\"lazyload\" data-src=\"https:\/\/app.powerbi.com\/view?r=eyJrIjoiZWIxNGJkMWUtZTViZi00OTcwLTlkZDMtNTEyZDEyMmY1NDRmIiwidCI6IjAzZTRjNDY2LTk4NzAtNDJjMC1hN2JmLTljZTcyOGQ5ZGUxYSIsImMiOjl9&amp;pageName=ReportSectionc4e6bb08981681bee921\"><\/iframe>\t\t<\/p>\n<p><\/p>\n\n\n<p><\/p>\n\n\n<p><strong>CIPFP Mislata<\/strong>&nbsp;es un referente en la Formaci\u00f3n Profesional de la Comunidad Valenciana.<\/p>\n<p>Tenemos numerosas razones para que, al menos, nos hagas una visita, tales como nuestros esfuerzos en la pol\u00edtica de calidad, nuestras altas tasas de inserci\u00f3n laboral, el uso intensivo de las nuevas tecnolog\u00edas aplicadas a la docencia y muchas m\u00e1s que podr\u00e1s descubrir en este art\u00edculo..<\/p>\n<p>https:\/\/youtu.be\/ElBbGaAf7ckhttps:\/\/youtu.be\/H4OaVU8ISz4<\/p>\n<h3>Beneficios de estudiar en el Instituto de Formaci\u00f3n Profesional Superior Mislata<\/h3>\n<p>&nbsp;<\/p>\n\n\n<p><\/p>\n","protected":false},"excerpt":{"rendered":"<p>CIPFP Mislata es un referente en la Formaci\u00f3n Profesional de la Comunidad Valenciana, miembro de la red de Centros Integrados.<br \/>\nCalidad pedag\u00f3gica<br \/>\nLa m\u00e1s alta inserci\u00f3n Laboral.<\/p>\n","protected":false},"author":1,"featured_media":0,"parent":0,"menu_order":0,"comment_status":"closed","ping_status":"closed","template":"","meta":{"ngg_post_thumbnail":0},"_links":{"self":[{"href":"https:\/\/www.fpmislata.com\/wordpress\/wp-json\/wp\/v2\/pages\/812"}],"collection":[{"href":"https:\/\/www.fpmislata.com\/wordpress\/wp-json\/wp\/v2\/pages"}],"about":[{"href":"https:\/\/www.fpmislata.com\/wordpress\/wp-json\/wp\/v2\/types\/page"}],"author":[{"embeddable":true,"href":"https:\/\/www.fpmislata.com\/wordpress\/wp-json\/wp\/v2\/users\/1"}],"replies":[{"embeddable":true,"href":"https:\/\/www.fpmislata.com\/wordpress\/wp-json\/wp\/v2\/comments?post=812"}],"version-history":[{"count":38,"href":"https:\/\/www.fpmislata.com\/wordpress\/wp-json\/wp\/v2\/pages\/812\/revisions"}],"predecessor-version":[{"id":15707,"href":"https:\/\/www.fpmislata.com\/wordpress\/wp-json\/wp\/v2\/pages\/812\/revisions\/15707"}],"wp:attachment":[{"href":"https:\/\/www.fpmislata.com\/wordpress\/wp-json\/wp\/v2\/media?parent=812"}],"curies":[{"name":"wp","href":"https:\/\/api.w.org\/{rel}","templated":true}]}}