{"id":8536,"date":"2021-07-09T11:56:35","date_gmt":"2021-07-09T15:56:35","guid":{"rendered":"https:\/\/www.fpmislata.com\/wordpress\/?page_id=8536"},"modified":"2021-07-09T12:23:40","modified_gmt":"2021-07-09T16:23:40","slug":"que-es-un-master-curso-de-especializacion-fp","status":"publish","type":"page","link":"https:\/\/www.fpmislata.com\/wordpress\/que-es-un-master-curso-de-especializacion-fp\/","title":{"rendered":"Que es un Master &#8211; Curso de Especializaci\u00f3n FP"},"content":{"rendered":"<h2><span style=\"font-weight: 400;\">M\u00e1ster para Formaci\u00f3n Profesional (FP)<\/span><\/h2>\n<p><span style=\"font-weight: 400;\">Son la forma coloquial de identificar a los <strong>cursos de especializacion<\/strong> de FP. Se <\/span><span style=\"font-weight: 400;\">crean con la intenci\u00f3n de incrementar los conocimientos adquiridos por el alumnado a lo largo de un ciclo formativo de grado superior (CFGS). Esto permite que <\/span><b>el alumnado pueda especializarse en \u00e1reas t\u00e9cnicas de forma m\u00e1s espec\u00edfica<\/b><span style=\"font-weight: 400;\">.<\/span><\/p>\n<p><span style=\"font-weight: 400;\">Para que se entienda mejor, un m\u00e1ster en formaci\u00f3n profesional, se equipara con un m\u00e1ster universitario ya que ofrece las mismas posibilidades de especializaci\u00f3n dependiendo del \u00e1rea que se estudie.<\/span><\/p>\n<p><span style=\"font-weight: 400;\">La ventaja de estudiar un m\u00e1ster en FP, tambi\u00e9n llamados cursos de especializaci\u00f3n, es que <\/span><b>est\u00e1n orientados al mercado laboral m\u00e1s actual<\/b><span style=\"font-weight: 400;\">. Un mercado que debido a la escasez de titulados en \u00e1reas muy espec\u00edficas, aqu\u00ed puede encontrar la ocasi\u00f3n para actualizar conocimientos y por tanto a la hora de buscar una salida laboral, poder optar a estas ofertas laborales tan demandadas con m\u00e1s garant\u00edas y una mejor preparaci\u00f3n.<\/span><\/p>\n<p><span style=\"font-weight: 400;\">Estos cursos de especializaci\u00f3n para CFGS, est\u00e1n programados para durar un curso lectivo, pudiendo empezar en octubre y finalizarlo en mayo. Tienen un <\/span><b>car\u00e1cter oficial a nivel nacional<\/b><span style=\"font-weight: 400;\">, ya que vienen definidos por el Ministerio de Educaci\u00f3n. Esto <\/span><b>certifica al alumno con la formaci\u00f3n necesaria<\/b><span style=\"font-weight: 400;\"> al igual que cuando se obtiene un t\u00edtulo de formaci\u00f3n profesional.&nbsp;<\/span><\/p>\n<p><span style=\"font-weight: 400;\">Los contenidos que se ven en estos m\u00e1steres tienen tanto contenido te\u00f3rico como pr\u00e1ctico y las oportunidades que pueden derivar de acceder a ofertas de trabajo en <\/span><b>empresas exclusivamente dedicadas a las competencias que se aprenden<\/b><span style=\"font-weight: 400;\"> en los m\u00e1steres.<\/span><\/p>\n<h2><span style=\"font-weight: 400;\">\u00bfC\u00f3mo se puede acceder a estos m\u00e1steres?<\/span><\/h2>\n<p><span style=\"font-weight: 400;\">Solo existe un \u00fanico requisito para poder acceder a los cursos de especializaci\u00f3n en FP, y es haber obtenido como m\u00ednimo una titulaci\u00f3n en un ciclo formativo de grado superior. La disponibilidad de acceder a ellos es abierta, pero se tiene que ver que haya una compatibilidad entre familias del ciclo formativo de grado superior que se tiene y el m\u00e1ster que se quiere cursar.<\/span><\/p>\n<p><span style=\"font-weight: 400;\">De todas las familias de ciclos formativos que existen actualmente, no todas ellas tienen cursos de especializaci\u00f3n, pero en las inversiones de los fondos europeos previstas para los pr\u00f3ximos a\u00f1os, es probable que aumente esta oferta de cursos de especializaci\u00f3n tras haber cursado un ciclo formativo de grado superior.<\/span><\/p>\n<p><span style=\"font-weight: 400;\">Actualmente en nuestro <\/span><a href=\"https:\/\/www.fpmislata.com\/wordpress\/\"><span style=\"font-weight: 400;\">centro<\/span><\/a><span style=\"font-weight: 400;\"> disponemos de dos m\u00e1steres en FP:<\/span><\/p>\n<ul>\n<li style=\"font-weight: 400;\" aria-level=\"1\"><a href=\"https:\/\/www.fpmislata.com\/wordpress\/inteligencia-artificial-y-big-data\/\" target=\"_blank\" rel=\"noopener\"><span style=\"font-weight: 400;\">BIG DATA \u2013 Curso de especializaci\u00f3n en Inteligencia Artificial y BIG DATA<\/span><\/a><\/li>\n<li style=\"font-weight: 400;\" aria-level=\"1\"><a href=\"https:\/\/www.fpmislata.com\/wordpress\/ciberseguridad\/\" target=\"_blank\" rel=\"noopener\"><span style=\"font-weight: 400;\">CIBERSEGURIDAD \u2013 Curso de especializaci\u00f3n en Ciberseguridad<\/span><\/a><\/li>\n<\/ul>\n<p><span style=\"font-weight: 400;\">Ambos pertenecen a la <\/span><a href=\"https:\/\/www.fpmislata.com\/wordpress\/formacion\/ciclos-formativos-informatica-smr-daw-dam-asir\/\"><span style=\"font-weight: 400;\">familia de inform\u00e1tica<\/span><\/a><span style=\"font-weight: 400;\"> y sus requisitos son m\u00ednimos para acceder a ellos, ser\u00eda haber cursado alguno de los ciclos formativos de grado superior que se ofertan en nuestro centro: <\/span><span style=\"font-weight: 400;\">T\u00e9cnico superior en Administraci\u00f3n de Sistemas Inform\u00e1ticos en Red, en Desarrollo de Aplicaciones Web o en Desarrollo de Aplicaciones Multiplataforma.<\/span><\/p>\n","protected":false},"excerpt":{"rendered":"<p>M\u00e1ster para Formaci\u00f3n Profesional (FP) Son la forma coloquial de identificar a los cursos de especializacion de FP. Se crean con la intenci\u00f3n de incrementar los conocimientos adquiridos por el alumnado a lo largo de un ciclo formativo de grado superior (CFGS). Esto permite que el alumnado pueda especializarse en \u00e1reas t\u00e9cnicas de forma m\u00e1s&hellip;<\/p>\n","protected":false},"author":3,"featured_media":8538,"parent":0,"menu_order":0,"comment_status":"closed","ping_status":"closed","template":"","meta":{"ngg_post_thumbnail":0},"_links":{"self":[{"href":"https:\/\/www.fpmislata.com\/wordpress\/wp-json\/wp\/v2\/pages\/8536"}],"collection":[{"href":"https:\/\/www.fpmislata.com\/wordpress\/wp-json\/wp\/v2\/pages"}],"about":[{"href":"https:\/\/www.fpmislata.com\/wordpress\/wp-json\/wp\/v2\/types\/page"}],"author":[{"embeddable":true,"href":"https:\/\/www.fpmislata.com\/wordpress\/wp-json\/wp\/v2\/users\/3"}],"replies":[{"embeddable":true,"href":"https:\/\/www.fpmislata.com\/wordpress\/wp-json\/wp\/v2\/comments?post=8536"}],"version-history":[{"count":1,"href":"https:\/\/www.fpmislata.com\/wordpress\/wp-json\/wp\/v2\/pages\/8536\/revisions"}],"predecessor-version":[{"id":8537,"href":"https:\/\/www.fpmislata.com\/wordpress\/wp-json\/wp\/v2\/pages\/8536\/revisions\/8537"}],"wp:featuredmedia":[{"embeddable":true,"href":"https:\/\/www.fpmislata.com\/wordpress\/wp-json\/wp\/v2\/media\/8538"}],"wp:attachment":[{"href":"https:\/\/www.fpmislata.com\/wordpress\/wp-json\/wp\/v2\/media?parent=8536"}],"curies":[{"name":"wp","href":"https:\/\/api.w.org\/{rel}","templated":true}]}}