{"id":960,"date":"2018-05-03T05:25:04","date_gmt":"2018-05-03T09:25:04","guid":{"rendered":"http:\/\/www.fpmislata.com\/wordpress\/?page_id=960"},"modified":"2022-06-04T12:34:22","modified_gmt":"2022-06-04T16:34:22","slug":"tramites-modelos-mas-habituales","status":"publish","type":"page","link":"https:\/\/www.fpmislata.com\/wordpress\/secretaria\/tramites\/tramites-modelos-mas-habituales\/","title":{"rendered":"Tr\u00e1mites. M\u00f3delos m\u00e1s habituales"},"content":{"rendered":"<p style=\"text-align: center;\"><span style=\"text-decoration: underline;\"><span style=\"font-size: 14pt; color: #0000ff; text-decoration: underline;\"><strong>MODELOS<\/strong><\/span><\/span><\/p>\n<hr>\n<p><span style=\"font-size: 12pt; color: #000000;\">A continuaci\u00f3n encontrar\u00e1s un resumen de los modelos utilizados m\u00e1s habitualmente en la Gesti\u00f3n Administrativa del alumnado. La explicaci\u00f3n de su utilidad est\u00e1 en el men\u00fa SECRETAR\u00cdA \/ TR\u00c1MITES:<\/span><\/p>\n<p><span style=\"text-decoration: underline;\"><span style=\"font-size: 12pt; color: #ff0000; text-decoration: underline;\"><strong>GENERALES<\/strong>&nbsp;<\/span><\/span><\/p>\n<p><span style=\"font-size: 12pt; color: #0000ff;\"><a style=\"color: #0000ff;\" href=\"https:\/\/www.fpmislata.com\/wordpress\/wp-content\/uploads\/autorizaci\u00f3n-1.pdf\" target=\"_blank\" rel=\"noopener noreferrer\">Autorizaci\u00f3n<\/a><\/span><\/p>\n<p><span style=\"font-size: 12pt; color: #0000ff;\"><a style=\"color: #0000ff;\" href=\"https:\/\/www.fpmislata.com\/wordpress\/wp-content\/uploads\/01946_BI-NUEVA-INSTANCIA-GENERAL.pdf\" target=\"_blank\" rel=\"noopener noreferrer\">Instancia general<\/a><\/span><\/p>\n<p><span style=\"font-size: 12pt; color: #0000ff;\"><a style=\"color: #0000ff;\" href=\"https:\/\/www.fpmislata.com\/wordpress\/wp-content\/uploads\/Solicitud-certificado-formulario.pdf\" target=\"_blank\" rel=\"noopener noreferrer\">Solicitud de certificado<\/a><\/span><\/p>\n<p><span style=\"font-size: 12pt; color: #0000ff;\"><a style=\"color: #0000ff;\" href=\"https:\/\/www.fpmislata.com\/wordpress\/wp-content\/uploads\/Modelo-Reclamaci\u00f3n-calificaciones.pdf\" target=\"_blank\" rel=\"noopener noreferrer\">Reclamaci\u00f3n Calificaciones<\/a><\/span><\/p>\n<p><span style=\"font-size: 12pt; color: #0000ff;\"><a style=\"color: #0000ff;\" href=\"https:\/\/www.fpmislata.com\/moodle\/fpmislata\/forms_bd_moodle\/forms_bd_moodle_Reclamacions.php?database=33\" target=\"_blank\" rel=\"noopener noreferrer\">Formulario Reclamaci\u00f3n Calificaciones 2020<\/a><\/span><\/p>\n<p><span style=\"font-size: 12pt; color: #0000ff;\"><a style=\"color: #0000ff;\" href=\"https:\/\/www.fpmislata.com\/wordpress\/wp-content\/uploads\/Sol-licitud_ACCES_WEB_FAMILIA-1.pdf\" target=\"_blank\" rel=\"noopener noreferrer\">Solicitud de web familia<\/a><\/span><\/p>\n<p><span style=\"text-decoration: underline; color: #ff0000;\"><span style=\"font-size: 12pt;\"><strong>MATR\u00cdCULA Y CONVOCATORIAS<\/strong><\/span><\/span><\/p>\n<p><span style=\"font-size: 12pt; color: #0000ff;\"><a style=\"color: #0000ff;\" href=\"https:\/\/www.fpmislata.com\/wordpress\/wp-content\/uploads\/solicitud_renuncia_de_convocatoria.pdf\" target=\"_blank\" rel=\"noopener noreferrer\">Solicitud renuncia de convocatoria<\/a><\/span><\/p>\n<p><span style=\"font-size: 12pt; color: #0000ff;\"><a style=\"color: #0000ff;\" href=\"https:\/\/www.fpmislata.com\/wordpress\/wp-content\/uploads\/Solicitud-renuncia-m\u00f3dulo-FCT.pdf\" target=\"_blank\" rel=\"noopener noreferrer\">Solicitud renuncia m\u00f3dulo FCT curso 2019\/20<\/a><\/span><\/p>\n<p><span style=\"font-size: 12pt; color: #0000ff;\"><a style=\"color: #0000ff;\" href=\"https:\/\/www.fpmislata.com\/wordpress\/wp-content\/uploads\/solicitud-calificacion-modulos-mismo-codigo.pdf\" target=\"_blank\" rel=\"noopener noreferrer\">Solicitud reconocimiento m\u00f3dulos aprobados anteriormente<\/a><\/span><\/p>\n<p><span style=\"font-size: 12pt; color: #0000ff;\">&nbsp;<a style=\"color: #0000ff;\" href=\"https:\/\/www.fpmislata.com\/wordpress\/wp-content\/uploads\/solicitud_anulaci\u00f3n_de_matr\u00edcula.pdf\" target=\"_blank\" rel=\"noopener noreferrer\">Solicitud anulaci\u00f3n de matr\u00edcula completa<\/a><\/span><\/p>\n<p><span style=\"font-size: 12pt; color: #0000ff;\"><a style=\"color: #0000ff;\" href=\"https:\/\/www.fpmislata.com\/wordpress\/wp-content\/uploads\/Solicitud-cambio-turno-alumnos-del-centro-formulario.pdf\" target=\"_blank\" rel=\"noopener noreferrer\">Solicitud de Turno<\/a><\/span><\/p>\n<p><span style=\"font-size: 12pt; color: #0000ff;\"><a style=\"color: #0000ff;\" href=\"https:\/\/www.fpmislata.com\/wordpress\/wp-content\/uploads\/solicitud-de-matricula-finalizado-proceso-admisi\u00f3n-FORMULARIO.pdf\" target=\"_blank\" rel=\"noopener noreferrer\">Solicitud de matr\u00edcula finalizado el proceso de admisi\u00f3n<\/a><\/span><\/p>\n<p><span style=\"font-size: 12pt; color: #0000ff;\"><a style=\"color: #0000ff;\" href=\"https:\/\/www.fpmislata.com\/wordpress\/wp-content\/uploads\/4-2122-Comunicado-al-alumno-ejemplar-centro-con-convocatorias-1.pdf\" target=\"_blank\" rel=\"noopener noreferrer\">Comunicado al alumnado \u00abEjemplar para el centro\u00bb<\/a><\/span><\/p>\n<p><span style=\"font-size: 12pt; color: #0000ff;\"><a style=\"color: #0000ff;\" href=\"https:\/\/www.fpmislata.com\/wordpress\/wp-content\/uploads\/3-1920-Autorizaci%C3%B3n-tratamiento-informacion-personal-castellano.pdf\" target=\"_blank\" rel=\"noopener noreferrer\">Modelo de consentimiento para la recogida de datos<\/a><\/span><\/p>\n<p><span style=\"text-decoration: underline; color: #ff0000;\"><span style=\"font-size: 12pt;\"><strong>MATR\u00cdCULA Y CONVOCATORIAS SEMIPRESENCIAL<\/strong><\/span><\/span><\/p>\n<p><span style=\"font-size: 12pt; color: #0000ff;\"><a style=\"color: #0000ff;\" href=\"https:\/\/www.fpmislata.com\/wordpress\/wp-content\/uploads\/anulaci\u00f3n-por-m\u00f3dulos-semipresencial.pdf\" target=\"_blank\" rel=\"noopener noreferrer\">Solicitud anulaci\u00f3n de m\u00f3dulos<\/a>&nbsp;(S\u00f3lo ciclos semipresenciales)<\/span><\/p>\n<p><span style=\"font-size: 12pt; color: #0000ff;\"><a style=\"color: #0000ff;\" href=\"https:\/\/www.fpmislata.com\/wordpress\/wp-content\/uploads\/7-SOLICITUD-MATRICULA-SEMI-DAW_DAM-formulario.pdf\" target=\"_blank\" rel=\"noopener noreferrer\">Solicitud matr\u00edcula m\u00f3dulos semi DAW-DAM<\/a><\/span><\/p>\n<p><a href=\"https:\/\/www.fpmislata.com\/wordpress\/wp-content\/uploads\/7-SOLICITUD-MATRICULA-SEMI-AF-formulario.pdf\"><span style=\"font-size: 12pt; color: #0000ff;\">Solicitud de matr\u00edcula m\u00f3dulos semi AF<\/span><\/a><\/p>\n<p><a href=\"https:\/\/www.fpmislata.com\/wordpress\/wp-content\/uploads\/7-SOLICITUD-MATRICULA-SEMI-GAT-formulario.pdf\"><span style=\"font-size: 12pt; color: #0000ff;\">Solicitud de matr\u00edcula m\u00f3dulos semi GAT<\/span><\/a><\/p>\n<p><a href=\"https:\/\/www.fpmislata.com\/wordpress\/wp-content\/uploads\/7-SOLICITUD-MATRICULA-SEMI-MP-formulario.pdf\"><span style=\"font-size: 12pt; color: #0000ff;\">Solicitud de matr\u00edcula m\u00f3dulos semi AF<\/span><\/a><\/p>\n<p><span style=\"font-size: 12pt; color: #0000ff;\"><a style=\"color: #0000ff;\" href=\"https:\/\/www.fpmislata.com\/wordpress\/wp-content\/uploads\/7-SOLICITUD-MATRICULA-SEMI-GA-formulario.pdf\" target=\"_blank\" rel=\"noopener noreferrer\">Solicitud de matr\u00edcula m\u00f3dulos semi GA<\/a><\/span><\/p>\n<p><span style=\"font-size: 12pt; color: #0000ff;\"><a style=\"color: #0000ff;\" href=\"https:\/\/www.fpmislata.com\/wordpress\/wp-content\/uploads\/7-SOLICITUD-MATRICULA-SEMI-CAE-formulario.pdf\" target=\"_blank\" rel=\"noopener noreferrer\">Solicitud de matr\u00edcula m\u00f3dulos semi CAE<\/a><\/span><\/p>\n<p><span style=\"font-size: 12pt; color: #0000ff;\"><a style=\"color: #0000ff;\" href=\"https:\/\/www.fpmislata.com\/wordpress\/wp-content\/uploads\/solicitud-de-matricula-finalizado-proceso-admisi\u00f3n-FORMULARIO.pdf\" target=\"_blank\" rel=\"noopener noreferrer\">Solicitud de matr\u00edcula finalizado el proceso de admisi\u00f3n<\/a><\/span><\/p>\n<p><span style=\"font-size: 12pt; color: #ff0000;\"><strong>CONVALIDACIONES<\/strong><\/span><\/p>\n<p><span style=\"font-size: 12pt; color: #0000ff;\">&nbsp;<a style=\"color: #0000ff;\" href=\"https:\/\/www.fpmislata.com\/wordpress\/wp-content\/uploads\/MODELO-SOLICITUD-CONVALIDACION-MEC-2021.pdf\" target=\"_blank\" rel=\"noopener noreferrer\">Solicitud de convalidaci\u00f3n resoluci\u00f3n Ministerio Educaci\u00f3n<\/a><\/span><\/p>\n<p><span style=\"font-size: 12pt; color: #0000ff;\">&nbsp;<a style=\"color: #0000ff;\" href=\"https:\/\/www.fpmislata.com\/wordpress\/wp-content\/uploads\/AUTORIZACI\u00d3N-DATOS-A-MINISTERIO-formulario.pdf\" target=\"_blank\" rel=\"noopener noreferrer\">Autorizaci\u00f3n cesi\u00f3n datos al Ministerio de Educaci\u00f3n<\/a><\/span><\/p>\n<p><span style=\"font-size: 12pt; color: #0000ff;\">&nbsp;<a style=\"color: #0000ff;\" href=\"https:\/\/www.fpmislata.com\/wordpress\/wp-content\/uploads\/Solicitud-de-convalidaci\u00f3n-ciclos-formativos-loe.pdf\" target=\"_blank\" rel=\"noopener noreferrer\">Solicitud de convalidaci\u00f3n ciclos formativos LOE<\/a><\/span><\/p>\n<p><span style=\"font-size: 12pt; color: #0000ff;\">&nbsp;<a style=\"color: #0000ff;\" href=\"https:\/\/www.fpmislata.com\/wordpress\/wp-content\/uploads\/Solicitud-de-convalidaci\u00f3n-ciclos-formativos-logse.pdf\" target=\"_blank\" rel=\"noopener noreferrer\">Solicitud de convalidaci\u00f3n ciclos formativos LOGSE<\/a><\/span><\/p>\n<p><span style=\"font-size: 12pt; color: #0000ff;\"><a style=\"color: #0000ff;\" href=\"https:\/\/www.fpmislata.com\/wordpress\/wp-content\/uploads\/solicitud-convalidaci\u00f3n-Conselleria-de-Educaci\u00f3n.pdf\" target=\"_blank\" rel=\"noopener noreferrer\">Solicitud de convalidaci\u00f3n resoluci\u00f3n Conseller\u00eda de Educaci\u00f3n (Ingl\u00e9s T\u00e9cnico)<\/a><\/span><\/p>\n<p><span style=\"text-decoration: underline;\"><span style=\"font-size: 12pt; color: #ff0000; text-decoration: underline;\"><strong>FCT<\/strong><\/span><\/span><\/p>\n<p><span style=\"font-size: 12pt; color: #0000ff;\"><a style=\"color: #0000ff;\" href=\"https:\/\/www.fpmislata.com\/wordpress\/wp-content\/uploads\/solicitud_exenci\u00f3n_fct.pdf\" target=\"_blank\" rel=\"noopener noreferrer\">Solicitud exenci\u00f3n FCT<\/a><\/span><\/p>\n<p><span style=\"font-size: 12pt; color: #0000ff;\"><a style=\"color: #0000ff;\" href=\"http:\/\/www.fpmislata.com\/joomla\/images\/stories\/departamentos\/secretaria\/convocatorias\/solicitud_renuncia_de_convocatoria.pdf\" target=\"_blank\" rel=\"noopener noreferrer\">&nbsp;<\/a><a style=\"color: #0000ff;\" href=\"https:\/\/www.fpmislata.com\/wordpress\/wp-content\/uploads\/solicitud-aplazamiento-calificaci\u00f3n-fct.pdf\" target=\"_blank\" rel=\"noopener noreferrer\">Solicitud aplazamiento calificaci\u00f3n FCT<\/a><\/span><\/p>\n<p><span style=\"text-decoration: underline;\"><span style=\"font-size: 12pt; color: #ff0000; text-decoration: underline;\"><strong>T\u00cdTULOS<\/strong><\/span><\/span><\/p>\n<p><a href=\"https:\/\/www.fpmislata.com\/wordpress\/wp-content\/uploads\/2122-FORMULARIO-SOLICITUD-TITULO-WEB.pdf\"><span style=\"font-size: 12pt; color: #0000ff;\">Solicitud T\u00edtulo<\/span><\/a><\/p>\n<p><span style=\"font-size: 12pt; color: #0000ff;\"><a style=\"color: #0000ff;\" href=\"https:\/\/www.fpmislata.com\/wordpress\/wp-content\/uploads\/Autorizaci\u00f3n-RECOGIDA-DE-T\u00cdTULO.pdf\" target=\"_blank\" rel=\"noopener noreferrer\">Autorizaci\u00f3n para recoger t\u00edtulo en nombre del titular<\/a><\/span><\/p>\n","protected":false},"excerpt":{"rendered":"<p>MODELOS A continuaci\u00f3n encontrar\u00e1s un resumen de los modelos utilizados m\u00e1s habitualmente en la Gesti\u00f3n Administrativa del alumnado. La explicaci\u00f3n de su utilidad est\u00e1 en el men\u00fa SECRETAR\u00cdA \/ TR\u00c1MITES: GENERALES&nbsp; Autorizaci\u00f3n Instancia general Solicitud de certificado Reclamaci\u00f3n Calificaciones Formulario Reclamaci\u00f3n Calificaciones 2020 Solicitud de web familia MATR\u00cdCULA Y CONVOCATORIAS Solicitud renuncia de convocatoria Solicitud&hellip;<\/p>\n","protected":false},"author":1,"featured_media":0,"parent":522,"menu_order":0,"comment_status":"closed","ping_status":"closed","template":"","meta":{"ngg_post_thumbnail":0},"_links":{"self":[{"href":"https:\/\/www.fpmislata.com\/wordpress\/wp-json\/wp\/v2\/pages\/960"}],"collection":[{"href":"https:\/\/www.fpmislata.com\/wordpress\/wp-json\/wp\/v2\/pages"}],"about":[{"href":"https:\/\/www.fpmislata.com\/wordpress\/wp-json\/wp\/v2\/types\/page"}],"author":[{"embeddable":true,"href":"https:\/\/www.fpmislata.com\/wordpress\/wp-json\/wp\/v2\/users\/1"}],"replies":[{"embeddable":true,"href":"https:\/\/www.fpmislata.com\/wordpress\/wp-json\/wp\/v2\/comments?post=960"}],"version-history":[{"count":4,"href":"https:\/\/www.fpmislata.com\/wordpress\/wp-json\/wp\/v2\/pages\/960\/revisions"}],"predecessor-version":[{"id":10393,"href":"https:\/\/www.fpmislata.com\/wordpress\/wp-json\/wp\/v2\/pages\/960\/revisions\/10393"}],"up":[{"embeddable":true,"href":"https:\/\/www.fpmislata.com\/wordpress\/wp-json\/wp\/v2\/pages\/522"}],"wp:attachment":[{"href":"https:\/\/www.fpmislata.com\/wordpress\/wp-json\/wp\/v2\/media?parent=960"}],"curies":[{"name":"wp","href":"https:\/\/api.w.org\/{rel}","templated":true}]}}