{"id":9874,"date":"2022-05-05T05:08:38","date_gmt":"2022-05-05T09:08:38","guid":{"rendered":"https:\/\/www.fpmislata.com\/wordpress\/?page_id=9874"},"modified":"2024-06-18T05:45:31","modified_gmt":"2024-06-18T09:45:31","slug":"inteligencia-artificial-y-big-data-2","status":"publish","type":"page","link":"https:\/\/www.fpmislata.com\/wordpress\/inteligencia-artificial-y-big-data-2\/","title":{"rendered":"Inteligencia Artificial y Big Data"},"content":{"rendered":"\t\t<div data-elementor-type=\"wp-page\" data-elementor-id=\"9874\" class=\"elementor elementor-9874\" data-elementor-settings=\"[]\">\n\t\t\t\t\t\t<div class=\"elementor-inner\">\n\t\t\t\t\t\t\t<div class=\"elementor-section-wrap\">\n\t\t\t\t\t\t\t<section class=\"elementor-section elementor-top-section elementor-element elementor-element-84f01e8 elementor-section-boxed elementor-section-height-default elementor-section-height-default\" data-id=\"84f01e8\" data-element_type=\"section\">\n\t\t\t\t\t\t<div class=\"elementor-container elementor-column-gap-default\">\n\t\t\t\t\t\t\t<div class=\"elementor-row\">\n\t\t\t\t\t<div class=\"elementor-column elementor-col-33 elementor-top-column elementor-element elementor-element-305150d\" data-id=\"305150d\" data-element_type=\"column\">\n\t\t\t<div class=\"elementor-column-wrap\">\n\t\t\t\t\t\t\t<div class=\"elementor-widget-wrap\">\n\t\t\t\t\t\t\t\t<\/div>\n\t\t\t\t\t<\/div>\n\t\t<\/div>\n\t\t\t\t<div class=\"elementor-column elementor-col-33 elementor-top-column elementor-element elementor-element-9e5f085\" data-id=\"9e5f085\" data-element_type=\"column\">\n\t\t\t<div class=\"elementor-column-wrap elementor-element-populated\">\n\t\t\t\t\t\t\t<div class=\"elementor-widget-wrap\">\n\t\t\t\t\t\t<div class=\"elementor-element elementor-element-6757e6b elementor-widget elementor-widget-text-editor\" data-id=\"6757e6b\" data-element_type=\"widget\" data-widget_type=\"text-editor.default\">\n\t\t\t\t<div class=\"elementor-widget-container\">\n\t\t\t\t\t\t\t\t<div class=\"elementor-text-editor elementor-clearfix\">\n\t\t\t\t\t<h4 style=\"text-align: center;\"><strong>Sesi\u00f3n informativa: <\/strong><span style=\"color: #ff0000;\"><strong>Viernes 13 de mayo de 2022<\/strong><\/span><\/h4><p style=\"text-align: center;\"><a style=\"font-family: var( --e-global-typography-text-font-family ), Sans-serif; font-weight: var( --e-global-typography-text-font-weight ); background-color: #ffffff; text-align: left;\" href=\"https:\/\/youtu.be\/fbn_WCECK_0\" target=\"_blank\" rel=\"noopener\">acceso a la grabaci\u00f3n<\/a>\u00a0<\/p>\t\t\t\t\t<\/div>\n\t\t\t\t\t\t<\/div>\n\t\t\t\t<\/div>\n\t\t\t\t\t\t<\/div>\n\t\t\t\t\t<\/div>\n\t\t<\/div>\n\t\t\t\t<div class=\"elementor-column elementor-col-33 elementor-top-column elementor-element elementor-element-fa4acca\" data-id=\"fa4acca\" data-element_type=\"column\">\n\t\t\t<div class=\"elementor-column-wrap\">\n\t\t\t\t\t\t\t<div class=\"elementor-widget-wrap\">\n\t\t\t\t\t\t\t\t<\/div>\n\t\t\t\t\t<\/div>\n\t\t<\/div>\n\t\t\t\t\t\t\t\t<\/div>\n\t\t\t\t\t<\/div>\n\t\t<\/section>\n\t\t\t\t<section class=\"elementor-section elementor-top-section elementor-element elementor-element-2bf8f996 elementor-section-boxed elementor-section-height-default elementor-section-height-default\" data-id=\"2bf8f996\" data-element_type=\"section\">\n\t\t\t\t\t\t<div class=\"elementor-container elementor-column-gap-default\">\n\t\t\t\t\t\t\t<div class=\"elementor-row\">\n\t\t\t\t\t<div class=\"elementor-column elementor-col-100 elementor-top-column elementor-element elementor-element-4c7b1ab5\" data-id=\"4c7b1ab5\" data-element_type=\"column\">\n\t\t\t<div class=\"elementor-column-wrap elementor-element-populated\">\n\t\t\t\t\t\t\t<div class=\"elementor-widget-wrap\">\n\t\t\t\t\t\t<div class=\"elementor-element elementor-element-83820e4 elementor-widget elementor-widget-text-editor\" data-id=\"83820e4\" data-element_type=\"widget\" data-widget_type=\"text-editor.default\">\n\t\t\t\t<div class=\"elementor-widget-container\">\n\t\t\t\t\t\t\t\t<div class=\"elementor-text-editor elementor-clearfix\">\n\t\t\t\t\t<p>Las dos expresiones de moda en el mundo de las nuevas tecnolog\u00edas son: <strong>Inteligencia Artificial<\/strong>\u00a0 y <strong>Big Data<\/strong>.<\/p>\t\t\t\t\t<\/div>\n\t\t\t\t\t\t<\/div>\n\t\t\t\t<\/div>\n\t\t\t\t\t\t<\/div>\n\t\t\t\t\t<\/div>\n\t\t<\/div>\n\t\t\t\t\t\t\t\t<\/div>\n\t\t\t\t\t<\/div>\n\t\t<\/section>\n\t\t\t\t<section class=\"elementor-section elementor-top-section elementor-element elementor-element-394022f elementor-section-boxed elementor-section-height-default elementor-section-height-default\" data-id=\"394022f\" data-element_type=\"section\">\n\t\t\t\t\t\t<div class=\"elementor-container elementor-column-gap-default\">\n\t\t\t\t\t\t\t<div class=\"elementor-row\">\n\t\t\t\t\t<div class=\"elementor-column elementor-col-50 elementor-top-column elementor-element elementor-element-961aa95\" data-id=\"961aa95\" data-element_type=\"column\">\n\t\t\t<div class=\"elementor-column-wrap elementor-element-populated\">\n\t\t\t\t\t\t\t<div class=\"elementor-widget-wrap\">\n\t\t\t\t\t\t<div class=\"elementor-element elementor-element-a1749c5 elementor-widget elementor-widget-text-editor\" data-id=\"a1749c5\" data-element_type=\"widget\" data-widget_type=\"text-editor.default\">\n\t\t\t\t<div class=\"elementor-widget-container\">\n\t\t\t\t\t\t\t\t<div class=\"elementor-text-editor elementor-clearfix\">\n\t\t\t\t\t<p><strong>Cient\u00edficos de datos: una profesi\u00f3n cada vez m\u00e1s necesaria<\/strong><\/p><p>Seg\u00fan el informe de Empleos Emergentes desarrollado por Linkedin, los especialistas en inteligencia artificial son el perfil profesional con m\u00e1s crecimiento en Espa\u00f1a, con un\u00a0<strong>aumento de casi el 76%<\/strong>\u00a0en 2020.<\/p><p>Es el primer curso de especializaci\u00f3n de estas caracter\u00edsticas que se va a realizar en Espa\u00f1a. Conlleva una carga lectiva de\u00a0<strong>600 horas, se impartir\u00e1 presencialmente por la tarde<\/strong>\u00a0y en \u00e9l se estudiar\u00e1n materias como Programaci\u00f3n de Inteligencia Artificial, Sistemas de Big Data y Big Data Aplicado, entre otras.<\/p>\t\t\t\t\t<\/div>\n\t\t\t\t\t\t<\/div>\n\t\t\t\t<\/div>\n\t\t\t\t\t\t<\/div>\n\t\t\t\t\t<\/div>\n\t\t<\/div>\n\t\t\t\t<div class=\"elementor-column elementor-col-50 elementor-top-column elementor-element elementor-element-9556807\" data-id=\"9556807\" data-element_type=\"column\">\n\t\t\t<div class=\"elementor-column-wrap elementor-element-populated\">\n\t\t\t\t\t\t\t<div class=\"elementor-widget-wrap\">\n\t\t\t\t\t\t<div class=\"elementor-element elementor-element-7ccada7 elementor-aspect-ratio-43 elementor-widget elementor-widget-video\" data-id=\"7ccada7\" data-element_type=\"widget\" data-settings=\"{&quot;youtube_url&quot;:&quot;https:\\\/\\\/youtu.be\\\/nTjP15w18DM&quot;,&quot;aspect_ratio&quot;:&quot;43&quot;,&quot;video_type&quot;:&quot;youtube&quot;,&quot;controls&quot;:&quot;yes&quot;}\" data-widget_type=\"video.default\">\n\t\t\t\t<div class=\"elementor-widget-container\">\n\t\t\t\t\t<div class=\"elementor-wrapper elementor-fit-aspect-ratio elementor-open-inline\">\n\t\t\t<div class=\"elementor-video\"><\/div>\t\t<\/div>\n\t\t\t\t<\/div>\n\t\t\t\t<\/div>\n\t\t\t\t\t\t<\/div>\n\t\t\t\t\t<\/div>\n\t\t<\/div>\n\t\t\t\t\t\t\t\t<\/div>\n\t\t\t\t\t<\/div>\n\t\t<\/section>\n\t\t\t\t<section class=\"elementor-section elementor-top-section elementor-element elementor-element-0310c3f elementor-section-boxed elementor-section-height-default elementor-section-height-default\" data-id=\"0310c3f\" data-element_type=\"section\">\n\t\t\t\t\t\t<div class=\"elementor-container elementor-column-gap-default\">\n\t\t\t\t\t\t\t<div class=\"elementor-row\">\n\t\t\t\t\t<div class=\"elementor-column elementor-col-33 elementor-top-column elementor-element elementor-element-07a5730\" data-id=\"07a5730\" data-element_type=\"column\">\n\t\t\t<div class=\"elementor-column-wrap\">\n\t\t\t\t\t\t\t<div class=\"elementor-widget-wrap\">\n\t\t\t\t\t\t\t\t<\/div>\n\t\t\t\t\t<\/div>\n\t\t<\/div>\n\t\t\t\t<div class=\"elementor-column elementor-col-33 elementor-top-column elementor-element elementor-element-eb74b7d\" data-id=\"eb74b7d\" data-element_type=\"column\">\n\t\t\t<div class=\"elementor-column-wrap elementor-element-populated\">\n\t\t\t\t\t\t\t<div class=\"elementor-widget-wrap\">\n\t\t\t\t\t\t<div class=\"elementor-element elementor-element-1bcc035 elementor-widget elementor-widget-accordion\" data-id=\"1bcc035\" data-element_type=\"widget\" data-widget_type=\"accordion.default\">\n\t\t\t\t<div class=\"elementor-widget-container\">\n\t\t\t\t\t<div class=\"elementor-accordion\" role=\"tablist\">\n\t\t\t\t\t\t\t<div class=\"elementor-accordion-item\">\n\t\t\t\t\t<h4 id=\"elementor-tab-title-2911\" class=\"elementor-tab-title\" data-tab=\"1\" role=\"tab\" aria-controls=\"elementor-tab-content-2911\" aria-expanded=\"false\">\n\t\t\t\t\t\t\t\t\t\t\t\t\t<span class=\"elementor-accordion-icon elementor-accordion-icon-left\" aria-hidden=\"true\">\n\t\t\t\t\t\t\t\t\t\t\t\t\t\t\t<span class=\"elementor-accordion-icon-closed\"><i class=\"fas fa-angle-down\"><\/i><\/span>\n\t\t\t\t\t\t\t\t<span class=\"elementor-accordion-icon-opened\"><i class=\"fas fa-angle-right\"><\/i><\/span>\n\t\t\t\t\t\t\t\t\t\t\t\t\t\t<\/span>\n\t\t\t\t\t\t\t\t\t\t\t\t<a class=\"elementor-accordion-title\" href=\"\">\u00bfDonde encuentro la inteligencia artificial?<\/a>\n\t\t\t\t\t<\/h4>\n\t\t\t\t\t<div id=\"elementor-tab-content-2911\" class=\"elementor-tab-content elementor-clearfix\" data-tab=\"1\" role=\"tabpanel\" aria-labelledby=\"elementor-tab-title-2911\"><ul><li>En la <i>prevenci\u00f3n del fraude<\/i>, detectando eventos que pudieran indicar actividades fraudulentas.<\/li><li>Analizando los datos en tiempo real para <i>mejorar el rendimiento<\/i> de un equipo deportivo.<\/li><li>Ayudando a <i>mejorar la productividad<\/i> de las empresas.<\/li><li>Construyendo rutas \u00f3ptimas para <i>ahorro de costes\u00a0<\/i>en las empresa de log\u00edstica<\/li><li>Recomendando cu\u00e1l es la <i>siguiente canci\u00f3n que puede alguien escuchar<\/i>, como ocurre con Spotify, o el\u00a0<i>siguiente v\u00eddeo que podr\u00eda ver<\/i>, como hace YouTube<\/li><li>Contribuyendo a la <i>cura de enfermedades<\/i>\u00a0sin soluci\u00f3n actualmente<\/li><\/ul><\/div>\n\t\t\t\t<\/div>\n\t\t\t\t\t\t\t<div class=\"elementor-accordion-item\">\n\t\t\t\t\t<h4 id=\"elementor-tab-title-2912\" class=\"elementor-tab-title\" data-tab=\"2\" role=\"tab\" aria-controls=\"elementor-tab-content-2912\" aria-expanded=\"false\">\n\t\t\t\t\t\t\t\t\t\t\t\t\t<span class=\"elementor-accordion-icon elementor-accordion-icon-left\" aria-hidden=\"true\">\n\t\t\t\t\t\t\t\t\t\t\t\t\t\t\t<span class=\"elementor-accordion-icon-closed\"><i class=\"fas fa-angle-down\"><\/i><\/span>\n\t\t\t\t\t\t\t\t<span class=\"elementor-accordion-icon-opened\"><i class=\"fas fa-angle-right\"><\/i><\/span>\n\t\t\t\t\t\t\t\t\t\t\t\t\t\t<\/span>\n\t\t\t\t\t\t\t\t\t\t\t\t<a class=\"elementor-accordion-title\" href=\"\">\u00bfC\u00f3mo?<\/a>\n\t\t\t\t\t<\/h4>\n\t\t\t\t\t<div id=\"elementor-tab-content-2912\" class=\"elementor-tab-content elementor-clearfix\" data-tab=\"2\" role=\"tabpanel\" aria-labelledby=\"elementor-tab-title-2912\"><p>Muy sencillo. En el CIPFP Mislata te ofrecemos, como primer centro en la provincia de Valencia,\u00a0 el\u00a0<strong>curso de Especializaci\u00f3n en Inteligencia Artificial y Big Data,<\/strong>\u00a0en el que recibir\u00e1s la formaci\u00f3n necesaria para convertirte en t\u00e9cnico de ciencias de datos, una de las profesiones con mayor demanda laboral del momento y gran proyecci\u00f3n de futuro.<\/p><p>Los profesionales especializados en la recogida de datos sobre el internauta y en la creaci\u00f3n de sistemas inteligentes que gestionen esos datos, son el perfil profesional con m\u00e1s empleabilidad hoy en d\u00eda.\u00a0<\/p><\/div>\n\t\t\t\t<\/div>\n\t\t\t\t\t\t\t<div class=\"elementor-accordion-item\">\n\t\t\t\t\t<h4 id=\"elementor-tab-title-2913\" class=\"elementor-tab-title\" data-tab=\"3\" role=\"tab\" aria-controls=\"elementor-tab-content-2913\" aria-expanded=\"false\">\n\t\t\t\t\t\t\t\t\t\t\t\t\t<span class=\"elementor-accordion-icon elementor-accordion-icon-left\" aria-hidden=\"true\">\n\t\t\t\t\t\t\t\t\t\t\t\t\t\t\t<span class=\"elementor-accordion-icon-closed\"><i class=\"fas fa-angle-down\"><\/i><\/span>\n\t\t\t\t\t\t\t\t<span class=\"elementor-accordion-icon-opened\"><i class=\"fas fa-angle-right\"><\/i><\/span>\n\t\t\t\t\t\t\t\t\t\t\t\t\t\t<\/span>\n\t\t\t\t\t\t\t\t\t\t\t\t<a class=\"elementor-accordion-title\" href=\"\">\u00bfQu\u00e9 necesito?<\/a>\n\t\t\t\t\t<\/h4>\n\t\t\t\t\t<div id=\"elementor-tab-content-2913\" class=\"elementor-tab-content elementor-clearfix\" data-tab=\"3\" role=\"tabpanel\" aria-labelledby=\"elementor-tab-title-2913\"><p>Pese a que el acceso a este curso de especializaci\u00f3n est\u00e1 en principio abierto a estudiantes titulados en ciclos formativos de grado superior en campos que van desde la rob\u00f3tica, pasando por la electr\u00f3nica hasta aquellos que proceden de Inform\u00e1tica,\u00a0<span style=\"text-decoration: underline;\">recomendamos que el estudiante cuente con una m\u00ednima base<\/span>\u00a0en las siguientes \u00e1reas de conocimiento inform\u00e1tico:<\/p><ul><li><i><strong>Base de datos<\/strong>\u00a0(preferentemente lenguaje SQL)<\/i><\/li><li><i><strong>Programaci\u00f3n<\/strong>\u00a0(preferente aunque no exclusivamente lenguaje Python)<\/i><\/li><\/ul><\/div>\n\t\t\t\t<\/div>\n\t\t\t\t\t\t\t<div class=\"elementor-accordion-item\">\n\t\t\t\t\t<h4 id=\"elementor-tab-title-2914\" class=\"elementor-tab-title\" data-tab=\"4\" role=\"tab\" aria-controls=\"elementor-tab-content-2914\" aria-expanded=\"false\">\n\t\t\t\t\t\t\t\t\t\t\t\t\t<span class=\"elementor-accordion-icon elementor-accordion-icon-left\" aria-hidden=\"true\">\n\t\t\t\t\t\t\t\t\t\t\t\t\t\t\t<span class=\"elementor-accordion-icon-closed\"><i class=\"fas fa-angle-down\"><\/i><\/span>\n\t\t\t\t\t\t\t\t<span class=\"elementor-accordion-icon-opened\"><i class=\"fas fa-angle-right\"><\/i><\/span>\n\t\t\t\t\t\t\t\t\t\t\t\t\t\t<\/span>\n\t\t\t\t\t\t\t\t\t\t\t\t<a class=\"elementor-accordion-title\" href=\"\">\u00bfQu\u00e9 ser\u00e9 capaz de hacer?<\/a>\n\t\t\t\t\t<\/h4>\n\t\t\t\t\t<div id=\"elementor-tab-content-2914\" class=\"elementor-tab-content elementor-clearfix\" data-tab=\"4\" role=\"tabpanel\" aria-labelledby=\"elementor-tab-title-2914\"><ul><li>Aplicar sistemas de Inteligencia Artificial para identificar nuevas formas de interacci\u00f3n en los negocios que mejoren la productividad.<\/li><li>Desarrollar e implementar sistemas de Inteligencia Artificial que faciliten la toma de decisiones \u00e1giles dentro de un negocio gestionando y explotando datos masivos.<\/li><li>Gestionar la transformaci\u00f3n digital necesaria en las organizaciones para la consecuci\u00f3n de la eficiencia empresarial mediante el tratamiento de datos.<\/li><li>Aplicar Inteligencia Artificial en funcionalidades, procesos y sistemas de decisi\u00f3n empresariales.<\/li><li>Gestionar los distintos tipos de Inteligencia Artificial para la consecuci\u00f3n de transformaci\u00f3n y cambio en las empresas.<\/li><li>Administrar el desarrollo de procesos automatizados que permitan la mejora de la productividad de las empresas.<\/li><li>Optimizar el desarrollo de procesos aut\u00f3nomos empleando herramientas de Inteligencia Artificial.<\/li><li>Integrar sistemas de explotaci\u00f3n de grandes vol\u00famenes de datos aplicando soluciones de Big Data.<\/li><li>Implantar las funcionalidades, procesos y sistemas de decisiones empresariales aplicando t\u00e9cnicas de Big Data en ellos.<\/li><li>Ejecutar el sistema de explotaci\u00f3n de datos seg\u00fan las necesidades de uso y las condiciones de seguridad establecidas asegurando el cumplimiento de los principios legales y \u00e9ticos.<\/li><li>Configurar las herramientas que se usan para construir soluciones Big Data y de Inteligencia Artificial.<\/li><li>Gestionar de manera eficiente los datos, la informaci\u00f3n y su representaci\u00f3n para transformarlos en conocimiento<\/li><\/ul><\/div>\n\t\t\t\t<\/div>\n\t\t\t\t\t\t\t<div class=\"elementor-accordion-item\">\n\t\t\t\t\t<h4 id=\"elementor-tab-title-2915\" class=\"elementor-tab-title\" data-tab=\"5\" role=\"tab\" aria-controls=\"elementor-tab-content-2915\" aria-expanded=\"false\">\n\t\t\t\t\t\t\t\t\t\t\t\t\t<span class=\"elementor-accordion-icon elementor-accordion-icon-left\" aria-hidden=\"true\">\n\t\t\t\t\t\t\t\t\t\t\t\t\t\t\t<span class=\"elementor-accordion-icon-closed\"><i class=\"fas fa-angle-down\"><\/i><\/span>\n\t\t\t\t\t\t\t\t<span class=\"elementor-accordion-icon-opened\"><i class=\"fas fa-angle-right\"><\/i><\/span>\n\t\t\t\t\t\t\t\t\t\t\t\t\t\t<\/span>\n\t\t\t\t\t\t\t\t\t\t\t\t<a class=\"elementor-accordion-title\" href=\"\">\u00bfQu\u00e9 t\u00edtulos me dan acceso?<\/a>\n\t\t\t\t\t<\/h4>\n\t\t\t\t\t<div id=\"elementor-tab-content-2915\" class=\"elementor-tab-content elementor-clearfix\" data-tab=\"5\" role=\"tabpanel\" aria-labelledby=\"elementor-tab-title-2915\"><ul><li>T\u00e9cnico Superior en Administraci\u00f3n de Sistemas Inform\u00e1ticos en Red.<\/li><li>T\u00e9cnico Superior en Desarrollo de Aplicaciones Multiplataforma.<\/li><li>T\u00e9cnico Superior en Desarrollo de Aplicaciones Web.<\/li><li>T\u00e9cnico Superior en Sistemas de Telecomunicaciones e Inform\u00e1ticos.<\/li><li>T\u00edtulo de T\u00e9cnico Superior en Mecatr\u00f3nica Industrial.<\/li><li>T\u00edtulo de T\u00e9cnico Superior en Automatizaci\u00f3n y Rob\u00f3tica Industrial.<\/li><\/ul><\/div>\n\t\t\t\t<\/div>\n\t\t\t\t\t\t\t\t<\/div>\n\t\t\t\t<\/div>\n\t\t\t\t<\/div>\n\t\t\t\t\t\t<\/div>\n\t\t\t\t\t<\/div>\n\t\t<\/div>\n\t\t\t\t<div class=\"elementor-column elementor-col-33 elementor-top-column elementor-element elementor-element-596b896\" data-id=\"596b896\" data-element_type=\"column\">\n\t\t\t<div class=\"elementor-column-wrap\">\n\t\t\t\t\t\t\t<div class=\"elementor-widget-wrap\">\n\t\t\t\t\t\t\t\t<\/div>\n\t\t\t\t\t<\/div>\n\t\t<\/div>\n\t\t\t\t\t\t\t\t<\/div>\n\t\t\t\t\t<\/div>\n\t\t<\/section>\n\t\t\t\t<section class=\"elementor-section elementor-top-section elementor-element elementor-element-beb8b51 elementor-section-boxed elementor-section-height-default elementor-section-height-default\" data-id=\"beb8b51\" data-element_type=\"section\">\n\t\t\t\t\t\t<div class=\"elementor-container elementor-column-gap-default\">\n\t\t\t\t\t\t\t<div class=\"elementor-row\">\n\t\t\t\t\t<div class=\"elementor-column elementor-col-100 elementor-top-column elementor-element elementor-element-f03baa2\" data-id=\"f03baa2\" data-element_type=\"column\">\n\t\t\t<div class=\"elementor-column-wrap elementor-element-populated\">\n\t\t\t\t\t\t\t<div class=\"elementor-widget-wrap\">\n\t\t\t\t\t\t<div class=\"elementor-element elementor-element-f1bc4f9 elementor-aspect-ratio-169 elementor-widget elementor-widget-video\" data-id=\"f1bc4f9\" data-element_type=\"widget\" data-settings=\"{&quot;youtube_url&quot;:&quot;https:\\\/\\\/www.youtube.com\\\/watch?v=rbIWXuv0bbo&quot;,&quot;video_type&quot;:&quot;youtube&quot;,&quot;controls&quot;:&quot;yes&quot;,&quot;aspect_ratio&quot;:&quot;169&quot;}\" data-widget_type=\"video.default\">\n\t\t\t\t<div class=\"elementor-widget-container\">\n\t\t\t\t\t<div class=\"elementor-wrapper elementor-fit-aspect-ratio elementor-open-inline\">\n\t\t\t<div class=\"elementor-video\"><\/div>\t\t<\/div>\n\t\t\t\t<\/div>\n\t\t\t\t<\/div>\n\t\t\t\t\t\t<\/div>\n\t\t\t\t\t<\/div>\n\t\t<\/div>\n\t\t\t\t\t\t\t\t<\/div>\n\t\t\t\t\t<\/div>\n\t\t<\/section>\n\t\t\t\t<section class=\"elementor-section elementor-top-section elementor-element elementor-element-dfbc5d8 elementor-section-boxed elementor-section-height-default elementor-section-height-default\" data-id=\"dfbc5d8\" data-element_type=\"section\">\n\t\t\t\t\t\t<div class=\"elementor-container elementor-column-gap-default\">\n\t\t\t\t\t\t\t<div class=\"elementor-row\">\n\t\t\t\t\t<div class=\"elementor-column elementor-col-100 elementor-top-column elementor-element elementor-element-e7446f1\" data-id=\"e7446f1\" data-element_type=\"column\">\n\t\t\t<div class=\"elementor-column-wrap elementor-element-populated\">\n\t\t\t\t\t\t\t<div class=\"elementor-widget-wrap\">\n\t\t\t\t\t\t<div class=\"elementor-element elementor-element-f0d84d9 elementor-widget elementor-widget-text-editor\" data-id=\"f0d84d9\" data-element_type=\"widget\" data-widget_type=\"text-editor.default\">\n\t\t\t\t<div class=\"elementor-widget-container\">\n\t\t\t\t\t\t\t\t<div class=\"elementor-text-editor elementor-clearfix\">\n\t\t\t\t\t<p><strong style=\"color: var( --e-global-color-text );\">\u00a0<\/strong><\/p><p style=\"text-align: center;\"><b>Recuerda preinscribirte en los plazos establecidos<\/b><\/p><p style=\"text-align: center;\">\u00a0<\/p><p style=\"text-align: center;\"><span style=\"color: #ff0000;\"><strong><span style=\"font-size: 14pt;\">\u00a1Te esperamos!\u00a0<\/span><\/strong><\/span><\/p>\t\t\t\t\t<\/div>\n\t\t\t\t\t\t<\/div>\n\t\t\t\t<\/div>\n\t\t\t\t\t\t<\/div>\n\t\t\t\t\t<\/div>\n\t\t<\/div>\n\t\t\t\t\t\t\t\t<\/div>\n\t\t\t\t\t<\/div>\n\t\t<\/section>\n\t\t\t\t<section class=\"elementor-section elementor-top-section elementor-element elementor-element-b84b3f7 elementor-section-boxed elementor-section-height-default elementor-section-height-default\" data-id=\"b84b3f7\" data-element_type=\"section\">\n\t\t\t\t\t\t<div class=\"elementor-container elementor-column-gap-default\">\n\t\t\t\t\t\t\t<div class=\"elementor-row\">\n\t\t\t\t\t<div class=\"elementor-column elementor-col-25 elementor-top-column elementor-element elementor-element-1910b6e\" data-id=\"1910b6e\" data-element_type=\"column\">\n\t\t\t<div class=\"elementor-column-wrap\">\n\t\t\t\t\t\t\t<div class=\"elementor-widget-wrap\">\n\t\t\t\t\t\t\t\t<\/div>\n\t\t\t\t\t<\/div>\n\t\t<\/div>\n\t\t\t\t<div class=\"elementor-column elementor-col-50 elementor-top-column elementor-element elementor-element-cfd320d\" data-id=\"cfd320d\" data-element_type=\"column\">\n\t\t\t<div class=\"elementor-column-wrap elementor-element-populated\">\n\t\t\t\t\t\t\t<div class=\"elementor-widget-wrap\">\n\t\t\t\t\t\t<div class=\"elementor-element elementor-element-35911a9 elementor-widget elementor-widget-image\" data-id=\"35911a9\" data-element_type=\"widget\" data-widget_type=\"image.default\">\n\t\t\t\t<div class=\"elementor-widget-container\">\n\t\t\t\t\t\t\t\t<div class=\"elementor-image\">\n\t\t\t\t\t\t\t\t\t\t\t\t\t<a href=\"https:\/\/www.fpmislata.com\/wordpress\/secretaria\/proceso-admision-informacion\/informacion-cursos-especializacion\/\">\n\t\t\t\t\t\t\t<img width=\"640\" height=\"243\" src=\"data:image\/gif;base64,R0lGODlhAQABAAAAACH5BAEKAAEALAAAAAABAAEAAAICTAEAOw==\" class=\"attachment-large size-large lazyload\" alt=\"\" loading=\"lazy\" sizes=\"(max-width: 640px) 100vw, 640px\" data-src=\"https:\/\/www.fpmislata.com\/wordpress\/wp-content\/uploads\/Preinscripci\u00f3n-Gral-800x304.png\" data-srcset=\"https:\/\/www.fpmislata.com\/wordpress\/wp-content\/uploads\/Preinscripci\u00f3n-Gral-800x304.png 800w, https:\/\/www.fpmislata.com\/wordpress\/wp-content\/uploads\/Preinscripci\u00f3n-Gral-300x114.png 300w, https:\/\/www.fpmislata.com\/wordpress\/wp-content\/uploads\/Preinscripci\u00f3n-Gral-768x292.png 768w, https:\/\/www.fpmislata.com\/wordpress\/wp-content\/uploads\/Preinscripci\u00f3n-Gral.png 820w\">\t\t\t\t\t\t\t\t<\/a>\n\t\t\t\t\t\t\t\t\t\t\t\t\t\t<\/div>\n\t\t\t\t\t\t<\/div>\n\t\t\t\t<\/div>\n\t\t\t\t\t\t<\/div>\n\t\t\t\t\t<\/div>\n\t\t<\/div>\n\t\t\t\t<div class=\"elementor-column elementor-col-25 elementor-top-column elementor-element elementor-element-1429138\" data-id=\"1429138\" data-element_type=\"column\">\n\t\t\t<div class=\"elementor-column-wrap\">\n\t\t\t\t\t\t\t<div class=\"elementor-widget-wrap\">\n\t\t\t\t\t\t\t\t<\/div>\n\t\t\t\t\t<\/div>\n\t\t<\/div>\n\t\t\t\t\t\t\t\t<\/div>\n\t\t\t\t\t<\/div>\n\t\t<\/section>\n\t\t\t\t\t\t<\/div>\n\t\t\t\t\t\t<\/div>\n\t\t\t\t\t<\/div>\n\t\t","protected":false},"excerpt":{"rendered":"<p>Sesi\u00f3n informativa: Viernes 13 de mayo de 2022 acceso a la grabaci\u00f3n\u00a0 Las dos expresiones de moda en el mundo de las nuevas tecnolog\u00edas son: Inteligencia Artificial\u00a0 y Big Data. Cient\u00edficos de datos: una profesi\u00f3n cada vez m\u00e1s necesaria Seg\u00fan el informe de Empleos Emergentes desarrollado por Linkedin, los especialistas en inteligencia artificial son el&hellip;<\/p>\n","protected":false},"author":3,"featured_media":7291,"parent":0,"menu_order":0,"comment_status":"closed","ping_status":"closed","template":"","meta":{"ngg_post_thumbnail":0},"_links":{"self":[{"href":"https:\/\/www.fpmislata.com\/wordpress\/wp-json\/wp\/v2\/pages\/9874"}],"collection":[{"href":"https:\/\/www.fpmislata.com\/wordpress\/wp-json\/wp\/v2\/pages"}],"about":[{"href":"https:\/\/www.fpmislata.com\/wordpress\/wp-json\/wp\/v2\/types\/page"}],"author":[{"embeddable":true,"href":"https:\/\/www.fpmislata.com\/wordpress\/wp-json\/wp\/v2\/users\/3"}],"replies":[{"embeddable":true,"href":"https:\/\/www.fpmislata.com\/wordpress\/wp-json\/wp\/v2\/comments?post=9874"}],"version-history":[{"count":30,"href":"https:\/\/www.fpmislata.com\/wordpress\/wp-json\/wp\/v2\/pages\/9874\/revisions"}],"predecessor-version":[{"id":14172,"href":"https:\/\/www.fpmislata.com\/wordpress\/wp-json\/wp\/v2\/pages\/9874\/revisions\/14172"}],"wp:featuredmedia":[{"embeddable":true,"href":"https:\/\/www.fpmislata.com\/wordpress\/wp-json\/wp\/v2\/media\/7291"}],"wp:attachment":[{"href":"https:\/\/www.fpmislata.com\/wordpress\/wp-json\/wp\/v2\/media?parent=9874"}],"curies":[{"name":"wp","href":"https:\/\/api.w.org\/{rel}","templated":true}]}}